{"id":6069,"date":"2023-03-10T11:00:47","date_gmt":"2023-03-10T17:00:47","guid":{"rendered":"https:\/\/myvitaminss.com\/?post_type=product&#038;p=6069"},"modified":"2024-01-16T14:03:12","modified_gmt":"2024-01-16T20:03:12","slug":"finadol-mujer","status":"publish","type":"product","link":"https:\/\/myvitaminss.com\/index.php\/producto\/finadol-mujer\/","title":{"rendered":"FINADOL MUJER"},"content":{"rendered":"<h4 style=\"text-align: center;\">Los componentes de <span style=\"color: #ff99cc;\">Finadol mujer<\/span> son:<\/h4>\n<ul style=\"text-align: center;\">\n<li>\n<h4>Paracetamol:\u00a0500 mg<\/h4>\n<\/li>\n<li>\n<h4>Diclofenaco:\u00a050 mg<\/h4>\n<\/li>\n<\/ul>\n<h4 style=\"text-align: center;\">El <strong>paracetamol<\/strong> es un analg\u00e9sico y antipir\u00e9tico que act\u00faa inhibiendo la s\u00edntesis de prostaglandinas, sustancias que participan en la transmisi\u00f3n del dolor y la fiebre.<\/h4>\n<h4 style=\"text-align: center;\" data-sourcepos=\"24:1-24:158\">El <strong>diclofenaco<\/strong> es un antiinflamatorio no esteroideo (AINE) que tambi\u00e9n act\u00faa inhibiendo la s\u00edntesis de prostaglandinas, pero adem\u00e1s reduce la inflamaci\u00f3n.<\/h4>\n","protected":false},"excerpt":{"rendered":"<h4 style=\"text-align: center;\"><span style=\"color: #ff99cc;\"><em>\u00a1Dile adi\u00f3s a los dolores menstruales con Finadol Mujer!<\/em><\/span><\/h4>\n<h4 style=\"text-align: center;\"><span style=\"color: #ff99cc;\"><em>100 Tabletas &#8211; 50 sobres<\/em><\/span><\/h4>\n<h4 style=\"text-align: center;\"><span style=\"color: #ff99cc;\"><em>INDICACIONES:<\/em><\/span><\/h4>\n<h4 style=\"text-align: center;\"><span style=\"color: #ff99cc;\">Finadol mujer<\/span> est\u00e1 indicado para el tratamiento de los siguientes trastornos en mujeres:<\/h4>\n<h4 style=\"text-align: center;\">Dolor de cabeza, dolor de muelas, dolor de espalda, dolor muscular, dolor articular, dolor menstrual, dolor de o\u00eddo, dolor de garganta.<\/h4>\n<h4 style=\"text-align: center;\">Fiebre.<\/h4>\n<h4 style=\"text-align: center;\"><span style=\"color: #ff99cc;\">Finadol mujer<\/span> se presenta en forma de comprimidos recubiertos. La dosis recomendada es de un comprimido cada 6-8 horas, sin exceder los 4 comprimidos al d\u00eda.<\/h4>\n<h4 style=\"text-align: center;\">Si est\u00e1 embarazada o en periodo de lactancia, consulte con su m\u00e9dico antes de tomar <span style=\"color: #ff99cc;\"><strong>Finadol mujer<\/strong><\/span>.<\/h4>\n","protected":false},"featured_media":6153,"comment_status":"open","ping_status":"closed","template":"","meta":{"_kad_post_transparent":"","_kad_post_title":"","_kad_post_layout":"","_kad_post_sidebar_id":"","_kad_post_content_style":"","_kad_post_vertical_padding":"","_kad_post_feature":"","_kad_post_feature_position":"","_kad_post_header":false,"_kad_post_footer":false,"_kad_post_classname":""},"product_brand":[],"product_cat":[282],"product_tag":[1583,201,519,1330,288,1581],"class_list":{"0":"post-6069","1":"product","2":"type-product","3":"status-publish","4":"has-post-thumbnail","6":"product_cat-tabletas","7":"product_tag-colicos","8":"product_tag-dolor-de-cabeza","9":"product_tag-dolor-e-inflamacion","10":"product_tag-dolores-menstruales","11":"product_tag-fiebre","12":"product_tag-tabletas","14":"first","15":"instock","16":"shipping-taxable","17":"purchasable","18":"product-type-simple","19":"entry","20":"content-bg","21":"loop-entry"},"_links":{"self":[{"href":"https:\/\/myvitaminss.com\/index.php\/wp-json\/wp\/v2\/product\/6069","targetHints":{"allow":["GET"]}}],"collection":[{"href":"https:\/\/myvitaminss.com\/index.php\/wp-json\/wp\/v2\/product"}],"about":[{"href":"https:\/\/myvitaminss.com\/index.php\/wp-json\/wp\/v2\/types\/product"}],"replies":[{"embeddable":true,"href":"https:\/\/myvitaminss.com\/index.php\/wp-json\/wp\/v2\/comments?post=6069"}],"wp:featuredmedia":[{"embeddable":true,"href":"https:\/\/myvitaminss.com\/index.php\/wp-json\/wp\/v2\/media\/6153"}],"wp:attachment":[{"href":"https:\/\/myvitaminss.com\/index.php\/wp-json\/wp\/v2\/media?parent=6069"}],"wp:term":[{"taxonomy":"product_brand","embeddable":true,"href":"https:\/\/myvitaminss.com\/index.php\/wp-json\/wp\/v2\/product_brand?post=6069"},{"taxonomy":"product_cat","embeddable":true,"href":"https:\/\/myvitaminss.com\/index.php\/wp-json\/wp\/v2\/product_cat?post=6069"},{"taxonomy":"product_tag","embeddable":true,"href":"https:\/\/myvitaminss.com\/index.php\/wp-json\/wp\/v2\/product_tag?post=6069"}],"curies":[{"name":"wp","href":"https:\/\/api.w.org\/{rel}","templated":true}]}}