{"id":6065,"date":"2023-03-10T10:38:10","date_gmt":"2023-03-10T16:38:10","guid":{"rendered":"https:\/\/myvitaminss.com\/?post_type=product&#038;p=6065"},"modified":"2024-01-16T15:38:49","modified_gmt":"2024-01-16T21:38:49","slug":"novalgina-500-mg-x-100-tabletas","status":"publish","type":"product","link":"https:\/\/myvitaminss.com\/index.php\/producto\/novalgina-500-mg-x-100-tabletas\/","title":{"rendered":"Novalgina 500 mg x 100 tabletas"},"content":{"rendered":"<h4 style=\"text-align: center;\"><span style=\"color: #008000;\"><em><strong>La composici\u00f3n de Novalgina es la siguiente:<\/strong><\/em><\/span><\/h4>\n<ul style=\"text-align: center;\">\n<li>\n<h4><span style=\"color: #008000;\">Principio activo:<\/span>\u00a0metamizol s\u00f3dico monohidratado (dipirona)<\/h4>\n<\/li>\n<li>\n<h4><span style=\"color: #008000;\">Excipientes:<\/span>\u00a0estearato de magnesio, polietilenglicol 4000<\/h4>\n<\/li>\n<\/ul>\n<h4 style=\"text-align: center;\">La dosis de <span style=\"color: #008000;\">Novalgina<\/span> var\u00eda en funci\u00f3n de la edad y la condici\u00f3n del paciente. En general, la dosis recomendada es de 500 mg, una tableta cada 4 a 6 horas, hasta un m\u00e1ximo de 4 tabletas al d\u00eda.<\/h4>\n<h4 style=\"text-align: center;\"><span style=\"color: #008000;\">Novalgina<\/span> est\u00e1 contraindicado en pacientes con alergia a la dipirona o a otros derivados de la pirazolona, insuficiencia renal o hep\u00e1tica graves, anemia apl\u00e1sica o agranulocitosis, y porfiria aguda intermitente.<\/h4>\n","protected":false},"excerpt":{"rendered":"<h4 style=\"text-align: center;\"><span style=\"color: #339966;\">Novalgina<\/span> se utiliza para el tratamiento del dolor leve a moderado, como el dolor de cabeza, dolor muscular, dolor de espalda, dolor dental, dolor menstrual, dolor postoperatorio o postraum\u00e1tico. Tambi\u00e9n se utiliza para el tratamiento de la fiebre.<\/h4>\n","protected":false},"featured_media":6155,"comment_status":"open","ping_status":"closed","template":"","meta":[],"product_cat":[282],"product_tag":[201,1494,1582,1580,1581],"class_list":{"0":"post-6065","1":"product","2":"type-product","3":"status-publish","4":"has-post-thumbnail","6":"product_cat-tabletas","7":"product_tag-dolor-de-cabeza","8":"product_tag-dolor-muscular","9":"product_tag-dolor-post-operatorio-y-traumatico","10":"product_tag-novalgina","11":"product_tag-tabletas","13":"first","14":"instock","15":"shipping-taxable","16":"purchasable","17":"product-type-simple","18":"col-xs-6 col-sm-4","19":"col-md-3 col-lg-3","20":"un-4-cols"},"_links":{"self":[{"href":"https:\/\/myvitaminss.com\/index.php\/wp-json\/wp\/v2\/product\/6065","targetHints":{"allow":["GET"]}}],"collection":[{"href":"https:\/\/myvitaminss.com\/index.php\/wp-json\/wp\/v2\/product"}],"about":[{"href":"https:\/\/myvitaminss.com\/index.php\/wp-json\/wp\/v2\/types\/product"}],"replies":[{"embeddable":true,"href":"https:\/\/myvitaminss.com\/index.php\/wp-json\/wp\/v2\/comments?post=6065"}],"wp:featuredmedia":[{"embeddable":true,"href":"https:\/\/myvitaminss.com\/index.php\/wp-json\/wp\/v2\/media\/6155"}],"wp:attachment":[{"href":"https:\/\/myvitaminss.com\/index.php\/wp-json\/wp\/v2\/media?parent=6065"}],"wp:term":[{"taxonomy":"product_cat","embeddable":true,"href":"https:\/\/myvitaminss.com\/index.php\/wp-json\/wp\/v2\/product_cat?post=6065"},{"taxonomy":"product_tag","embeddable":true,"href":"https:\/\/myvitaminss.com\/index.php\/wp-json\/wp\/v2\/product_tag?post=6065"}],"curies":[{"name":"wp","href":"https:\/\/api.w.org\/{rel}","templated":true}]}}