{"id":6042,"date":"2023-01-10T17:59:42","date_gmt":"2023-01-10T23:59:42","guid":{"rendered":"https:\/\/myvitaminss.com\/?post_type=product&#038;p=6042"},"modified":"2023-01-10T18:33:49","modified_gmt":"2023-01-11T00:33:49","slug":"6042","status":"publish","type":"product","link":"https:\/\/myvitaminss.com\/index.php\/producto\/6042\/","title":{"rendered":"Cuajo Marschall"},"content":{"rendered":"<h4 style=\"text-align: center;\"><span style=\"color: #3366ff;\"><em><strong>Advertencias y precauciones:<\/strong><\/em><\/span>\u00a0Si tiene hipersensibilidad al producto o efectos secundarios negativos, suspenda el consumo de inmediato y consulte a su m\u00e9dico. Le recomendamos que no conf\u00ede \u00fanicamente en la informaci\u00f3n presentada y que siempre lea las etiquetas, advertencias e instrucciones antes de usar o consumir un producto.<\/h4>\n","protected":false},"excerpt":{"rendered":"<h4 style=\"text-align: center;\"><strong><span style=\"color: #3366ff;\"><em>Modo de Uso:<\/em><\/span>\u00a0<\/strong>Estas pastillas se disuelven en una peque\u00f1a cantidad de agua fr\u00eda sin cloro y luego se a\u00f1ade a la leche tibia al rededor de 30 grados. Se mezcla bien con la leche y se deja reposar una hora. Pasado ese tiempo, tendremos nuestra cuajada lista, para comer tal cual o para escurrir y hacer queso fresco.<\/h4>\n","protected":false},"featured_media":6043,"comment_status":"open","ping_status":"closed","template":"","meta":[],"product_cat":[],"product_tag":[1574,1575],"class_list":{"0":"post-6042","1":"product","2":"type-product","3":"status-publish","4":"has-post-thumbnail","6":"product_tag-cuajo","7":"product_tag-pastillas","9":"first","10":"instock","11":"shipping-taxable","12":"purchasable","13":"product-type-simple","14":"col-xs-6 col-sm-4","15":"col-md-3 col-lg-3","16":"un-4-cols"},"_links":{"self":[{"href":"https:\/\/myvitaminss.com\/index.php\/wp-json\/wp\/v2\/product\/6042","targetHints":{"allow":["GET"]}}],"collection":[{"href":"https:\/\/myvitaminss.com\/index.php\/wp-json\/wp\/v2\/product"}],"about":[{"href":"https:\/\/myvitaminss.com\/index.php\/wp-json\/wp\/v2\/types\/product"}],"replies":[{"embeddable":true,"href":"https:\/\/myvitaminss.com\/index.php\/wp-json\/wp\/v2\/comments?post=6042"}],"wp:featuredmedia":[{"embeddable":true,"href":"https:\/\/myvitaminss.com\/index.php\/wp-json\/wp\/v2\/media\/6043"}],"wp:attachment":[{"href":"https:\/\/myvitaminss.com\/index.php\/wp-json\/wp\/v2\/media?parent=6042"}],"wp:term":[{"taxonomy":"product_cat","embeddable":true,"href":"https:\/\/myvitaminss.com\/index.php\/wp-json\/wp\/v2\/product_cat?post=6042"},{"taxonomy":"product_tag","embeddable":true,"href":"https:\/\/myvitaminss.com\/index.php\/wp-json\/wp\/v2\/product_tag?post=6042"}],"curies":[{"name":"wp","href":"https:\/\/api.w.org\/{rel}","templated":true}]}}