{"id":6038,"date":"2023-01-10T17:21:54","date_gmt":"2023-01-10T23:21:54","guid":{"rendered":"https:\/\/myvitaminss.com\/?post_type=product&#038;p=6038"},"modified":"2023-01-10T17:21:54","modified_gmt":"2023-01-10T23:21:54","slug":"cardioaspirina-81mg-x-30-tabletas","status":"publish","type":"product","link":"https:\/\/myvitaminss.com\/index.php\/producto\/cardioaspirina-81mg-x-30-tabletas\/","title":{"rendered":"Cardioaspirina 81mg X 30 Tabletas"},"content":{"rendered":"<h4 style=\"text-align: center;\"><span style=\"color: #3366ff;\"><strong><em>Nombre Ingrediente &#8211; Cantidad<\/em><\/strong><\/span><\/h4>\n<h4 style=\"text-align: center;\">Acido Acetilsalicilico &#8211; 81.00MG<\/h4>\n<h4 style=\"text-align: center;\"><span style=\"color: #3366ff;\"><strong><em>CONTRA-INDICACIONES<\/em><\/strong><\/span><\/h4>\n<h4 style=\"text-align: center;\">Este medicamento no debe administrarse a personas que sufren gastritis (acidez estomacal frecuente), \u00falceras de cualquier tipo y pacientes al\u00e9rgicos al \u00e1cido acetilsalic\u00edlico, personas con tendencia al sangramiento y hemorragia.<\/h4>\n","protected":false},"excerpt":{"rendered":"<h4 style=\"text-align: center;\"><span style=\"color: #3366ff;\"><strong><em>INDICACIONES<\/em><\/strong><\/span><\/h4>\n<h4 style=\"text-align: center;\">Antiagregante plaquetario. Prevenci\u00f3n del infarto de miocardio.<\/h4>\n","protected":false},"featured_media":6039,"comment_status":"open","ping_status":"closed","template":"","meta":{"_kad_post_transparent":"","_kad_post_title":"","_kad_post_layout":"","_kad_post_sidebar_id":"","_kad_post_content_style":"","_kad_post_vertical_padding":"","_kad_post_feature":"","_kad_post_feature_position":"","_kad_post_header":false,"_kad_post_footer":false,"_kad_post_classname":""},"product_brand":[],"product_cat":[294],"product_tag":[1568,298,1567],"class_list":{"0":"post-6038","1":"product","2":"type-product","3":"status-publish","4":"has-post-thumbnail","6":"product_cat-laboratorios-bayer","7":"product_tag-aspirina","8":"product_tag-bayer","9":"product_tag-cardio","11":"first","12":"instock","13":"shipping-taxable","14":"purchasable","15":"product-type-simple","16":"entry","17":"content-bg","18":"loop-entry"},"_links":{"self":[{"href":"https:\/\/myvitaminss.com\/index.php\/wp-json\/wp\/v2\/product\/6038","targetHints":{"allow":["GET"]}}],"collection":[{"href":"https:\/\/myvitaminss.com\/index.php\/wp-json\/wp\/v2\/product"}],"about":[{"href":"https:\/\/myvitaminss.com\/index.php\/wp-json\/wp\/v2\/types\/product"}],"replies":[{"embeddable":true,"href":"https:\/\/myvitaminss.com\/index.php\/wp-json\/wp\/v2\/comments?post=6038"}],"wp:featuredmedia":[{"embeddable":true,"href":"https:\/\/myvitaminss.com\/index.php\/wp-json\/wp\/v2\/media\/6039"}],"wp:attachment":[{"href":"https:\/\/myvitaminss.com\/index.php\/wp-json\/wp\/v2\/media?parent=6038"}],"wp:term":[{"taxonomy":"product_brand","embeddable":true,"href":"https:\/\/myvitaminss.com\/index.php\/wp-json\/wp\/v2\/product_brand?post=6038"},{"taxonomy":"product_cat","embeddable":true,"href":"https:\/\/myvitaminss.com\/index.php\/wp-json\/wp\/v2\/product_cat?post=6038"},{"taxonomy":"product_tag","embeddable":true,"href":"https:\/\/myvitaminss.com\/index.php\/wp-json\/wp\/v2\/product_tag?post=6038"}],"curies":[{"name":"wp","href":"https:\/\/api.w.org\/{rel}","templated":true}]}}