{"id":6036,"date":"2023-01-10T17:03:51","date_gmt":"2023-01-10T23:03:51","guid":{"rendered":"https:\/\/myvitaminss.com\/?post_type=product&#038;p=6036"},"modified":"2023-01-10T17:04:50","modified_gmt":"2023-01-10T23:04:50","slug":"artribion-fuerte-pomada","status":"publish","type":"product","link":"https:\/\/myvitaminss.com\/index.php\/producto\/artribion-fuerte-pomada\/","title":{"rendered":"Artribi\u00f3n Fuerte Pomada"},"content":{"rendered":"","protected":false},"excerpt":{"rendered":"<h4 style=\"text-align: center;\"><span style=\"color: #000000;\">Indicado para dolores musculares, fatiga, cansancio muscular, precalentamiento en deportistas<\/span><\/h4>\n<h4 style=\"text-align: center;\"><span style=\"color: #3366ff;\"><strong><em>Dosis:<\/em><\/strong><\/span><\/h4>\n<h4 style=\"text-align: center;\"><span style=\"color: #000000;\"><span style=\"color: #3366ff;\"><strong><em>Concentraci\u00f3n:<\/em><\/strong><\/span> Adultos mayores de 12 a\u00f1os &gt; Aplicar en el \u00e1rea afectada cada 3-4 horas al d\u00eda<\/span><br \/>\n<span style=\"color: #000000;\"><span style=\"color: #3366ff;\"><strong><em>Concentraci\u00f3n:<\/em><\/strong><\/span> mentol, eucalipto, salicilato de metilo, etc.<\/span><\/h4>\n","protected":false},"featured_media":6037,"comment_status":"open","ping_status":"closed","template":"","meta":[],"product_cat":[147],"product_tag":[372,153,161,734,1494],"class_list":{"0":"post-6036","1":"product","2":"type-product","3":"status-publish","4":"has-post-thumbnail","6":"product_cat-laboratorios-biokemical","7":"product_tag-artribion-dosis","8":"product_tag-artribion-el-salvador","9":"product_tag-artribion-pomada","10":"product_tag-biokemical-el-salvador","11":"product_tag-dolor-muscular","13":"first","14":"instock","15":"shipping-taxable","16":"purchasable","17":"product-type-simple","18":"col-xs-6 col-sm-4","19":"col-md-3 col-lg-3","20":"un-4-cols"},"_links":{"self":[{"href":"https:\/\/myvitaminss.com\/index.php\/wp-json\/wp\/v2\/product\/6036","targetHints":{"allow":["GET"]}}],"collection":[{"href":"https:\/\/myvitaminss.com\/index.php\/wp-json\/wp\/v2\/product"}],"about":[{"href":"https:\/\/myvitaminss.com\/index.php\/wp-json\/wp\/v2\/types\/product"}],"replies":[{"embeddable":true,"href":"https:\/\/myvitaminss.com\/index.php\/wp-json\/wp\/v2\/comments?post=6036"}],"wp:featuredmedia":[{"embeddable":true,"href":"https:\/\/myvitaminss.com\/index.php\/wp-json\/wp\/v2\/media\/6037"}],"wp:attachment":[{"href":"https:\/\/myvitaminss.com\/index.php\/wp-json\/wp\/v2\/media?parent=6036"}],"wp:term":[{"taxonomy":"product_cat","embeddable":true,"href":"https:\/\/myvitaminss.com\/index.php\/wp-json\/wp\/v2\/product_cat?post=6036"},{"taxonomy":"product_tag","embeddable":true,"href":"https:\/\/myvitaminss.com\/index.php\/wp-json\/wp\/v2\/product_tag?post=6036"}],"curies":[{"name":"wp","href":"https:\/\/api.w.org\/{rel}","templated":true}]}}