{"id":5213,"date":"2021-04-20T21:24:46","date_gmt":"2021-04-21T03:24:46","guid":{"rendered":"https:\/\/myvitaminss.com\/?post_type=product&#038;p=5213"},"modified":"2022-04-07T15:11:28","modified_gmt":"2022-04-07T21:11:28","slug":"doxium-500mg-capsulas","status":"publish","type":"product","link":"https:\/\/myvitaminss.com\/index.php\/producto\/doxium-500mg-capsulas\/","title":{"rendered":"Doxium 500mg C\u00e1psulas \ud83e\udd74\ud83d\ude35"},"content":{"rendered":"<p style=\"text-align: center;\"><strong><span style=\"color: #3366ff;\"><i>Dosis<\/i><em><span style=\"color: #3366ff;\">:<\/span> <\/em><\/span><\/strong><\/p>\n<p style=\"text-align: center;\"><span style=\"color: #000000;\">Para adultos solamente En general de 500 a 2000 mg (1 a 2 c\u00e1psulas, 1 o 2 veces al d\u00eda).<\/span><br \/>\n<span style=\"color: #000000;\">Doxium 500 deber\u00eda ser administrado durante o inmediatamente despu\u00e9s de las comidas para minimizar cualquier malestar g\u00e1strico. <\/span><\/p>\n","protected":false},"excerpt":{"rendered":"<p style=\"text-align: center;\"><span style=\"color: #3366ff;\"><em><strong>Doxium\u00ae500<\/strong><\/em><\/span><br \/>\n<span style=\"color: #000000;\">C\u00e1psulas Dobesilato c\u00e1lcico monohidrato 500 mg<\/span><\/p>\n<p style=\"text-align: center;\"><span style=\"color: #3366ff;\"><em><strong>Indicaciones<\/strong><\/em><\/span><\/p>\n<p style=\"text-align: center;\"><span style=\"color: #000000;\">&#8211; Microangiopat\u00edas, en particular retinopat\u00eda diab\u00e9tica.<\/span><br \/>\n<span style=\"color: #000000;\">&#8211; Signos cl\u00ednicos de insuficiencia venosa cr\u00f3nica en miembros inferiores (dolores, calambres, parestesia, edemas, dermatosis de estasis), tromboflebitis superficial en tratamiento adyuvante,<\/span><br \/>\n<span style=\"color: #000000;\">&#8211; S\u00edndrome hemorroidal, s\u00edndrome post-tromb\u00f3tico, trastornos<\/span><br \/>\n<span style=\"color: #000000;\">micro circulatorios de origen arteriovenoso.<\/span><\/p>\n","protected":false},"featured_media":5678,"comment_status":"closed","ping_status":"closed","template":"","meta":[],"product_cat":[208],"product_tag":[186,1524,1525,1526,1527,1528,1529,1530],"class_list":{"0":"post-5213","1":"product","2":"type-product","3":"status-publish","4":"has-post-thumbnail","6":"product_cat-capsulas","7":"product_tag-calambres","8":"product_tag-dermatosis-de-estasis","9":"product_tag-dolores","10":"product_tag-doxium-500mg-capsulas","11":"product_tag-edemas","12":"product_tag-en-particular-retinopatia-diabetica","13":"product_tag-microangiopatias","14":"product_tag-parestesia","16":"first","17":"instock","18":"sale","19":"shipping-taxable","20":"purchasable","21":"product-type-simple","22":"col-xs-6 col-sm-4","23":"col-md-3 col-lg-3","24":"un-4-cols"},"_links":{"self":[{"href":"https:\/\/myvitaminss.com\/index.php\/wp-json\/wp\/v2\/product\/5213","targetHints":{"allow":["GET"]}}],"collection":[{"href":"https:\/\/myvitaminss.com\/index.php\/wp-json\/wp\/v2\/product"}],"about":[{"href":"https:\/\/myvitaminss.com\/index.php\/wp-json\/wp\/v2\/types\/product"}],"replies":[{"embeddable":true,"href":"https:\/\/myvitaminss.com\/index.php\/wp-json\/wp\/v2\/comments?post=5213"}],"wp:featuredmedia":[{"embeddable":true,"href":"https:\/\/myvitaminss.com\/index.php\/wp-json\/wp\/v2\/media\/5678"}],"wp:attachment":[{"href":"https:\/\/myvitaminss.com\/index.php\/wp-json\/wp\/v2\/media?parent=5213"}],"wp:term":[{"taxonomy":"product_cat","embeddable":true,"href":"https:\/\/myvitaminss.com\/index.php\/wp-json\/wp\/v2\/product_cat?post=5213"},{"taxonomy":"product_tag","embeddable":true,"href":"https:\/\/myvitaminss.com\/index.php\/wp-json\/wp\/v2\/product_tag?post=5213"}],"curies":[{"name":"wp","href":"https:\/\/api.w.org\/{rel}","templated":true}]}}