{"id":5202,"date":"2021-04-20T21:24:45","date_gmt":"2021-04-21T03:24:45","guid":{"rendered":"https:\/\/myvitaminss.com\/?post_type=product&#038;p=5202"},"modified":"2023-10-30T15:19:47","modified_gmt":"2023-10-30T21:19:47","slug":"floxa-pack-tratamiento-para-pylori","status":"publish","type":"product","link":"https:\/\/myvitaminss.com\/index.php\/producto\/floxa-pack-tratamiento-para-pylori\/","title":{"rendered":"FLOXA PACK Tratamiento para Pylori"},"content":{"rendered":"<p style=\"text-align: center;\"><span style=\"color: #3366ff;\"><em><strong>Dosis sugerida<\/strong><\/em><\/span><\/p>\n<p style=\"text-align: center;\"><span style=\"color: #000000;\">Se recomienda administrar 1 comprimido de Levofloxacina 500 mg, 2 veces al d\u00eda (durante el desayuno y la cena), durante 10 d\u00edas.<\/span><\/p>\n<p style=\"text-align: center;\"><span style=\"color: #000000;\">Se recomienda administrar 1 c\u00e1psula de Lansoprazol 30 mg, 2 veces al d\u00eda (30 minutos antes del desayuno y 30 minutos antes de la cena), durante 10 d\u00edas.<\/span><\/p>\n<p style=\"text-align: center;\"><span style=\"color: #000000;\">Amoxicilina Se recomienda administrar 2 c\u00e1psulas de Amoxicilina 500 mg, 2 veces al d\u00eda (2 c\u00e1psulas despu\u00e9s del desayuno y 2 c\u00e1psulas despu\u00e9s de la cena), durante 10 d\u00edas<\/span><\/p>\n","protected":false},"excerpt":{"rendered":"<p style=\"text-align: center;\"><span style=\"color: #3366ff;\"><strong><em>Tratamiento para la erradicaci\u00f3n de Helicobacter Pylori<\/em><\/strong><\/span><\/p>\n<p style=\"text-align: center;\"><span style=\"color: #3366ff;\"><strong><em>Caja Contiene<\/em><\/strong><\/span><\/p>\n<p style=\"text-align: center;\"><span style=\"color: #000000;\"><strong><em>F<\/em><\/strong>loxalev<span class=\"ILfuVd\"><span class=\"hgKElc\">\u00ae<\/span><\/span> 500 mg (Levofloxacina) 2 blisters con 10 comprimidos (20 comprimidos) <\/span><\/p>\n<p style=\"text-align: center;\"><span style=\"color: #000000;\">Lansogastric<span class=\"ILfuVd\"><span class=\"hgKElc\">\u00ae<\/span><\/span> 30 mg (Lansoprazol) 2 blisters con 10 c\u00e1psulas cada uno (20 c\u00e1psulas) <\/span><\/p>\n<p style=\"text-align: center;\"><span style=\"color: #000000;\">Amoxicilina 500 mg 4 blisters con 10 c\u00e1psulas cada uno (40 c\u00e1psulas)<\/span><\/p>\n<p style=\"text-align: center;\"><em><strong><span style=\"color: #3366ff;\">Qu\u00e9 es helicobacter pylori?<\/span><\/strong><\/em><\/p>\n<p style=\"text-align: center;\"><span style=\"color: #000000;\">Es una infecci\u00f3n de las m\u00e1s frecuente en el mundo se dice que el 50% de la poblaci\u00f3n mundial est\u00e1 infectada por Helicobacter pylori, aunque tambi\u00e9n dicen que existen pa\u00edses en los que la infecci\u00f3n afecta hasta al 90% de sus habitantes, es alarmante.<br \/>\n<\/span><\/p>\n<p style=\"text-align: center;\"><span style=\"color: #000000;\">Helicobacter Pylori se puede encontrar en las heces, la saliva y la placa dental. <\/span><\/p>\n<p style=\"text-align: center;\"><span style=\"color: #000000;\">Las infecciones por Helicobacter Pylori se pueden transmitir de persona a persona, especialmente si las personas infectadas no se lavan las manos minuciosamente despu\u00e9s de cada deposici\u00f3n. <\/span><\/p>\n<p style=\"text-align: center;\"><span style=\"color: #000000;\">La bacteria tambi\u00e9n se puede transmitir a trav\u00e9s de los besos u otro contacto cercano, <\/span><\/p>\n<p style=\"text-align: center;\"><span style=\"color: #000000;\">Las infecciones tienden a agruparse en las familias y entre las personas que viven en residencias de ancianos y otras instalaciones supervisadas.<\/span><\/p>\n","protected":false},"featured_media":6128,"comment_status":"closed","ping_status":"closed","template":"","meta":{"_kad_post_transparent":"","_kad_post_title":"","_kad_post_layout":"","_kad_post_sidebar_id":"","_kad_post_content_style":"","_kad_post_vertical_padding":"","_kad_post_feature":"","_kad_post_feature_position":"","_kad_post_header":false,"_kad_post_footer":false,"_kad_post_classname":""},"product_brand":[],"product_cat":[498,1505,1506],"product_tag":[],"class_list":{"0":"post-5202","1":"product","2":"type-product","3":"status-publish","4":"has-post-thumbnail","6":"product_cat-antibioticos","7":"product_cat-helicobacter-pylori","8":"product_cat-infasa","10":"first","11":"instock","12":"shipping-taxable","13":"purchasable","14":"product-type-simple","15":"entry","16":"content-bg","17":"loop-entry"},"_links":{"self":[{"href":"https:\/\/myvitaminss.com\/index.php\/wp-json\/wp\/v2\/product\/5202","targetHints":{"allow":["GET"]}}],"collection":[{"href":"https:\/\/myvitaminss.com\/index.php\/wp-json\/wp\/v2\/product"}],"about":[{"href":"https:\/\/myvitaminss.com\/index.php\/wp-json\/wp\/v2\/types\/product"}],"replies":[{"embeddable":true,"href":"https:\/\/myvitaminss.com\/index.php\/wp-json\/wp\/v2\/comments?post=5202"}],"wp:featuredmedia":[{"embeddable":true,"href":"https:\/\/myvitaminss.com\/index.php\/wp-json\/wp\/v2\/media\/6128"}],"wp:attachment":[{"href":"https:\/\/myvitaminss.com\/index.php\/wp-json\/wp\/v2\/media?parent=5202"}],"wp:term":[{"taxonomy":"product_brand","embeddable":true,"href":"https:\/\/myvitaminss.com\/index.php\/wp-json\/wp\/v2\/product_brand?post=5202"},{"taxonomy":"product_cat","embeddable":true,"href":"https:\/\/myvitaminss.com\/index.php\/wp-json\/wp\/v2\/product_cat?post=5202"},{"taxonomy":"product_tag","embeddable":true,"href":"https:\/\/myvitaminss.com\/index.php\/wp-json\/wp\/v2\/product_tag?post=5202"}],"curies":[{"name":"wp","href":"https:\/\/api.w.org\/{rel}","templated":true}]}}