{"id":5180,"date":"2021-04-20T21:24:21","date_gmt":"2021-04-21T03:24:21","guid":{"rendered":"https:\/\/myvitaminss.com\/?post_type=product&#038;p=5180"},"modified":"2022-04-07T16:43:42","modified_gmt":"2022-04-07T22:43:42","slug":"antiflu-des-tabletas","status":"publish","type":"product","link":"https:\/\/myvitaminss.com\/index.php\/producto\/antiflu-des-tabletas\/","title":{"rendered":"ANTIFLU DES TABLETAS \ud83e\udd12\ud83e\udd27"},"content":{"rendered":"<p style=\"text-align: center;\"><span style=\"color: #000000;\"><span style=\"color: #3366ff;\"><b><i>Dosis<\/i><\/b><\/span><strong style=\"color: #000000;\"><em><span style=\"color: #3366ff;\">:<\/span><br \/>\n<\/em><\/strong><\/span><\/p>\n<p style=\"text-align: center;\"><span style=\"color: #3366ff;\"><strong><em>Antes de administrar cualquier medicamento es importante consultar a su m\u00e9dico.<\/em><\/strong><\/span><\/p>\n<p style=\"text-align: center;\"><span style=\"color: #000000;\">Ni\u00f1os mayores a 12 a\u00f1os y adultos: una c\u00e1psula tres veces al d\u00eda.<\/span><\/p>\n<p style=\"text-align: center;\"><span style=\"color: #3366ff;\"><strong><em>La reacci\u00f3n de ANTIFLU DES y el alcohol, aumentan el riesgo de hepatotoxicidad.<\/em><\/strong><\/span><\/p>\n","protected":false},"excerpt":{"rendered":"<p style=\"text-align: center;\"><span style=\"color: #3366ff;\"><strong><em>\u00a0ANTIFLU DES TABLETAS <\/em><\/strong><\/span><\/p>\n<p style=\"text-align: center;\"><span style=\"color: #3366ff;\"><em><strong>Caja contiene 25 Sobres de 4 Tabletas cada uno para un total de 100 Tabletas<\/strong><\/em><\/span><\/p>\n<p style=\"text-align: center;\"><span style=\"color: #000000;\"><strong><em><span style=\"color: #3366ff;\">Amantadina: <\/span><\/em><\/strong>Desarrolla una acci\u00f3n antiviral en las v\u00edas respiratorias y sale del organismo a trav\u00e9s de la orina.<\/span><\/p>\n<p style=\"text-align: center;\"><span style=\"color: #000000;\"><strong><em><span style=\"color: #3366ff;\">Clorfenamina: <\/span><\/em><\/strong>Funciona como antihistam\u00ednico, por lo que disminuye los estornudos, el flujo y picaz\u00f3n nasal. <\/span><\/p>\n<p style=\"text-align: center;\"><span style=\"color: #000000;\">Entra en acci\u00f3n 30 minutos despu\u00e9s de la ingesta y sale del organismo a trav\u00e9s de la orina.<\/span><\/p>\n<p style=\"text-align: center;\"><span style=\"color: #000000;\"><strong><em><span style=\"color: #3366ff;\">Paracetamol: <\/span><\/em><\/strong>Alivia el dolor y disminuye la fiebre. <\/span><\/p>\n<p style=\"text-align: center;\"><span style=\"color: #000000;\">Se elimina por la orina y no causa irritaci\u00f3n g\u00e1strica.<\/span><\/p>\n<p style=\"text-align: center;\"><span style=\"color: #3366ff;\"><strong><em>La combinaci\u00f3n de estas sustancias detiene los siguientes s\u00edntomas:<\/em><\/strong><\/span><\/p>\n<p style=\"text-align: center;\"><span style=\"color: #000000;\">Fiebre<\/span><br \/>\n<span style=\"color: #000000;\">Dolor muscular<\/span><br \/>\n<span style=\"color: #000000;\">Escurrimiento nasal<\/span><br \/>\n<span style=\"color: #000000;\">Dolor de cabeza<\/span><br \/>\n<span style=\"color: #000000;\">Estornudos<\/span><\/p>\n<p style=\"text-align: center;\"><span style=\"color: #000000;\">Tambi\u00e9n trata las reacciones al\u00e9rgicas a medicamentos o alimentos. <\/span><\/p>\n<p style=\"text-align: center;\"><span style=\"color: #000000;\">Disminuye la dermatitis por contacto. <\/span><\/p>\n","protected":false},"featured_media":5690,"comment_status":"closed","ping_status":"closed","template":"","meta":[],"product_cat":[364,566,232],"product_tag":[1491,1492,1493,201,1494,1495,709,288,1427],"class_list":{"0":"post-5180","1":"product","2":"type-product","3":"status-publish","4":"has-post-thumbnail","6":"product_cat-alergias","7":"product_cat-gripe","8":"product_cat-tabletas-recubiertas","9":"product_tag-amantadina","10":"product_tag-antiflu-des-tabletas","11":"product_tag-clorfenamina","12":"product_tag-dolor-de-cabeza","13":"product_tag-dolor-muscular","14":"product_tag-escurrimiento-nasal","15":"product_tag-estornudos","16":"product_tag-fiebre","17":"product_tag-paracetamol","19":"first","20":"instock","21":"shipping-taxable","22":"purchasable","23":"product-type-simple","24":"col-xs-6 col-sm-4","25":"col-md-3 col-lg-3","26":"un-4-cols"},"_links":{"self":[{"href":"https:\/\/myvitaminss.com\/index.php\/wp-json\/wp\/v2\/product\/5180","targetHints":{"allow":["GET"]}}],"collection":[{"href":"https:\/\/myvitaminss.com\/index.php\/wp-json\/wp\/v2\/product"}],"about":[{"href":"https:\/\/myvitaminss.com\/index.php\/wp-json\/wp\/v2\/types\/product"}],"replies":[{"embeddable":true,"href":"https:\/\/myvitaminss.com\/index.php\/wp-json\/wp\/v2\/comments?post=5180"}],"wp:featuredmedia":[{"embeddable":true,"href":"https:\/\/myvitaminss.com\/index.php\/wp-json\/wp\/v2\/media\/5690"}],"wp:attachment":[{"href":"https:\/\/myvitaminss.com\/index.php\/wp-json\/wp\/v2\/media?parent=5180"}],"wp:term":[{"taxonomy":"product_cat","embeddable":true,"href":"https:\/\/myvitaminss.com\/index.php\/wp-json\/wp\/v2\/product_cat?post=5180"},{"taxonomy":"product_tag","embeddable":true,"href":"https:\/\/myvitaminss.com\/index.php\/wp-json\/wp\/v2\/product_tag?post=5180"}],"curies":[{"name":"wp","href":"https:\/\/api.w.org\/{rel}","templated":true}]}}