{"id":5171,"date":"2021-04-20T21:24:20","date_gmt":"2021-04-21T03:24:20","guid":{"rendered":"https:\/\/myvitaminss.com\/?post_type=product&#038;p=5171"},"modified":"2022-02-18T17:22:32","modified_gmt":"2022-02-18T23:22:32","slug":"tabcin-antigripal-efervescente-gripe-y-tos","status":"publish","type":"product","link":"https:\/\/myvitaminss.com\/index.php\/producto\/tabcin-antigripal-efervescente-gripe-y-tos\/","title":{"rendered":"Tabcin Antigripal Efervescente Gripe y Tos \ud83d\ude30\ud83e\udd27"},"content":{"rendered":"<p style=\"text-align: center;\"><span style=\"color: #800080;\"><strong><em>Contenido: 60 Tabletas Efervescentes<br \/>\n<\/em><\/strong><\/span><\/p>\n<h4 style=\"text-align: center;\"><span style=\"color: #800080;\"><strong><em>DOSIS:<\/em><\/strong><\/span><\/h4>\n<h3 style=\"text-align: center;\"><span style=\"color: #000000;\">Adultos y ni\u00f1os mayores de 12 a\u00f1os 1 Tableta 3 veces al d\u00eda o al criterio del m\u00e9dico.<\/span><\/h3>\n","protected":false},"excerpt":{"rendered":"<h4 style=\"text-align: center;\"><span style=\"color: #800080;\"><em><strong>Tabcin Antigripal Efervescente Gripe y Tos<\/strong><\/em><\/span><\/h4>\n<h4 style=\"text-align: center;\"><span style=\"color: #800080;\">Para el alivio de los s\u00edntomas comunes de:<\/span><\/h4>\n<h4 style=\"text-align: center;\"><span style=\"color: #000000;\">TOS<\/span><\/h4>\n<h4 style=\"text-align: center;\"><span style=\"color: #000000;\">SECRECION Y CONGESTION NASAL<\/span><\/h4>\n<h4 style=\"text-align: center;\"><span style=\"color: #000000;\">DOLOR DE CABEZA Y CUERPO<\/span><\/h4>\n<h4 style=\"text-align: center;\"><span style=\"color: #000000;\">FIEBRE<\/span><\/h4>\n<h4 style=\"text-align: center;\"><span style=\"color: #000000;\">ESTORNUDOS<\/span><\/h4>\n<h4 style=\"text-align: center;\"><span style=\"color: #000000;\">DOLOR DE GARGANTA<\/span><\/h4>\n","protected":false},"featured_media":0,"comment_status":"closed","ping_status":"closed","template":"","meta":[],"product_cat":[566,294],"product_tag":[331,708,709,288,710,1466,711,712,713],"class_list":{"0":"post-5171","1":"product","2":"type-product","3":"status-publish","5":"product_cat-gripe","6":"product_cat-laboratorios-bayer","7":"product_tag-dolor-de-cabeza-y-cuerpo","8":"product_tag-dolor-de-garganta","9":"product_tag-estornudos","10":"product_tag-fiebre","11":"product_tag-secrecion-y-congestion-nasal","12":"product_tag-tabcin-efervescente","13":"product_tag-tabcin-gripe-y-tos","14":"product_tag-tabcin-morada","15":"product_tag-tos","17":"first","18":"instock","19":"shipping-taxable","20":"purchasable","21":"product-type-simple","22":"col-xs-6 col-sm-4","23":"col-md-3 col-lg-3","24":"un-4-cols"},"_links":{"self":[{"href":"https:\/\/myvitaminss.com\/index.php\/wp-json\/wp\/v2\/product\/5171","targetHints":{"allow":["GET"]}}],"collection":[{"href":"https:\/\/myvitaminss.com\/index.php\/wp-json\/wp\/v2\/product"}],"about":[{"href":"https:\/\/myvitaminss.com\/index.php\/wp-json\/wp\/v2\/types\/product"}],"replies":[{"embeddable":true,"href":"https:\/\/myvitaminss.com\/index.php\/wp-json\/wp\/v2\/comments?post=5171"}],"wp:attachment":[{"href":"https:\/\/myvitaminss.com\/index.php\/wp-json\/wp\/v2\/media?parent=5171"}],"wp:term":[{"taxonomy":"product_cat","embeddable":true,"href":"https:\/\/myvitaminss.com\/index.php\/wp-json\/wp\/v2\/product_cat?post=5171"},{"taxonomy":"product_tag","embeddable":true,"href":"https:\/\/myvitaminss.com\/index.php\/wp-json\/wp\/v2\/product_tag?post=5171"}],"curies":[{"name":"wp","href":"https:\/\/api.w.org\/{rel}","templated":true}]}}