{"id":5170,"date":"2021-04-20T21:24:20","date_gmt":"2021-04-21T03:24:20","guid":{"rendered":"https:\/\/myvitaminss.com\/?post_type=product&#038;p=5170"},"modified":"2022-04-26T11:15:33","modified_gmt":"2022-04-26T17:15:33","slug":"betaduo-inyectable-1ml-unidad","status":"publish","type":"product","link":"https:\/\/myvitaminss.com\/index.php\/producto\/betaduo-inyectable-1ml-unidad\/","title":{"rendered":"Betaduo Inyectable 1ml UNIDAD \ud83d\udc89\ud83d\ude31"},"content":{"rendered":"<p style=\"text-align: center;\"><span style=\"color: #3366ff;\"><strong><em>Contraindicaciones:<\/em><\/strong><\/span><\/p>\n<p style=\"text-align: center;\">\n<strong><span style=\"color: #000000;\">Infecciones mic\u00f3ticas sist\u00e9micas, hipersensibilidad. <\/span><\/strong><\/p>\n<p style=\"text-align: center;\"><strong><span style=\"color: #000000;\">No inyectar en articulaciones inestables, zonas infectadas, ni espacios intervertebrales. <\/span><\/strong><\/p>\n<p style=\"text-align: center;\"><strong><span style=\"color: #000000;\">No administrar v\u00eda IM en p\u00farpura trombocitop\u00e9nica idiop\u00e1tica.<\/span><\/strong><\/p>\n","protected":false},"excerpt":{"rendered":"<p style=\"text-align: center;\"><span style=\"color: #3366ff;\"><strong><em>Indicaciones terap\u00e9uticas<\/em><\/strong><\/span><\/p>\n<p style=\"text-align: center;\">\n<strong><span style=\"color: #000000;\">Trastornos endocrinos, Shock, Edema cerebral, Prevenci\u00f3n de episodio de rechazo de trasplante renal, T\u00e9tanos, Prevenci\u00f3n del s\u00edndrome de dificultad respiratoria, Enfermedades osteomusculares, Enfermedades del col\u00e1geno, P\u00e9nfigo; dermatitis herpetiforme ampollosa, exfoliativa o cr\u00f3nica; micosis fungoide; eritema multiforme grave; psoriasis severo; queloides; liquen plano; hipertrofia localizada infiltrada; granuloma anular; lupus eritematoso discoide; necrobiosis lipoidea de diab\u00e9ticos; alopecia areata. <\/span><\/strong><\/p>\n<p style=\"text-align: center;\"><span style=\"color: #000000;\"><span style=\"color: #000000;\"><b>Bursitis, quiste sinovial, tenosinovitis, periostitis del cuboides, artritis gotosa aguda y metatarsalgia. <\/b><\/span><\/span><\/p>\n<p style=\"text-align: center;\"><strong><span style=\"color: #000000;\">Afecciones al\u00e9rgicas. <\/span><\/strong><\/p>\n<p style=\"text-align: center;\"><strong><span style=\"color: #000000;\">Afecciones oft\u00e1lmicas. <\/span><\/strong><\/p>\n<p style=\"text-align: center;\"><strong><span style=\"color: #000000;\">Sarcoidosis sintom\u00e1tica, s\u00edndrome de Loeffler no controlado, beriliosis, tuberculosis pulmonar diseminada o fulminante, neumon\u00eda por aspiraci\u00f3n. <\/span><\/strong><\/p>\n<p style=\"text-align: center;\"><strong><span style=\"color: #000000;\">Trastornos hematol\u00f3gicos. <\/span><\/strong><\/p>\n<p style=\"text-align: center;\"><strong><span style=\"color: #000000;\">Colitis ulcerosa, enteritis regional. <\/span><\/strong><\/p>\n<p style=\"text-align: center;\"><strong><span style=\"color: #000000;\">Leucemia y linfomas en ads., leucemia aguda de la infancia. <\/span><\/strong><\/p>\n<p style=\"text-align: center;\"><strong><span style=\"color: #000000;\">Meningitis tuberculosa. <\/span><\/strong><\/p>\n<p style=\"text-align: center;\"><strong><span style=\"color: #000000;\">Triquinosis asociada a trastorno neurol\u00f3gico o mioc\u00e1rdico.<\/span><\/strong><\/p>\n","protected":false},"featured_media":5715,"comment_status":"closed","ping_status":"closed","template":"","meta":[],"product_cat":[444,145,1305],"product_tag":[1306,1307,1308,1309],"class_list":{"0":"post-5170","1":"product","2":"type-product","3":"status-publish","4":"has-post-thumbnail","6":"product_cat-ampolla-intramuscular","7":"product_cat-artritis","8":"product_cat-procaps","9":"product_tag-antialergico","10":"product_tag-antiinflamatorio-potente","11":"product_tag-antirreumatico","12":"product_tag-betaduo-1ml-inyectable","14":"first","15":"instock","16":"shipping-taxable","17":"purchasable","18":"product-type-simple","19":"col-xs-6 col-sm-4","20":"col-md-3 col-lg-3","21":"un-4-cols"},"_links":{"self":[{"href":"https:\/\/myvitaminss.com\/index.php\/wp-json\/wp\/v2\/product\/5170","targetHints":{"allow":["GET"]}}],"collection":[{"href":"https:\/\/myvitaminss.com\/index.php\/wp-json\/wp\/v2\/product"}],"about":[{"href":"https:\/\/myvitaminss.com\/index.php\/wp-json\/wp\/v2\/types\/product"}],"replies":[{"embeddable":true,"href":"https:\/\/myvitaminss.com\/index.php\/wp-json\/wp\/v2\/comments?post=5170"}],"wp:featuredmedia":[{"embeddable":true,"href":"https:\/\/myvitaminss.com\/index.php\/wp-json\/wp\/v2\/media\/5715"}],"wp:attachment":[{"href":"https:\/\/myvitaminss.com\/index.php\/wp-json\/wp\/v2\/media?parent=5170"}],"wp:term":[{"taxonomy":"product_cat","embeddable":true,"href":"https:\/\/myvitaminss.com\/index.php\/wp-json\/wp\/v2\/product_cat?post=5170"},{"taxonomy":"product_tag","embeddable":true,"href":"https:\/\/myvitaminss.com\/index.php\/wp-json\/wp\/v2\/product_tag?post=5170"}],"curies":[{"name":"wp","href":"https:\/\/api.w.org\/{rel}","templated":true}]}}