{"id":5167,"date":"2021-04-20T21:24:20","date_gmt":"2021-04-21T03:24:20","guid":{"rendered":"https:\/\/myvitaminss.com\/?post_type=product&#038;p=5167"},"modified":"2022-07-21T17:31:36","modified_gmt":"2022-07-21T23:31:36","slug":"hemobex-extracto-de-higado-vitamina-b12-vial-10ml-unidad","status":"publish","type":"product","link":"https:\/\/myvitaminss.com\/index.php\/producto\/hemobex-extracto-de-higado-vitamina-b12-vial-10ml-unidad\/","title":{"rendered":"HEMOBEX Extracto de Higado + Vitamina B12 Vial 10ml UNIDAD \ud83d\udc89\ud83e\udd7a"},"content":{"rendered":"<h4 style=\"text-align: center;\"><span style=\"color: #3366ff;\"><strong><em>Composici\u00f3n:<\/em><\/strong><\/span><\/h4>\n<h4 style=\"text-align: center;\"><span style=\"color: #3366ff;\"><strong><em>Cada Vial de 10ml contiene:<\/em><\/strong><\/span><\/h4>\n<p style=\"text-align: center;\"><strong><span style=\"color: #000000;\">Extracto de H\u00edgado<\/span><\/strong><\/p>\n<p style=\"text-align: center;\"><strong><span style=\"color: #000000;\">Vitamina B12<\/span><\/strong><\/p>\n<p style=\"text-align: center;\"><strong><span style=\"color: #000000;\">Vitamina B3<\/span><\/strong><\/p>\n<p style=\"text-align: center;\"><strong><span style=\"color: #000000;\">Citrato de Hierro Amoniacal<\/span><\/strong><\/p>\n<p style=\"text-align: center;\"><span style=\"color: #3366ff;\"><strong><em>Dosis:<\/em><\/strong><\/span><\/p>\n<p style=\"text-align: center;\"><strong><span style=\"color: #000000;\">Salvo prescripci\u00f3n m\u00e9dica, Adultos y Ni\u00f1os mayores de 12 a\u00f1os:<\/span><\/strong><\/p>\n<p style=\"text-align: center;\"><strong><span style=\"color: #000000;\">Administrar 2ml por 5 d\u00edas<\/span><\/strong><\/p>\n<p style=\"text-align: center;\"><span style=\"color: #3366ff;\"><strong><em>V\u00eda\u00a0de administraci\u00f3n:<\/em><\/strong><\/span> <strong>Intramuscular<\/strong><\/p>\n<p>&nbsp;<\/p>\n<p>&nbsp;<\/p>\n","protected":false},"excerpt":{"rendered":"<p style=\"text-align: center;\"><span style=\"color: #3366ff;\"><em><strong>HEMOBEX Vial Inyectable 10ml<\/strong><\/em><\/span><\/p>\n<p style=\"text-align: center;\"><span style=\"color: #3366ff;\"><em><strong>INDICACION:<\/strong><\/em><\/span><\/p>\n<h4 style=\"text-align: center;\"><span style=\"color: #3366ff;\"><strong><em>Tratamiento para todo tipo de Anemia:<\/em><\/strong><\/span><\/h4>\n<h4 style=\"text-align: center;\"><span style=\"color: #000000;\">Con deficiencias de hierro y problemas asociados, como fatiga, decaimiento. El hierro es parte esencial de la hemoglobina de la sangre.<\/span><\/h4>\n<h4 style=\"text-align: center;\"><span style=\"color: #3366ff;\"><strong><em>Estimula las Funciones del Cerebro y Sistema Nervioso:<\/em><\/strong><\/span><\/h4>\n<h4 style=\"text-align: center;\"><span style=\"color: #000000;\">Irritabilidad, Insomnio. Aumenta la agilidad mental.<\/span><\/h4>\n<h4 style=\"text-align: center;\"><span style=\"color: #3366ff;\"><strong><em>Eficaz Energizante:<\/em><\/strong><\/span><\/h4>\n<h4 style=\"text-align: center;\"><span style=\"color: #000000;\"><em>Fortifica el organismo en casos de estr\u00e9s f\u00edsico y mental.<\/em><\/span><\/h4>\n<h4 style=\"text-align: center;\"><span style=\"color: #000000;\"><em>Mantiene un Sistema Inmunol\u00f3gico Saludable<\/em><\/span><\/h4>\n","protected":false},"featured_media":6003,"comment_status":"closed","ping_status":"closed","template":"","meta":{"_kad_post_transparent":"","_kad_post_title":"","_kad_post_layout":"","_kad_post_sidebar_id":"","_kad_post_content_style":"","_kad_post_vertical_padding":"","_kad_post_feature":"","_kad_post_feature_position":"","_kad_post_header":false,"_kad_post_footer":false,"_kad_post_classname":""},"product_brand":[],"product_cat":[134,441,135,136,149,138],"product_tag":[964,965,966,967],"class_list":{"0":"post-5167","1":"product","2":"type-product","3":"status-publish","4":"has-post-thumbnail","6":"product_cat-control-de-estres","7":"product_cat-inyectables","8":"product_cat-laboratorios-vijosa","9":"product_cat-multivitaminas","10":"product_cat-salud-y-belleza","11":"product_cat-vitaminas-neurotropas","12":"product_tag-hemobex","13":"product_tag-hemobex-b12","14":"product_tag-hemobex-extracto-de-higado-b12","15":"product_tag-hemobex-extracto-de-higado-b12-para-que-sirve","17":"first","18":"outofstock","19":"shipping-taxable","20":"purchasable","21":"product-type-simple","22":"entry","23":"content-bg","24":"loop-entry"},"_links":{"self":[{"href":"https:\/\/myvitaminss.com\/index.php\/wp-json\/wp\/v2\/product\/5167","targetHints":{"allow":["GET"]}}],"collection":[{"href":"https:\/\/myvitaminss.com\/index.php\/wp-json\/wp\/v2\/product"}],"about":[{"href":"https:\/\/myvitaminss.com\/index.php\/wp-json\/wp\/v2\/types\/product"}],"replies":[{"embeddable":true,"href":"https:\/\/myvitaminss.com\/index.php\/wp-json\/wp\/v2\/comments?post=5167"}],"wp:featuredmedia":[{"embeddable":true,"href":"https:\/\/myvitaminss.com\/index.php\/wp-json\/wp\/v2\/media\/6003"}],"wp:attachment":[{"href":"https:\/\/myvitaminss.com\/index.php\/wp-json\/wp\/v2\/media?parent=5167"}],"wp:term":[{"taxonomy":"product_brand","embeddable":true,"href":"https:\/\/myvitaminss.com\/index.php\/wp-json\/wp\/v2\/product_brand?post=5167"},{"taxonomy":"product_cat","embeddable":true,"href":"https:\/\/myvitaminss.com\/index.php\/wp-json\/wp\/v2\/product_cat?post=5167"},{"taxonomy":"product_tag","embeddable":true,"href":"https:\/\/myvitaminss.com\/index.php\/wp-json\/wp\/v2\/product_tag?post=5167"}],"curies":[{"name":"wp","href":"https:\/\/api.w.org\/{rel}","templated":true}]}}