{"id":5166,"date":"2021-04-20T21:24:20","date_gmt":"2021-04-21T03:24:20","guid":{"rendered":"https:\/\/myvitaminss.com\/?post_type=product&#038;p=5166"},"modified":"2022-08-19T18:25:25","modified_gmt":"2022-08-20T00:25:25","slug":"tiamina-pl-vial-de-10-ml-inyectable-e-intravenoso","status":"publish","type":"product","link":"https:\/\/myvitaminss.com\/index.php\/producto\/tiamina-pl-vial-de-10-ml-inyectable-e-intravenoso\/","title":{"rendered":"Tiamina PL Vial de 10 mL Inyectable e Intravenoso \ud83d\udc89\ud83d\ude31"},"content":{"rendered":"<p style=\"text-align: center;\"><span style=\"color: #ff0000;\"><strong><em>DOSIS<\/em><\/strong><\/span><\/p>\n<p style=\"text-align: center;\"><span style=\"color: #000000;\"><strong><em>Aplicar 1 mL a 2 mL diarios por v\u00eda intramuscular. <\/em><\/strong><\/span><\/p>\n<p style=\"text-align: center;\"><span style=\"color: #000000;\"><strong><em>En casos de carencia severa pueden aplicarse hasta 3 mL diarios por v\u00eda intramuscular por una semana o m\u00e1s.<\/em><\/strong><\/span><\/p>\n<p style=\"text-align: center;\"><span style=\"color: #000000;\"><strong><em>Cada vial de 10 mL contiene:<\/em><\/strong><\/span><\/p>\n<p style=\"text-align: center;\"><span style=\"color: #000000;\"><strong><em>Vitamina B1 (Tiamina) \u00a0 100 mg\/mL<\/em><\/strong><\/span><\/p>\n","protected":false},"excerpt":{"rendered":"<p style=\"text-align: center;\"><span style=\"color: #ff0000;\"><strong><em>Precio 3 Pack (Incluye 3 Viales de 10ml cada uno)<\/em><\/strong><\/span><\/p>\n<p style=\"text-align: center;\"><span style=\"color: #0000ff;\"><strong><em>Tiamina PL Vial de 10 mL<\/em><\/strong><\/span><br \/>\n<span style=\"color: #000000;\"><strong><em>Est\u00e1 indicada en el tratamiento y prevenci\u00f3n de la carencia de vitamina B1 conocida como sindrome de \u2018Beri Beri\u2019 cuyos s\u00edntomas son fatiga, p\u00e9rdida del apetito, p\u00e9rdida de peso, bradicardia, calambres y debilidad muscular. <\/em><\/strong><\/span><\/p>\n<p style=\"text-align: center;\"><span style=\"color: #000000;\"><strong><em>Indicada en el alcoholismo con o sin cirrosis donde se necesita tiamina en niveles elevados.<\/em><\/strong><\/span><\/p>\n","protected":false},"featured_media":0,"comment_status":"closed","ping_status":"closed","template":"","meta":{"_kad_post_transparent":"","_kad_post_title":"","_kad_post_layout":"","_kad_post_sidebar_id":"","_kad_post_content_style":"","_kad_post_vertical_padding":"","_kad_post_feature":"","_kad_post_feature_position":"","_kad_post_header":false,"_kad_post_footer":false,"_kad_post_classname":""},"product_brand":[],"product_cat":[441,473,279,180],"product_tag":[1460,1461,1462,186,1463,1013,1464,228,1465],"class_list":{"0":"post-5166","1":"product","2":"type-product","3":"status-publish","5":"product_cat-inyectables","6":"product_cat-laboratorios-paill","7":"product_cat-medicina","8":"product_cat-reanimante","9":"product_tag-alcoholismo-con-cirrosis","10":"product_tag-alcoholismo-sin-cirrosis","11":"product_tag-bradicardia","12":"product_tag-calambres","13":"product_tag-debilidad-muscular","14":"product_tag-fatiga","15":"product_tag-perdida-de-peso","16":"product_tag-perdida-del-apetito","17":"product_tag-tiamina-pl-vial-de-10-ml","19":"first","20":"outofstock","21":"shipping-taxable","22":"purchasable","23":"product-type-simple","24":"entry","25":"content-bg","26":"loop-entry"},"_links":{"self":[{"href":"https:\/\/myvitaminss.com\/index.php\/wp-json\/wp\/v2\/product\/5166","targetHints":{"allow":["GET"]}}],"collection":[{"href":"https:\/\/myvitaminss.com\/index.php\/wp-json\/wp\/v2\/product"}],"about":[{"href":"https:\/\/myvitaminss.com\/index.php\/wp-json\/wp\/v2\/types\/product"}],"replies":[{"embeddable":true,"href":"https:\/\/myvitaminss.com\/index.php\/wp-json\/wp\/v2\/comments?post=5166"}],"wp:attachment":[{"href":"https:\/\/myvitaminss.com\/index.php\/wp-json\/wp\/v2\/media?parent=5166"}],"wp:term":[{"taxonomy":"product_brand","embeddable":true,"href":"https:\/\/myvitaminss.com\/index.php\/wp-json\/wp\/v2\/product_brand?post=5166"},{"taxonomy":"product_cat","embeddable":true,"href":"https:\/\/myvitaminss.com\/index.php\/wp-json\/wp\/v2\/product_cat?post=5166"},{"taxonomy":"product_tag","embeddable":true,"href":"https:\/\/myvitaminss.com\/index.php\/wp-json\/wp\/v2\/product_tag?post=5166"}],"curies":[{"name":"wp","href":"https:\/\/api.w.org\/{rel}","templated":true}]}}