{"id":5165,"date":"2021-04-20T21:24:20","date_gmt":"2021-04-21T03:24:20","guid":{"rendered":"https:\/\/myvitaminss.com\/?post_type=product&#038;p=5165"},"modified":"2024-01-16T18:18:25","modified_gmt":"2024-01-17T00:18:25","slug":"alivie-la-gripe-con-sudagrip-antigripal-inyectable-3pack","status":"publish","type":"product","link":"https:\/\/myvitaminss.com\/index.php\/producto\/alivie-la-gripe-con-sudagrip-antigripal-inyectable-3pack\/","title":{"rendered":"Alivie la gripe con SUDAGRIP ANTIGRIPAL INYECTABLE 3PACK \ud83e\udd2d\ud83e\udd27"},"content":{"rendered":"<h4 style=\"text-align: center;\"><span style=\"color: #333399;\">Sudagrip Antigripal<\/span> inyectable es un medicamento que contiene los siguientes principios activos:<\/h4>\n<ul>\n<li style=\"text-align: center;\">\n<h4><span style=\"color: #333399;\">Moroxidina:<\/span>\u00a0es un antiviral que act\u00faa bloqueando la replicaci\u00f3n del virus de la gripe.<\/h4>\n<\/li>\n<li style=\"text-align: center;\">\n<h4><span style=\"color: #333399;\">Metamizol s\u00f3dico:<\/span>\u00a0es un analg\u00e9sico y antipir\u00e9tico que act\u00faa inhibiendo la s\u00edntesis de prostaglandinas, mediadores qu\u00edmicos que participan en la transmisi\u00f3n del dolor y la fiebre.<\/h4>\n<\/li>\n<li style=\"text-align: center;\">\n<h4><span style=\"color: #333399;\">Clorfeniramina maleato:<\/span>\u00a0es un antihistam\u00ednico que act\u00faa bloqueando los receptores de histamina, una sustancia que participa en la inflamaci\u00f3n y las alergias.<\/h4>\n<\/li>\n<li>\n<h4 style=\"text-align: center;\"><span style=\"color: #333399;\">Fenilefrina hidrocloruro:<\/span>\u00a0es un descongestionante que act\u00faa contrayendo los vasos sangu\u00edneos de la nariz, lo que ayuda a reducir la congesti\u00f3n nasal.<\/h4>\n<\/li>\n<\/ul>\n","protected":false},"excerpt":{"rendered":"<h4 style=\"text-align: center;\"><span style=\"color: #333399;\"><strong style=\"font-size: 1.5em;\">PRECIO 3PACK (3 Inyecciones)<\/strong><\/span><\/h4>\n<h4 style=\"text-align: center;\"><span style=\"color: #000000;\"><strong><em><span style=\"color: #333399;\">Sudagrip Antigripal<\/span> Inyectable Ampolla x5 mL<\/em><\/strong><\/span><\/h4>\n<h4 style=\"text-align: center;\"><span style=\"color: #333399;\">Sudagrip Antigripal<\/span> inyectable est\u00e1 indicado para el tratamiento de los s\u00edntomas de la gripe, como:<\/h4>\n<ul style=\"text-align: center;\">\n<li>\n<h4>Fiebre<\/h4>\n<\/li>\n<li>\n<h4>Dolor de cabeza<\/h4>\n<\/li>\n<li>\n<h4>Dolor muscular<\/h4>\n<\/li>\n<li>\n<h4>Dolor de garganta<\/h4>\n<\/li>\n<li>\n<h4>Congesti\u00f3n nasal<\/h4>\n<\/li>\n<li>\n<h4>Tos<\/h4>\n<\/li>\n<\/ul>\n<h4 style=\"text-align: center;\"><strong>La dosis recomendada de <span style=\"color: #333399;\">Sudagrip Antigripal<\/span> inyectable es de 1 ampolla cada 8 horas, hasta un m\u00e1ximo de 4 ampollas al d\u00eda.<\/strong><\/h4>\n","protected":false},"featured_media":6161,"comment_status":"closed","ping_status":"closed","template":"","meta":{"_kad_post_transparent":"","_kad_post_title":"","_kad_post_layout":"","_kad_post_sidebar_id":"","_kad_post_content_style":"","_kad_post_vertical_padding":"","_kad_post_feature":"","_kad_post_feature_position":"","_kad_post_header":false,"_kad_post_footer":false,"_kad_post_classname":""},"product_brand":[],"product_cat":[444,441,473,281],"product_tag":[568,661,1435,1458,607,608,609,610,611,612,613,614,1459,257],"class_list":{"0":"post-5165","1":"product","2":"type-product","3":"status-publish","4":"has-post-thumbnail","6":"product_cat-ampolla-intramuscular","7":"product_cat-inyectables","8":"product_cat-laboratorios-paill","9":"product_cat-para-el-dolor-y-fiebre","10":"product_tag-antihistaminico","11":"product_tag-baja-la-fiebre","12":"product_tag-disminuye-la-congestion-nasal","13":"product_tag-sudagrip-antigripal","14":"product_tag-sudagrip-capsulas","15":"product_tag-sudagrip-capsulas-para-la-gripe","16":"product_tag-sudagrip-el-salvador","17":"product_tag-sudagrip-inyeccion","18":"product_tag-sudagrip-inyectable","19":"product_tag-sudagrip-para-la-gripe","20":"product_tag-sudagrip-polvo-granulado","21":"product_tag-sudagrip-te","22":"product_tag-suprime-el-dolor","23":"product_tag-vitaminas-en-el-salvador","25":"first","26":"instock","27":"purchasable","28":"product-type-simple","29":"entry","30":"content-bg","31":"loop-entry"},"_links":{"self":[{"href":"https:\/\/myvitaminss.com\/index.php\/wp-json\/wp\/v2\/product\/5165","targetHints":{"allow":["GET"]}}],"collection":[{"href":"https:\/\/myvitaminss.com\/index.php\/wp-json\/wp\/v2\/product"}],"about":[{"href":"https:\/\/myvitaminss.com\/index.php\/wp-json\/wp\/v2\/types\/product"}],"replies":[{"embeddable":true,"href":"https:\/\/myvitaminss.com\/index.php\/wp-json\/wp\/v2\/comments?post=5165"}],"wp:featuredmedia":[{"embeddable":true,"href":"https:\/\/myvitaminss.com\/index.php\/wp-json\/wp\/v2\/media\/6161"}],"wp:attachment":[{"href":"https:\/\/myvitaminss.com\/index.php\/wp-json\/wp\/v2\/media?parent=5165"}],"wp:term":[{"taxonomy":"product_brand","embeddable":true,"href":"https:\/\/myvitaminss.com\/index.php\/wp-json\/wp\/v2\/product_brand?post=5165"},{"taxonomy":"product_cat","embeddable":true,"href":"https:\/\/myvitaminss.com\/index.php\/wp-json\/wp\/v2\/product_cat?post=5165"},{"taxonomy":"product_tag","embeddable":true,"href":"https:\/\/myvitaminss.com\/index.php\/wp-json\/wp\/v2\/product_tag?post=5165"}],"curies":[{"name":"wp","href":"https:\/\/api.w.org\/{rel}","templated":true}]}}