{"id":5160,"date":"2021-04-20T21:24:19","date_gmt":"2021-04-21T03:24:19","guid":{"rendered":"https:\/\/myvitaminss.com\/?post_type=product&#038;p=5160"},"modified":"2022-08-16T18:40:46","modified_gmt":"2022-08-17T00:40:46","slug":"sudagrip-gripe-y-tos-tabletas","status":"publish","type":"product","link":"https:\/\/myvitaminss.com\/index.php\/producto\/sudagrip-gripe-y-tos-tabletas\/","title":{"rendered":"Sudagrip Gripe y Tos Tabletas  \ud83e\udd27\ud83e\udd12"},"content":{"rendered":"<p style=\"text-align: center;\"><span style=\"color: #3366ff;\"><strong><em>DOSIS:<\/em><\/strong><\/span><\/p>\n<p style=\"text-align: center;\"><span style=\"color: #000000;\">Adultos y mayores de 12 a\u00f1os, tomar 1 tableta cada 6 horas. No exceder de 4 dosis en 24 horas.<\/span><\/p>\n<p style=\"text-align: center;\"><em><strong><span style=\"color: #3366ff;\">F\u00d3RMULA:<\/span><\/strong><\/em><\/p>\n<p style=\"text-align: center;\"><span style=\"color: #000000;\">Cada tableta contiene:<\/span><\/p>\n<p style=\"text-align: center;\"><span style=\"color: #000000;\">Paracetamol 500.00 mg.,<\/span><\/p>\n<p style=\"text-align: center;\"><span style=\"color: #000000;\">Dextrometorfano HBr 10.00 mg.,<\/span><\/p>\n<p style=\"text-align: center;\"><span style=\"color: #000000;\">Fenilefrina Clorhidrato 5.00 mg.,<\/span><\/p>\n<p style=\"text-align: center;\"><span style=\"color: #000000;\">Clorfeniramina Maleato 2.00 mg.<\/span><\/p>\n","protected":false},"excerpt":{"rendered":"<p style=\"text-align: center;\"><span style=\"color: #000000;\"><span style=\"color: #ffcc00;\">Sudagrip Gripe y Tos <\/span>Tabletas Display contiene 25 Sobres \/ 50 Tabletas<\/span><br \/>\n<span style=\"color: #000000;\">Antigripal con acci\u00f3n antial\u00e9rgica que alivia los s\u00edntomas de la gripe y tos. Suprime los s\u00edntomas gripales como:<\/span><\/p>\n<p style=\"text-align: center;\"><span style=\"color: #000000;\">El dolor de cuerpo<\/span><br \/>\n<span style=\"color: #000000;\">Disminuye la fiebre<\/span><br \/>\n<span style=\"color: #000000;\">Disminuye la congesti\u00f3n nasal<\/span><br \/>\n<span style=\"color: #000000;\">Suprime la tos<\/span><br \/>\n<span style=\"color: #000000;\">Ejerce una acci\u00f3n antial\u00e9rgica<\/span><\/p>\n","protected":false},"featured_media":5545,"comment_status":"closed","ping_status":"closed","template":"","meta":{"_kad_post_transparent":"","_kad_post_title":"","_kad_post_layout":"","_kad_post_sidebar_id":"","_kad_post_content_style":"","_kad_post_vertical_padding":"","_kad_post_feature":"","_kad_post_feature_position":"","_kad_post_header":false,"_kad_post_footer":false,"_kad_post_classname":""},"product_brand":[],"product_cat":[364,566,473,279,651,308,282],"product_tag":[661,1424,1425,1435,1436,949,1437,1426,1427,1428,1429,1438,1430],"class_list":{"0":"post-5160","1":"product","2":"type-product","3":"status-publish","4":"has-post-thumbnail","6":"product_cat-alergias","7":"product_cat-gripe","8":"product_cat-laboratorios-paill","9":"product_cat-medicina","10":"product_cat-resfriado-y-tos","11":"product_cat-tablecaps","12":"product_cat-tabletas","13":"product_tag-baja-la-fiebre","14":"product_tag-descongestiona-las-fosas-nasales","15":"product_tag-dextrometorfan","16":"product_tag-disminuye-la-congestion-nasal","17":"product_tag-disminuye-la-fiebre","18":"product_tag-dolor-de-cuerpo","19":"product_tag-ejerce-una-accion-antialergica","20":"product_tag-fenilefrina","21":"product_tag-paracetamol","22":"product_tag-quita-el-dolor","23":"product_tag-sudagrip-dia-tabletas","24":"product_tag-sudagrip-gripe-y-tos-tabletas","25":"product_tag-suprime-la-tos","27":"first","28":"outofstock","29":"shipping-taxable","30":"purchasable","31":"product-type-simple","32":"entry","33":"content-bg","34":"loop-entry"},"_links":{"self":[{"href":"https:\/\/myvitaminss.com\/index.php\/wp-json\/wp\/v2\/product\/5160","targetHints":{"allow":["GET"]}}],"collection":[{"href":"https:\/\/myvitaminss.com\/index.php\/wp-json\/wp\/v2\/product"}],"about":[{"href":"https:\/\/myvitaminss.com\/index.php\/wp-json\/wp\/v2\/types\/product"}],"replies":[{"embeddable":true,"href":"https:\/\/myvitaminss.com\/index.php\/wp-json\/wp\/v2\/comments?post=5160"}],"wp:featuredmedia":[{"embeddable":true,"href":"https:\/\/myvitaminss.com\/index.php\/wp-json\/wp\/v2\/media\/5545"}],"wp:attachment":[{"href":"https:\/\/myvitaminss.com\/index.php\/wp-json\/wp\/v2\/media?parent=5160"}],"wp:term":[{"taxonomy":"product_brand","embeddable":true,"href":"https:\/\/myvitaminss.com\/index.php\/wp-json\/wp\/v2\/product_brand?post=5160"},{"taxonomy":"product_cat","embeddable":true,"href":"https:\/\/myvitaminss.com\/index.php\/wp-json\/wp\/v2\/product_cat?post=5160"},{"taxonomy":"product_tag","embeddable":true,"href":"https:\/\/myvitaminss.com\/index.php\/wp-json\/wp\/v2\/product_tag?post=5160"}],"curies":[{"name":"wp","href":"https:\/\/api.w.org\/{rel}","templated":true}]}}