{"id":5136,"date":"2021-04-20T21:24:01","date_gmt":"2021-04-21T03:24:01","guid":{"rendered":"https:\/\/myvitaminss.com\/?post_type=product&#038;p=5136"},"modified":"2022-02-22T21:11:14","modified_gmt":"2022-02-23T03:11:14","slug":"nappil-550-naproxeno-tabletas","status":"publish","type":"product","link":"https:\/\/myvitaminss.com\/index.php\/producto\/nappil-550-naproxeno-tabletas\/","title":{"rendered":"Nappil 550 Naproxeno Tabletas \ud83d\ude0b\ud83d\ude0a"},"content":{"rendered":"<p style=\"text-align: center;\"><span style=\"color: #3366ff;\"><strong><em>Caja de 100 Tabletas<\/em><\/strong><\/span><\/p>\n","protected":false},"excerpt":{"rendered":"<p style=\"text-align: center;\"><span style=\"color: #3366ff;\"><strong><em>Nappil 550<\/em><\/strong><\/span><\/p>\n<p style=\"text-align: center;\"><span style=\"color: #000000;\">Est\u00e1 indicado\u00a0 como antiinflamatorio y analg\u00e9sico en traumatismos, afecciones musculoesquel\u00e9ticas, cirug\u00edas, urolog\u00eda, odontolog\u00eda, afecciones oft\u00e1lmicas, ginecolog\u00eda, otorrinolaringolog\u00eda.<\/span><\/p>\n<p style=\"text-align: center;\"><strong><em><span style=\"color: #000000;\"><span style=\"color: #0000ff;\">Que es el Naproxeno?<\/span> <\/span><\/em><\/strong><\/p>\n<p style=\"text-align: center;\"><span style=\"color: #000000;\">El naproxeno es un medicamento antinflamatorio no esteroideo que se emplea en el tratamiento del dolor leve a moderado, la fiebre, la inflamaci\u00f3n y la rigidez provocados por afecciones como artrosis, artritis psori\u00e1sica, espondilitis anquilosante, tendinitis y bursitis.<\/span><\/p>\n","protected":false},"featured_media":5558,"comment_status":"closed","ping_status":"closed","template":"","meta":{"_kad_post_transparent":"","_kad_post_title":"","_kad_post_layout":"","_kad_post_sidebar_id":"","_kad_post_content_style":"","_kad_post_vertical_padding":"","_kad_post_feature":"","_kad_post_feature_position":"","_kad_post_header":false,"_kad_post_footer":false,"_kad_post_classname":""},"product_brand":[],"product_cat":[145,341,402,148],"product_tag":[1411,1412,1413,833,1414,1415,1416,1417,1418,1356,1389,1419],"class_list":{"0":"post-5136","1":"product","2":"type-product","3":"status-publish","4":"has-post-thumbnail","6":"product_cat-artritis","7":"product_cat-artritis-artrosis-reuma","8":"product_cat-laboratorios-saimed","9":"product_cat-medicamento-para-el-dolor","10":"product_tag-afecciones-musculoesqueleticas","11":"product_tag-afecciones-oftalmicas","12":"product_tag-analgesico","13":"product_tag-antiinflamatorio","14":"product_tag-cirugias","15":"product_tag-ginecologia","16":"product_tag-nappil-550","17":"product_tag-naproxeno","18":"product_tag-odontologia","19":"product_tag-otorrinolaringologia","20":"product_tag-traumatismos","21":"product_tag-urologia","23":"first","24":"instock","25":"shipping-taxable","26":"purchasable","27":"product-type-simple","28":"entry","29":"content-bg","30":"loop-entry"},"_links":{"self":[{"href":"https:\/\/myvitaminss.com\/index.php\/wp-json\/wp\/v2\/product\/5136","targetHints":{"allow":["GET"]}}],"collection":[{"href":"https:\/\/myvitaminss.com\/index.php\/wp-json\/wp\/v2\/product"}],"about":[{"href":"https:\/\/myvitaminss.com\/index.php\/wp-json\/wp\/v2\/types\/product"}],"replies":[{"embeddable":true,"href":"https:\/\/myvitaminss.com\/index.php\/wp-json\/wp\/v2\/comments?post=5136"}],"wp:featuredmedia":[{"embeddable":true,"href":"https:\/\/myvitaminss.com\/index.php\/wp-json\/wp\/v2\/media\/5558"}],"wp:attachment":[{"href":"https:\/\/myvitaminss.com\/index.php\/wp-json\/wp\/v2\/media?parent=5136"}],"wp:term":[{"taxonomy":"product_brand","embeddable":true,"href":"https:\/\/myvitaminss.com\/index.php\/wp-json\/wp\/v2\/product_brand?post=5136"},{"taxonomy":"product_cat","embeddable":true,"href":"https:\/\/myvitaminss.com\/index.php\/wp-json\/wp\/v2\/product_cat?post=5136"},{"taxonomy":"product_tag","embeddable":true,"href":"https:\/\/myvitaminss.com\/index.php\/wp-json\/wp\/v2\/product_tag?post=5136"}],"curies":[{"name":"wp","href":"https:\/\/api.w.org\/{rel}","templated":true}]}}