{"id":5120,"date":"2021-04-20T21:24:00","date_gmt":"2021-04-21T03:24:00","guid":{"rendered":"https:\/\/myvitaminss.com\/?post_type=product&#038;p=5120"},"modified":"2022-02-21T17:57:47","modified_gmt":"2022-02-21T23:57:47","slug":"panadol-multi-sintomas","status":"publish","type":"product","link":"https:\/\/myvitaminss.com\/index.php\/producto\/panadol-multi-sintomas\/","title":{"rendered":"Panadol Multi-s\u00edntomas \ud83e\udd29\ud83e\udd2d"},"content":{"rendered":"<p style=\"text-align: center;\"><span style=\"color: #3366ff;\"><em><strong>Dosis<\/strong><\/em><\/span><\/p>\n<p style=\"text-align: center;\"><span style=\"color: #000000;\">Adultos (12 a\u00f1os en adelante): 1 o 2 tabletas cada 4-6 horas. <\/span><\/p>\n<p style=\"text-align: center;\"><span style=\"color: #000000;\">Dosis m\u00e1xima al d\u00eda: 8 tabletas en 24 horas.<\/span><\/p>\n<p style=\"text-align: center;\"><span style=\"color: #000000;\">Ni\u00f1os (menores de 12 a\u00f1os): No se recomienda.<\/span><\/p>\n<p style=\"text-align: center;\"><span style=\"color: #000000;\">No se administre m\u00e1s de 4 veces al d\u00eda la dosis recomendada, ni por m\u00e1s de 10 d\u00edas consecutivos. <\/span><\/p>\n<p style=\"text-align: center;\"><span style=\"color: #000000;\">No tomar junto a otros productos que contenga acetaminof\u00e9n, descongestionantes, antihistam\u00ednicos u otros productos para el resfriado com\u00fan.<\/span><\/p>\n<p style=\"text-align: center;\"><span style=\"color: #000000;\">Si el dolor y fiebre persisten por m\u00e1s de 3 d\u00edas consulte al m\u00e9dico<\/span><\/p>\n","protected":false},"excerpt":{"rendered":"<p style=\"text-align: center;\"><span style=\"color: #000000;\"><em><strong><span style=\"color: #3366ff;\">Panadol Multi-s\u00edntomas<\/span><\/strong><\/em> contiene una potente combinaci\u00f3n de ingredientes cl\u00ednicamente comprobados para combatir los molestos s\u00edntomas de la gripe y el resfr\u00edo, incluyendo la tos seca.<\/span><\/p>\n<p style=\"text-align: center;\"><span style=\"color: #000000;\">Para qu\u00e9 se indica?<\/span><\/p>\n<p style=\"text-align: center;\"><em><strong><span style=\"color: #3366ff;\">Alivio r\u00e1pido y efectivo de los s\u00edntomas de la gripe y el resfr\u00edo:<\/span><\/strong><\/em><br \/>\n<span style=\"color: #000000;\">Tos seca<\/span><br \/>\n<span style=\"color: #000000;\">Dolor de garganta<\/span><br \/>\n<span style=\"color: #000000;\">Congesti\u00f3n nasal<\/span><br \/>\n<span style=\"color: #000000;\">Fiebre<\/span><br \/>\n<span style=\"color: #000000;\">Dolor de cabeza y cuerpo<\/span><\/p>\n","protected":false},"featured_media":5559,"comment_status":"closed","ping_status":"closed","template":"","meta":[],"product_cat":[364,1369,566,148,279,308,282],"product_tag":[742,331,708,288,1374,1375],"class_list":{"0":"post-5120","1":"product","2":"type-product","3":"status-publish","4":"has-post-thumbnail","6":"product_cat-alergias","7":"product_cat-glaxo-smith-kline","8":"product_cat-gripe","9":"product_cat-medicamento-para-el-dolor","10":"product_cat-medicina","11":"product_cat-tablecaps","12":"product_cat-tabletas","13":"product_tag-congestion-nasal","14":"product_tag-dolor-de-cabeza-y-cuerpo","15":"product_tag-dolor-de-garganta","16":"product_tag-fiebre","17":"product_tag-panadol-multisintomas","18":"product_tag-tos-seca","20":"first","21":"instock","22":"shipping-taxable","23":"purchasable","24":"product-type-simple","25":"col-xs-6 col-sm-4","26":"col-md-3 col-lg-3","27":"un-4-cols"},"_links":{"self":[{"href":"https:\/\/myvitaminss.com\/index.php\/wp-json\/wp\/v2\/product\/5120","targetHints":{"allow":["GET"]}}],"collection":[{"href":"https:\/\/myvitaminss.com\/index.php\/wp-json\/wp\/v2\/product"}],"about":[{"href":"https:\/\/myvitaminss.com\/index.php\/wp-json\/wp\/v2\/types\/product"}],"replies":[{"embeddable":true,"href":"https:\/\/myvitaminss.com\/index.php\/wp-json\/wp\/v2\/comments?post=5120"}],"wp:featuredmedia":[{"embeddable":true,"href":"https:\/\/myvitaminss.com\/index.php\/wp-json\/wp\/v2\/media\/5559"}],"wp:attachment":[{"href":"https:\/\/myvitaminss.com\/index.php\/wp-json\/wp\/v2\/media?parent=5120"}],"wp:term":[{"taxonomy":"product_cat","embeddable":true,"href":"https:\/\/myvitaminss.com\/index.php\/wp-json\/wp\/v2\/product_cat?post=5120"},{"taxonomy":"product_tag","embeddable":true,"href":"https:\/\/myvitaminss.com\/index.php\/wp-json\/wp\/v2\/product_tag?post=5120"}],"curies":[{"name":"wp","href":"https:\/\/api.w.org\/{rel}","templated":true}]}}