{"id":5118,"date":"2021-04-20T21:23:59","date_gmt":"2021-04-21T03:23:59","guid":{"rendered":"https:\/\/myvitaminss.com\/?post_type=product&#038;p=5118"},"modified":"2022-02-21T18:34:42","modified_gmt":"2022-02-22T00:34:42","slug":"panadol-gripe-noche","status":"publish","type":"product","link":"https:\/\/myvitaminss.com\/index.php\/producto\/panadol-gripe-noche\/","title":{"rendered":"Panadol Gripe Noche \ud83e\udd27\ud83e\udd74"},"content":{"rendered":"<p style=\"text-align: center;\"><span style=\"color: #3366ff;\"><em><strong>Dosis<\/strong><\/em><\/span><\/p>\n<p style=\"text-align: center;\"><span style=\"color: #000000;\">Adultos (12 a\u00f1os en adelante): 1 o 2 tabletas cada 4-6 horas. <\/span><\/p>\n<p style=\"text-align: center;\"><span style=\"color: #000000;\">Dosis m\u00e1xima al d\u00eda: 8 tabletas en 24 horas.<\/span><\/p>\n<p style=\"text-align: center;\"><span style=\"color: #000000;\">Ni\u00f1os (menores de 12 a\u00f1os): No se recomienda.<\/span><\/p>\n<p style=\"text-align: center;\"><span style=\"color: #000000;\">No se administre m\u00e1s de 4 veces al d\u00eda la dosis recomendada, ni por m\u00e1s de 7 d\u00edas consecutivos. <\/span><\/p>\n<p style=\"text-align: center;\"><span style=\"color: #000000;\">No tomar junto a otros productos que contenga acetaminof\u00e9n, descongestionantes, antihistam\u00ednicos u otros productos para el resfriado com\u00fan.<\/span><\/p>\n<p style=\"text-align: center;\"><span style=\"color: #000000;\">Si el dolor y fiebre persisten por m\u00e1s de 3 d\u00edas consulte al m\u00e9dico.<\/span><\/p>\n","protected":false},"excerpt":{"rendered":"<p style=\"text-align: center;\"><span style=\"color: #3366ff;\"><em><strong>Disp. Contiene 52 Tabletas<\/strong><\/em><\/span><\/p>\n<p style=\"text-align: center;\"><span style=\"color: #3366ff;\"><em><strong>Panadol Gripe Noche <\/strong><\/em><\/span><\/p>\n<p style=\"text-align: center;\"><span style=\"color: #3366ff;\"><em><strong>Alivia r\u00e1pida y efectivamente los s\u00edntomas de la gripe y resfr\u00edo como:<\/strong><\/em><\/span><\/p>\n<ul>\n<li style=\"text-align: center;\"><span style=\"color: #000000;\">Dolor y congesti\u00f3n nasal<\/span><\/li>\n<li style=\"text-align: center;\"><span style=\"color: #000000;\">Ojos llorosos y picaz\u00f3n<\/span><\/li>\n<li style=\"text-align: center;\"><span style=\"color: #000000;\">Estornudos<\/span><\/li>\n<li style=\"text-align: center;\"><span style=\"color: #000000;\">Fiebre<\/span><\/li>\n<li style=\"text-align: center;\"><span style=\"color: #ff0000;\">Para que descanse mejor<\/span><\/li>\n<\/ul>\n<p style=\"text-align: center;\"><span style=\"color: #000000;\">\u00a0<\/span><\/p>\n<p>&nbsp;<\/p>\n","protected":false},"featured_media":5565,"comment_status":"closed","ping_status":"closed","template":"","meta":[],"product_cat":[364,566,282],"product_tag":[1365,570,1366,709,288,1368,952],"class_list":{"0":"post-5118","1":"product","2":"type-product","3":"status-publish","4":"has-post-thumbnail","6":"product_cat-alergias","7":"product_cat-gripe","8":"product_cat-tabletas","9":"product_tag-alivia-la-nariz-tapada","10":"product_tag-descongestionante","11":"product_tag-descongestionante-nasal","12":"product_tag-estornudos","13":"product_tag-fiebre","14":"product_tag-panadol-gripe-noche","15":"product_tag-reduce-la-fiebre","17":"first","18":"instock","19":"shipping-taxable","20":"purchasable","21":"product-type-simple","22":"col-xs-6 col-sm-4","23":"col-md-3 col-lg-3","24":"un-4-cols"},"_links":{"self":[{"href":"https:\/\/myvitaminss.com\/index.php\/wp-json\/wp\/v2\/product\/5118","targetHints":{"allow":["GET"]}}],"collection":[{"href":"https:\/\/myvitaminss.com\/index.php\/wp-json\/wp\/v2\/product"}],"about":[{"href":"https:\/\/myvitaminss.com\/index.php\/wp-json\/wp\/v2\/types\/product"}],"replies":[{"embeddable":true,"href":"https:\/\/myvitaminss.com\/index.php\/wp-json\/wp\/v2\/comments?post=5118"}],"wp:featuredmedia":[{"embeddable":true,"href":"https:\/\/myvitaminss.com\/index.php\/wp-json\/wp\/v2\/media\/5565"}],"wp:attachment":[{"href":"https:\/\/myvitaminss.com\/index.php\/wp-json\/wp\/v2\/media?parent=5118"}],"wp:term":[{"taxonomy":"product_cat","embeddable":true,"href":"https:\/\/myvitaminss.com\/index.php\/wp-json\/wp\/v2\/product_cat?post=5118"},{"taxonomy":"product_tag","embeddable":true,"href":"https:\/\/myvitaminss.com\/index.php\/wp-json\/wp\/v2\/product_tag?post=5118"}],"curies":[{"name":"wp","href":"https:\/\/api.w.org\/{rel}","templated":true}]}}