{"id":5105,"date":"2021-04-20T21:23:48","date_gmt":"2021-04-21T03:23:48","guid":{"rendered":"https:\/\/myvitaminss.com\/?post_type=product&#038;p=5105"},"modified":"2022-02-21T18:55:44","modified_gmt":"2022-02-22T00:55:44","slug":"dolo-calambrin-tabletas-recubiertas","status":"publish","type":"product","link":"https:\/\/myvitaminss.com\/index.php\/producto\/dolo-calambrin-tabletas-recubiertas\/","title":{"rendered":"Dolo-Calambrin Tabletas Recubiertas \ud83d\udc86\ud83d\udc86\u200d\u2642\ufe0f"},"content":{"rendered":"<p style=\"text-align: center;\"><em><span style=\"color: #3366ff;\"><strong>Dosis y administraci\u00f3n: <\/strong><\/span><\/em><\/p>\n<p style=\"text-align: center;\"><span style=\"color: #3366ff;\"><em><strong>Adultos y ni\u00f1os mayores de 12 a\u00f1os: <\/strong><\/em><\/span><\/p>\n<p style=\"text-align: center;\"><span style=\"color: #000000;\">La dosis recomendada es de 2 tabletas, tres o cuatro veces al d\u00eda. <\/span><\/p>\n<p style=\"text-align: center;\"><span style=\"color: #000000;\">No administrarse en ni\u00f1os menores de 12 a\u00f1os. <\/span><\/p>\n<p style=\"text-align: center;\"><span style=\"color: #000000;\">La duraci\u00f3n del tratamiento no debe ser mayor a 5 d\u00edas, a excepci\u00f3n de que el m\u00e9dico lo indique. <\/span><\/p>\n<p style=\"text-align: center;\"><span style=\"color: #000000;\">Consultar a un m\u00e9dico de inmediato si los s\u00edntomas no mejoran o empeoran despu\u00e9s de terminar con el tratamiento prescrito. <\/span><\/p>\n<p style=\"text-align: center;\"><span style=\"color: #000000;\">No administrar m\u00e1s de cinco (5) veces al d\u00eda la dosis recomendada, ni por m\u00e1s de cinco d\u00edas consecutivos a ni\u00f1os, ni por m\u00e1s de diez (10) d\u00edas consecutivos a adultos. <\/span><\/p>\n<p style=\"text-align: center;\"><span style=\"color: #000000;\">Si persiste el dolor o la fiebre por m\u00e1s de tres (3) d\u00edas consecutivos, consultar al m\u00e9dico. <\/span><\/p>\n<p style=\"text-align: center;\"><em><span style=\"color: #3366ff;\"><strong>Contraindicaciones: <\/strong><\/span><\/em><\/p>\n<p style=\"text-align: center;\"><span style=\"color: #000000;\">Hipersensibilidad a alguno de los principios activos o a alguno de los componentes de la formulaci\u00f3n. <\/span><\/p>\n<p style=\"text-align: center;\"><span style=\"color: #000000;\">El metocarbamol est\u00e1 contraindicado en estado de coma o pre-coma.<\/span><\/p>\n","protected":false},"excerpt":{"rendered":"<p style=\"text-align: center;\"><span style=\"color: #3366ff;\"><em><strong>Dolo-Calambrin <\/strong><\/em><\/span><br \/>\n<span style=\"color: #3366ff;\"><em><strong>PARA EL DOLOR MUSCULAR<\/strong><\/em><\/span><\/p>\n<p style=\"text-align: center;\"><span style=\"color: #000000;\">ACETAMINOF\u00c9N + METOCARBAMOL Tabletas recubiertas 325 mg + 400 mg <\/span><br \/>\n<span style=\"color: #000000;\">Composici\u00f3n: Cada tableta recubierta contiene: <\/span><\/p>\n<p style=\"text-align: center;\"><span style=\"color: #000000;\">Acetaminof\u00e9n (Paracetamol) 325 mg <\/span><\/p>\n<p style=\"text-align: center;\"><span style=\"color: #000000;\">Metocarbamol 400 mg <\/span><\/p>\n<p style=\"text-align: center;\"><span style=\"color: #000000;\">1 tableta recubierta <\/span><\/p>\n<p style=\"text-align: center;\"><span style=\"color: #000000;\">Excipientes c s p <\/span><\/p>\n<p style=\"text-align: center;\"><span style=\"color: #000000;\"><span style=\"color: #ff0000;\">V\u00eda de administraci\u00f3n: Oral.<\/span> <\/span><\/p>\n<p style=\"text-align: center;\"><span style=\"color: #000000;\">Acci\u00f3n farmacol\u00f3gica: <\/span><\/p>\n<p style=\"text-align: center;\"><span style=\"color: #000000;\">El metocarbamol es un carbamato que posee un potente efecto relajante musculo-esquel\u00e9tico de acci\u00f3n central debido a su acci\u00f3n como depresor del sistema nervioso central. <\/span><\/p>\n<p style=\"text-align: center;\"><span style=\"color: #000000;\">El acetaminof\u00e9n es un f\u00e1rmaco con propiedades analg\u00e9sicas que act\u00faa inhibiendo la s\u00edntesis de prostaglandinas, mediadores celulares responsables de la aparici\u00f3n del dolor. <\/span><\/p>\n<p style=\"text-align: center;\"><span style=\"color: #000000;\">Adem\u00e1s, tiene efectos antipir\u00e9ticos.<\/span><\/p>\n<p style=\"text-align: center;\"><span style=\"color: #000000;\">Farmacocin\u00e9tica: <\/span><\/p>\n<p style=\"text-align: center;\"><span style=\"color: #000000;\">El metocarbamol es absorbido r\u00e1pidamente y casi en su totalidad en el tracto gastrointestinal. <\/span><\/p>\n<p style=\"text-align: center;\"><span style=\"color: #000000;\">Su acci\u00f3n inicia aproximadamente 30 minutos despu\u00e9s de su ingesta y alcanza sus niveles plasm\u00e1ticos m\u00e1ximos 1 o 2 horas despu\u00e9s de su administraci\u00f3n. <\/span><\/p>\n<p style=\"text-align: center;\"><span style=\"color: #000000;\">Su metabolismo tiene lugar en el h\u00edgado y es excretado principalmente por medio de la orina. <\/span><\/p>\n<p style=\"text-align: center;\"><span style=\"color: #000000;\">El acetaminof\u00e9n es absorbido por el tracto gastrointestinal en forma r\u00e1pida y alcanza sus m\u00e1ximas concentraciones plasm\u00e1ticas en un lapso de 30 a 60 minutos. <\/span><\/p>\n<p style=\"text-align: center;\"><span style=\"color: #000000;\">Es extensamente metabolizado en el h\u00edgado y es excretado en un 90% a 100% por medio de la orina las primeras 24 horas seguidas a su administraci\u00f3n. <\/span><\/p>\n<p style=\"text-align: center;\"><span style=\"color: #3366ff;\"><em><strong>Indicaciones y usos: <\/strong><\/em><\/span><\/p>\n<p style=\"text-align: center;\"><span style=\"color: #000000;\">La combinaci\u00f3n de metocarbamol y acetaminof\u00e9n est\u00e1 indicada para la profilaxis y tratamiento del dolor asociado a espasmos musculo-esquel\u00e9ticos como por ejemplo dolor agudo o cr\u00f3nico de espalda, dolor causado por heridas traum\u00e1ticas, espasmo asociado con artritis, tort\u00edcolis y dolor en articulaciones.<\/span><\/p>\n","protected":false},"featured_media":5568,"comment_status":"closed","ping_status":"closed","template":"","meta":[],"product_cat":[145,341,402,279,281,232],"product_tag":[283,1358,1359,1360,1361,1362,1363,1364,465],"class_list":{"0":"post-5105","1":"product","2":"type-product","3":"status-publish","4":"has-post-thumbnail","6":"product_cat-artritis","7":"product_cat-artritis-artrosis-reuma","8":"product_cat-laboratorios-saimed","9":"product_cat-medicina","10":"product_cat-para-el-dolor-y-fiebre","11":"product_cat-tabletas-recubiertas","12":"product_tag-acetaminofen","13":"product_tag-dolo-calambrin-tabletas-recubiertas","14":"product_tag-dolor-agudo-o-cronico-de-espalda","15":"product_tag-dolor-causado-por-heridas-traumaticas","16":"product_tag-dolor-en-articulaciones","17":"product_tag-espasmo-asociado-con-artritis","18":"product_tag-metocarbamol","19":"product_tag-saimed","20":"product_tag-torticolis","22":"first","23":"instock","24":"sale","25":"shipping-taxable","26":"purchasable","27":"product-type-variable","28":"has-default-attributes","29":"col-xs-6 col-sm-4","30":"col-md-3 col-lg-3","31":"un-4-cols"},"_links":{"self":[{"href":"https:\/\/myvitaminss.com\/index.php\/wp-json\/wp\/v2\/product\/5105","targetHints":{"allow":["GET"]}}],"collection":[{"href":"https:\/\/myvitaminss.com\/index.php\/wp-json\/wp\/v2\/product"}],"about":[{"href":"https:\/\/myvitaminss.com\/index.php\/wp-json\/wp\/v2\/types\/product"}],"replies":[{"embeddable":true,"href":"https:\/\/myvitaminss.com\/index.php\/wp-json\/wp\/v2\/comments?post=5105"}],"wp:featuredmedia":[{"embeddable":true,"href":"https:\/\/myvitaminss.com\/index.php\/wp-json\/wp\/v2\/media\/5568"}],"wp:attachment":[{"href":"https:\/\/myvitaminss.com\/index.php\/wp-json\/wp\/v2\/media?parent=5105"}],"wp:term":[{"taxonomy":"product_cat","embeddable":true,"href":"https:\/\/myvitaminss.com\/index.php\/wp-json\/wp\/v2\/product_cat?post=5105"},{"taxonomy":"product_tag","embeddable":true,"href":"https:\/\/myvitaminss.com\/index.php\/wp-json\/wp\/v2\/product_tag?post=5105"}],"curies":[{"name":"wp","href":"https:\/\/api.w.org\/{rel}","templated":true}]}}