{"id":5101,"date":"2021-04-20T21:23:48","date_gmt":"2021-04-21T03:23:48","guid":{"rendered":"https:\/\/myvitaminss.com\/?post_type=product&#038;p=5101"},"modified":"2022-02-21T19:04:30","modified_gmt":"2022-02-22T01:04:30","slug":"binotal-1000-mg-comprimidos","status":"publish","type":"product","link":"https:\/\/myvitaminss.com\/index.php\/producto\/binotal-1000-mg-comprimidos\/","title":{"rendered":"Binotal 1000 mg Comprimidos \ud83e\udd2d\u263a"},"content":{"rendered":"<p style=\"text-align: center;\"><span style=\"color: #3366ff;\"><em><strong>Dosis: <\/strong><\/em><\/span><\/p>\n<p style=\"text-align: center;\"><span style=\"color: #3366ff;\"><em><strong>La que el m\u00e9dico se\u00f1ale<\/strong><\/em><\/span><\/p>\n<p style=\"text-align: center;\"><span style=\"color: #000000;\">Normalmente: Adultos y ni\u00f1os mayores de 14 a\u00f1os: 500 mg a 1000 mg cada 6 horas<\/span><\/p>\n<p style=\"text-align: center;\"><span style=\"color: #000000;\">BINOTAL est\u00e1 contraindicado en pacientes con hipersensibilidad conocida o sospechada a las penicilinas y\/o a los componentes de la f\u00f3rmula<\/span><\/p>\n","protected":false},"excerpt":{"rendered":"<p style=\"text-align: center;\"><span style=\"color: #000000;\">Infecci\u00f3n ORL (<span class=\"ILfuVd NA6bn\"><span class=\"hgKElc\">otorrinolaringolog\u00eda) <\/span><\/span>, respiratoria, odontoestomatol\u00f3gica, gastrointestinal, genitourinaria, de piel y tejido blando, neurol\u00f3gica, cirug\u00eda, traumatolog\u00eda, meningitis bacteriana y septicemia.<\/span><\/p>\n<p style=\"text-align: center;\">\n","protected":false},"featured_media":5570,"comment_status":"closed","ping_status":"closed","template":"","meta":{"_kad_post_transparent":"","_kad_post_title":"","_kad_post_layout":"","_kad_post_sidebar_id":"","_kad_post_content_style":"","_kad_post_vertical_padding":"","_kad_post_feature":"","_kad_post_feature_position":"","_kad_post_header":false,"_kad_post_footer":false,"_kad_post_classname":""},"product_brand":[],"product_cat":[498,1328,294],"product_tag":[1345,1346,1347,1348,1349,1350,1351,1352,1353,1354,1355,1356,1357],"class_list":{"0":"post-5101","1":"product","2":"type-product","3":"status-publish","4":"has-post-thumbnail","6":"product_cat-antibioticos","7":"product_cat-comprimidos","8":"product_cat-laboratorios-bayer","9":"product_tag-binotal-1000-mg","10":"product_tag-infeccion-de-cirugia","11":"product_tag-infeccion-de-piel-y-tejido-blando","12":"product_tag-infeccion-de-traumatologia","13":"product_tag-infeccion-gastrointestinal","14":"product_tag-infeccion-genitourinaria","15":"product_tag-infeccion-meningitis-bacteriana","16":"product_tag-infeccion-neurologica","17":"product_tag-infeccion-odontoestomatologica","18":"product_tag-infeccion-orl","19":"product_tag-infeccion-respiratoria","20":"product_tag-otorrinolaringologia","21":"product_tag-septicemia","23":"first","24":"instock","25":"sale","26":"shipping-taxable","27":"purchasable","28":"product-type-variable","29":"has-default-attributes","30":"entry","31":"content-bg","32":"loop-entry"},"_links":{"self":[{"href":"https:\/\/myvitaminss.com\/index.php\/wp-json\/wp\/v2\/product\/5101","targetHints":{"allow":["GET"]}}],"collection":[{"href":"https:\/\/myvitaminss.com\/index.php\/wp-json\/wp\/v2\/product"}],"about":[{"href":"https:\/\/myvitaminss.com\/index.php\/wp-json\/wp\/v2\/types\/product"}],"replies":[{"embeddable":true,"href":"https:\/\/myvitaminss.com\/index.php\/wp-json\/wp\/v2\/comments?post=5101"}],"wp:featuredmedia":[{"embeddable":true,"href":"https:\/\/myvitaminss.com\/index.php\/wp-json\/wp\/v2\/media\/5570"}],"wp:attachment":[{"href":"https:\/\/myvitaminss.com\/index.php\/wp-json\/wp\/v2\/media?parent=5101"}],"wp:term":[{"taxonomy":"product_brand","embeddable":true,"href":"https:\/\/myvitaminss.com\/index.php\/wp-json\/wp\/v2\/product_brand?post=5101"},{"taxonomy":"product_cat","embeddable":true,"href":"https:\/\/myvitaminss.com\/index.php\/wp-json\/wp\/v2\/product_cat?post=5101"},{"taxonomy":"product_tag","embeddable":true,"href":"https:\/\/myvitaminss.com\/index.php\/wp-json\/wp\/v2\/product_tag?post=5101"}],"curies":[{"name":"wp","href":"https:\/\/api.w.org\/{rel}","templated":true}]}}