{"id":5095,"date":"2021-04-20T21:23:48","date_gmt":"2021-04-21T03:23:48","guid":{"rendered":"https:\/\/myvitaminss.com\/?post_type=product&#038;p=5095"},"modified":"2022-02-21T18:43:39","modified_gmt":"2022-02-22T00:43:39","slug":"clorfeniramina-ecomed-4mg","status":"publish","type":"product","link":"https:\/\/myvitaminss.com\/index.php\/producto\/clorfeniramina-ecomed-4mg\/","title":{"rendered":"CLORFENIRAMINA ECOMED 4MG \ud83d\ude2f\ud83d\ude32"},"content":{"rendered":"<p style=\"text-align: center;\"><span style=\"color: #000000;\">El m\u00e9dico debe determinar la<span style=\"color: #ff0000;\"> dosis<\/span> y el tiempo de tratamiento apropiados a su caso particular. <\/span><\/p>\n<p style=\"text-align: center;\"><span style=\"color: #000000;\">No obstante, la dosis usual recomendada es:<\/span><\/p>\n<p style=\"text-align: center;\"><span style=\"color: #000000;\">\u2013 Adultos: 4 mg por v\u00eda oral cada 6-8 horas.<\/span><\/p>\n<p style=\"text-align: center;\"><span style=\"color: #000000;\">\u2013 Ni\u00f1os de 6 a 12 a\u00f1os: 2 mg (1\/2 tableta) por v\u00eda oral cada 6-8 horas.<\/span><\/p>\n<p style=\"text-align: center;\"><span style=\"color: #000000;\">\u2013 Ni\u00f1os de 2 a 5 a\u00f1os: 1 mg (1\/4 tableta) por v\u00eda oral cada 6-8 horas.<\/span><\/p>\n<p style=\"text-align: center;\"><span style=\"color: #3366ff;\"><em><strong>Tomar tableta con un vaso de agua; leche o con alimentos para disminuir los posibles efectos g\u00e1stricos.<\/strong><\/em><\/span><\/p>\n<p style=\"text-align: center;\"><span style=\"color: #3366ff;\"><em><strong>Advertencias:<\/strong><\/em><\/span><\/p>\n<p style=\"text-align: center;\"><span style=\"color: #000000;\">No administrar a ni\u00f1os menores de 2 a\u00f1os sin indicaci\u00f3n m\u00e9dica.<\/span><\/p>\n<p style=\"text-align: center;\"><span style=\"color: #000000;\">Puede inducir sue\u00f1o; no tomar conjuntamente con alcohol. <\/span><\/p>\n<p style=\"text-align: center;\"><span style=\"color: #000000;\">Las personas que conducen veh\u00edculos u operan maquinarias deben tener presente la posibilidad de sufrir sue\u00f1o.<\/span><\/p>\n<p style=\"text-align: center;\"><span style=\"color: #000000;\">Puede interferir con algunas pruebas de laboratorio para determinar las causas de algunas alergias.<\/span><\/p>\n","protected":false},"excerpt":{"rendered":"<p style=\"text-align: center;\"><span style=\"color: #000000;\"><span style=\"color: #3366ff;\"><strong><em>Clorfeniramina<\/em><\/strong><\/span> se usa para el alivio de los s\u00edntomas de estados al\u00e9rgicos, tales como: <\/span><\/p>\n<p style=\"text-align: center;\"><span style=\"color: #000000;\">Rinitis al\u00e9rgica estacional o cr\u00f3nica, secreci\u00f3n nasal excesiva (rinorrea) de origen al\u00e9rgico o del resfr\u00edo com\u00fan. <\/span><\/p>\n<p style=\"text-align: center;\"><span style=\"color: #000000;\">Conjuntivitis al\u00e9rgica. <\/span><\/p>\n<p style=\"text-align: center;\"><span style=\"color: #000000;\">Prurito, urticaria y otras manifestaciones al\u00e9rgicas cut\u00e1neas.<\/span><\/p>\n","protected":false},"featured_media":5567,"comment_status":"closed","ping_status":"closed","template":"","meta":[],"product_cat":[364,799,282],"product_tag":[1335,1336,1337,1338,1339,1340,1341,1342,1343,1344],"class_list":{"0":"post-5095","1":"product","2":"type-product","3":"status-publish","4":"has-post-thumbnail","6":"product_cat-alergias","7":"product_cat-laboratorios-pharmedic","8":"product_cat-tabletas","9":"product_tag-clorfeniramina-4mg-ecomed","10":"product_tag-conjuntivitis-alergica","11":"product_tag-manifestaciones-alergicas-cutaneas","12":"product_tag-prurito","13":"product_tag-rinitis-alergica-cronica","14":"product_tag-rinitis-alergica-estacional","15":"product_tag-rinorrea","16":"product_tag-secrecion-nasal-excesiva-de-origen-alergico","17":"product_tag-secrecion-nasal-excesiva-del-resfrio-comun","18":"product_tag-urticaria","20":"first","21":"instock","22":"sale","23":"shipping-taxable","24":"purchasable","25":"product-type-variable","26":"has-default-attributes","27":"col-xs-6 col-sm-4","28":"col-md-3 col-lg-3","29":"un-4-cols"},"_links":{"self":[{"href":"https:\/\/myvitaminss.com\/index.php\/wp-json\/wp\/v2\/product\/5095","targetHints":{"allow":["GET"]}}],"collection":[{"href":"https:\/\/myvitaminss.com\/index.php\/wp-json\/wp\/v2\/product"}],"about":[{"href":"https:\/\/myvitaminss.com\/index.php\/wp-json\/wp\/v2\/types\/product"}],"replies":[{"embeddable":true,"href":"https:\/\/myvitaminss.com\/index.php\/wp-json\/wp\/v2\/comments?post=5095"}],"wp:featuredmedia":[{"embeddable":true,"href":"https:\/\/myvitaminss.com\/index.php\/wp-json\/wp\/v2\/media\/5567"}],"wp:attachment":[{"href":"https:\/\/myvitaminss.com\/index.php\/wp-json\/wp\/v2\/media?parent=5095"}],"wp:term":[{"taxonomy":"product_cat","embeddable":true,"href":"https:\/\/myvitaminss.com\/index.php\/wp-json\/wp\/v2\/product_cat?post=5095"},{"taxonomy":"product_tag","embeddable":true,"href":"https:\/\/myvitaminss.com\/index.php\/wp-json\/wp\/v2\/product_tag?post=5095"}],"curies":[{"name":"wp","href":"https:\/\/api.w.org\/{rel}","templated":true}]}}