{"id":5089,"date":"2021-04-20T21:23:47","date_gmt":"2021-04-21T03:23:47","guid":{"rendered":"https:\/\/myvitaminss.com\/?post_type=product&#038;p=5089"},"modified":"2022-02-21T19:48:39","modified_gmt":"2022-02-22T01:48:39","slug":"voltaren-50mg-comprimidos-o-tabletas","status":"publish","type":"product","link":"https:\/\/myvitaminss.com\/index.php\/producto\/voltaren-50mg-comprimidos-o-tabletas\/","title":{"rendered":"Voltar\u00e9n 50mg comprimidos o tabletas \ud83d\udc4c\ud83d\ude05"},"content":{"rendered":"<p style=\"text-align: center;\"><span style=\"color: #3366ff;\"><em><strong>Uso en adultos y ni\u00f1os mayores de 14 a\u00f1os<\/strong><\/em><\/span><\/p>\n<p style=\"text-align: center;\"><span style=\"color: #000000;\">En los casos m\u00e1s leves suelen ser suficientes 2 comprimidos de Voltar\u00e9n al d\u00eda. <\/span><\/p>\n<p style=\"text-align: center;\"><span style=\"color: #000000;\">No sobrepase la dosis de 3 comprimidos (150 mg de diclofenaco) al d\u00eda. <\/span><\/p>\n<p style=\"text-align: center;\"><span style=\"color: #000000;\">La dosis total diaria deber\u00e1 dividirse en 2 \u00f3 3 tomas fraccionadas.<\/span><\/p>\n<p style=\"text-align: center;\"><span style=\"color: #000000;\">En los dolores menstruales, la dosis diaria, que deber\u00e1 ajustarse individualmente, es de 50-200 mg (1 a 4 comprimidos). <\/span><\/p>\n<p style=\"text-align: center;\"><span style=\"color: #000000;\">Se administrar\u00e1 una dosis inicial de 50-100 mg (1 a 2 comprimidos) y si es necesario se aumentar\u00e1 en los siguientes ciclos menstruales. <\/span><\/p>\n<p style=\"text-align: center;\"><span style=\"color: #000000;\">El tratamiento debe iniciarse cuando aparezca el primer s\u00edntoma. <\/span><\/p>\n<p style=\"text-align: center;\"><span style=\"color: #3366ff;\"><em><strong>Dependiendo de su intensidad, se continuar\u00e1 unos d\u00edas.<\/strong><\/em><\/span><\/p>\n<p style=\"text-align: center;\"><span style=\"color: #000000;\"><strong><span style=\"color: #3366ff;\"><em>Como se toma?<\/em><\/span><br \/>\n<\/strong><\/span><\/p>\n<p style=\"text-align: center;\"><span style=\"color: #000000;\">Tome Voltar\u00e9n 50 mg preferentemente antes de las comidas o con el est\u00f3mago vac\u00edo.<\/span><\/p>\n<p style=\"text-align: center;\"><span style=\"color: #000000;\">Los comprimidos se deben ingerir enteros con un vaso de agua u otro l\u00edquido, sin dividirlos ni masticarlos.<\/span><\/p>\n<p style=\"text-align: center;\">\n<span style=\"color: #3366ff;\"><em><strong>Embarazo<\/strong><\/em><\/span><\/p>\n<p style=\"text-align: center;\"><span style=\"color: #000000;\">Consulte a su m\u00e9dico o farmac\u00e9utico antes de utilizar cualquier medicamento.<\/span><\/p>\n<p style=\"text-align: center;\"><span style=\"color: #3366ff;\"><em><strong>Lactancia<\/strong><\/em><\/span><\/p>\n<p style=\"text-align: center;\"><span style=\"color: #000000;\">Consulte a su m\u00e9dico o farmac\u00e9utico antes de utilizar cualquier medicamento.<\/span><\/p>\n","protected":false},"excerpt":{"rendered":"<h4 style=\"text-align: center;\"><span style=\"color: #000000;\"><strong><em><span style=\"color: #3366ff;\">Voltar\u00e9n 50 mg <\/span><\/em><\/strong>pertenece al grupo de medicamentos denominados antiinflamatorios no esteroideos, utilizados para tratar el dolor y la inflamaci\u00f3n.<\/span><\/h4>\n<h4 style=\"text-align: center;\"><span style=\"color: #3366ff;\"><em><strong>Voltar\u00e9n 50 mg se utiliza para tratar las siguientes afecciones:<\/strong><\/em><\/span><\/h4>\n<h4 style=\"text-align: center;\"><span style=\"color: #000000;\">&#8211; Enfermedades reum\u00e1ticas inflamatorias cr\u00f3nicas (artritis reumatoide, espondiloartritis anquilopoy\u00e9tica, artrosis),<\/span><\/h4>\n<h4 style=\"text-align: center;\"><span style=\"color: #000000;\">&#8211; Reumatismo extraarticular,<\/span><\/h4>\n<h4 style=\"text-align: center;\"><span style=\"color: #000000;\">&#8211;<\/span><span style=\"color: #000000;\">Ataques agudos de gota,<\/span><\/h4>\n<h4 style=\"text-align: center;\"><span style=\"color: #000000;\">&#8211; Dolores menstruales,<\/span><\/h4>\n<h4 style=\"text-align: center;\"><span style=\"color: #000000;\">&#8211; Inflamaci\u00f3n postraum\u00e1tica.<\/span><\/h4>\n","protected":false},"featured_media":5572,"comment_status":"closed","ping_status":"closed","template":"","meta":[],"product_cat":[145,341,1328,1318,282],"product_tag":[375,835,1329,1330,1331,1332,1333,1334],"class_list":{"0":"post-5089","1":"product","2":"type-product","3":"status-publish","4":"has-post-thumbnail","6":"product_cat-artritis","7":"product_cat-artritis-artrosis-reuma","8":"product_cat-comprimidos","9":"product_cat-novartis-pharmaceuticals","10":"product_cat-tabletas","11":"product_tag-artritis-reumatoide","12":"product_tag-artrosis","13":"product_tag-ataques-agudos-de-gota","14":"product_tag-dolores-menstruales","15":"product_tag-espondiloartritis-anquilopoyetica","16":"product_tag-inflamacion-postraumatica","17":"product_tag-reumatismo-extraarticular","18":"product_tag-voltaren-50mg-comprimidos-o-tabletas","20":"first","21":"instock","22":"sale","23":"shipping-taxable","24":"purchasable","25":"product-type-variable","26":"has-default-attributes","27":"col-xs-6 col-sm-4","28":"col-md-3 col-lg-3","29":"un-4-cols"},"_links":{"self":[{"href":"https:\/\/myvitaminss.com\/index.php\/wp-json\/wp\/v2\/product\/5089","targetHints":{"allow":["GET"]}}],"collection":[{"href":"https:\/\/myvitaminss.com\/index.php\/wp-json\/wp\/v2\/product"}],"about":[{"href":"https:\/\/myvitaminss.com\/index.php\/wp-json\/wp\/v2\/types\/product"}],"replies":[{"embeddable":true,"href":"https:\/\/myvitaminss.com\/index.php\/wp-json\/wp\/v2\/comments?post=5089"}],"wp:featuredmedia":[{"embeddable":true,"href":"https:\/\/myvitaminss.com\/index.php\/wp-json\/wp\/v2\/media\/5572"}],"wp:attachment":[{"href":"https:\/\/myvitaminss.com\/index.php\/wp-json\/wp\/v2\/media?parent=5089"}],"wp:term":[{"taxonomy":"product_cat","embeddable":true,"href":"https:\/\/myvitaminss.com\/index.php\/wp-json\/wp\/v2\/product_cat?post=5089"},{"taxonomy":"product_tag","embeddable":true,"href":"https:\/\/myvitaminss.com\/index.php\/wp-json\/wp\/v2\/product_tag?post=5089"}],"curies":[{"name":"wp","href":"https:\/\/api.w.org\/{rel}","templated":true}]}}