{"id":5088,"date":"2021-04-20T21:23:47","date_gmt":"2021-04-21T03:23:47","guid":{"rendered":"https:\/\/myvitaminss.com\/?post_type=product&#038;p=5088"},"modified":"2022-03-23T16:24:13","modified_gmt":"2022-03-23T22:24:13","slug":"voltaren-inyectable-75-mg-3-ml","status":"publish","type":"product","link":"https:\/\/myvitaminss.com\/index.php\/producto\/voltaren-inyectable-75-mg-3-ml\/","title":{"rendered":"VOLTAREN inyectable 75 mg\/3 ml \ud83d\udc89\ud83e\udd2f"},"content":{"rendered":"<p style=\"text-align: center;\"><span style=\"color: #3366ff;\"><em><strong>Uso en adultos<\/strong><\/em><\/span><\/p>\n<p style=\"text-align: center;\"><span style=\"color: #000000;\">La dosis normal es de 1 ampolla (75 mg de diclofenaco s\u00f3dico) una vez al d\u00eda. <\/span><\/p>\n<p style=\"text-align: center;\"><span style=\"color: #000000;\">La v\u00eda de administraci\u00f3n es intramuscular; por inyecci\u00f3n intragl\u00fatea profunda, en el cuadrante superior externo.<\/span><\/p>\n<p style=\"text-align: center;\"><span style=\"color: #000000;\">Excepcionalmente, en casos graves, pueden administrarse dos inyecciones diarias separadas por un intervalo de varias horas.<\/span><\/p>\n<p style=\"text-align: center;\"><span style=\"color: #3366ff;\"><em><strong>Embarazo<\/strong><\/em><\/span><\/p>\n<p style=\"text-align: center;\"><span style=\"color: #000000;\">Consulte a su m\u00e9dico antes de utilizar cualquier medicamento<\/span><\/p>\n<p style=\"text-align: center;\"><span style=\"color: #3366ff;\"><em><strong>Uso en ni\u00f1os y adolescentes<\/strong><\/em><\/span><\/p>\n<p style=\"text-align: center;\"><span style=\"color: #000000;\">No se recomienda el uso de Voltar\u00e9n 75 mg soluci\u00f3n inyectable en ni\u00f1os y adolescentes.<\/span><\/p>\n","protected":false},"excerpt":{"rendered":"<p style=\"text-align: center;\"><span style=\"color: #3366ff;\"><em><strong>Caja de 5 Ampollas de 75mg\/3ml cada una<\/strong><\/em><\/span><\/p>\n<p style=\"text-align: center;\"><span style=\"color: #000000;\"><span style=\"color: #3366ff;\">Voltar\u00e9n 75 mg<\/span> soluci\u00f3n inyectable, pertenece al grupo de medicamentos denominados anti-inflamatorios no esteroideos, utilizados para tratar el dolor y la inflamaci\u00f3n.<\/span><\/p>\n<p style=\"text-align: center;\"><span style=\"color: #3366ff;\"><em><strong>Se utiliza para el tratamiento sintom\u00e1tico del dolor agudo intenso asociado a:<\/strong><\/em><\/span><\/p>\n<p style=\"text-align: center;\"><span style=\"color: #000000;\">Artritis reumatoide<\/span><br \/>\n<span style=\"color: #000000;\">Espondilitis anquilosante<\/span><br \/>\n<span style=\"color: #000000;\">Artrosis<\/span><br \/>\n<span style=\"color: #000000;\">Reumatismo de partes blandas<\/span><br \/>\n<span style=\"color: #000000;\">C\u00f3lico renal<\/span><br \/>\n<span style=\"color: #000000;\">Ataque agudo de gota<\/span><br \/>\n<span style=\"color: #000000;\">Dolor lumbar<\/span><br \/>\n<span style=\"color: #000000;\">Dolor musculoesquel\u00e9tico<\/span><br \/>\n<span style=\"color: #000000;\">Dolores postoperatorios y postraum\u00e1ticos<\/span><\/p>\n","protected":false},"featured_media":5643,"comment_status":"closed","ping_status":"closed","template":"","meta":[],"product_cat":[145,341,441,279,1318],"product_tag":[375,835,1319,1320,1321,1322,1323,1324,1197,1325,1326,1327],"class_list":{"0":"post-5088","1":"product","2":"type-product","3":"status-publish","4":"has-post-thumbnail","6":"product_cat-artritis","7":"product_cat-artritis-artrosis-reuma","8":"product_cat-inyectables","9":"product_cat-medicina","10":"product_cat-novartis-pharmaceuticals","11":"product_tag-artritis-reumatoide","12":"product_tag-artrosis","13":"product_tag-ataque-agudo-de-gota","14":"product_tag-colico-renal","15":"product_tag-dolor-lumbar","16":"product_tag-dolor-musculoesqueletico","17":"product_tag-dolores-postoperatorios","18":"product_tag-dolores-postraumaticos","19":"product_tag-espondilitis-anquilosante","20":"product_tag-reumatismo-de-partes-blandas","21":"product_tag-tratamiento-sintomatico-del-dolor-agudo-intenso","22":"product_tag-voltaren-inyectable-75-mg-3-ml","24":"first","25":"instock","26":"shipping-taxable","27":"purchasable","28":"product-type-simple","29":"col-xs-6 col-sm-4","30":"col-md-3 col-lg-3","31":"un-4-cols"},"_links":{"self":[{"href":"https:\/\/myvitaminss.com\/index.php\/wp-json\/wp\/v2\/product\/5088","targetHints":{"allow":["GET"]}}],"collection":[{"href":"https:\/\/myvitaminss.com\/index.php\/wp-json\/wp\/v2\/product"}],"about":[{"href":"https:\/\/myvitaminss.com\/index.php\/wp-json\/wp\/v2\/types\/product"}],"replies":[{"embeddable":true,"href":"https:\/\/myvitaminss.com\/index.php\/wp-json\/wp\/v2\/comments?post=5088"}],"wp:featuredmedia":[{"embeddable":true,"href":"https:\/\/myvitaminss.com\/index.php\/wp-json\/wp\/v2\/media\/5643"}],"wp:attachment":[{"href":"https:\/\/myvitaminss.com\/index.php\/wp-json\/wp\/v2\/media?parent=5088"}],"wp:term":[{"taxonomy":"product_cat","embeddable":true,"href":"https:\/\/myvitaminss.com\/index.php\/wp-json\/wp\/v2\/product_cat?post=5088"},{"taxonomy":"product_tag","embeddable":true,"href":"https:\/\/myvitaminss.com\/index.php\/wp-json\/wp\/v2\/product_tag?post=5088"}],"curies":[{"name":"wp","href":"https:\/\/api.w.org\/{rel}","templated":true}]}}