{"id":5068,"date":"2021-04-20T21:23:35","date_gmt":"2021-04-21T03:23:35","guid":{"rendered":"https:\/\/myvitaminss.com\/?post_type=product&#038;p=5068"},"modified":"2024-01-16T18:37:02","modified_gmt":"2024-01-17T00:37:02","slug":"beta-2-pan-betametasona-inyectable-2-inyecciones","status":"publish","type":"product","link":"https:\/\/myvitaminss.com\/index.php\/producto\/beta-2-pan-betametasona-inyectable-2-inyecciones\/","title":{"rendered":"BETA 2 PAN Betametasona Inyectable (2 Inyecciones) \ud83d\udc89\ud83e\udd2f"},"content":{"rendered":"<h4 style=\"text-align: center;\"><span style=\"color: #ff6600;\"><strong><em>Contraindicaciones<\/em><\/strong><\/span><br \/>\n<span style=\"color: #000000;\"><span style=\"color: #000000;\">Pacientes con hipersensibilidad a los corticosteroides, en infecciones f\u00fangicas sist\u00e9micas; no administrar durante el embarazo o lactancia.<\/span><\/span><\/h4>\n<h4 style=\"text-align: center;\"><span style=\"color: #ff6600;\"><strong><em>Caracter\u00edsticas<\/em><\/strong><\/span><br \/>\n<span style=\"color: #000000;\">La dosis es variable y debe individualizarse en base a la enfermedad especifica, su severidad y respuesta del paciente, el tratamiento por lo regular se inicia con 1 a 2 ml. y si es necesario en algunos casos se repite la dosis a los 22 d\u00edas por el efecto prolongado de beta 2 pan o seg\u00fan criterio del medico.<\/span><\/h4>\n<h4 style=\"text-align: center;\"><span style=\"color: #ff6600;\"><strong><em>Principios activos<\/em><\/strong><\/span><br \/>\n<span style=\"color: #ff6600;\"><strong><em>Cada 2 ml contiene: <\/em><\/strong><\/span><\/h4>\n<h4 style=\"text-align: center;\"><span style=\"color: #000000;\">Betametasona dipropionato equivalente a betametasona base 10 mg; <\/span><\/h4>\n<h4 style=\"text-align: center;\"><span style=\"color: #000000;\">Betametasona fosfato s\u00f3dico equivalente a betametasona base 4g; <\/span><\/h4>\n<h4 style=\"text-align: center;\"><span style=\"color: #000000;\">Vehiculo c.s.<\/span><\/h4>\n","protected":false},"excerpt":{"rendered":"<h4 style=\"text-align: center;\"><span style=\"color: #ff6600;\"><em><strong>Precio contiene 2 Inyecciones de Beta2Pan <\/strong><\/em><\/span><\/h4>\n<h4 style=\"text-align: center;\"><span style=\"color: #ff6600;\"><strong><em>Indicaciones<\/em><\/strong><\/span><br \/>\n<span style=\"color: #000000;\"><em>E<\/em>n el tratamiento de enfermedades, que responden a la terapia corticosteroide. <\/span><\/h4>\n<h4 style=\"text-align: center;\"><span style=\"color: #000000;\">En afecciones de tejidos blandos y osteomusculares como artritis reumatoides, osteoartritis, bursitis, espondilitis anquilosante entre otras; <\/span><\/h4>\n<h4 style=\"text-align: center;\"><span style=\"color: #000000;\">Afecciones al\u00e9rgicas como asma bronquial, fiebre del heno, rinitis al\u00e9rgica, reacciones farmacol\u00f3gicas, picaduras de insectos. <\/span><\/h4>\n<h4 style=\"text-align: center;\"><span style=\"color: #000000;\">Afecciones dermatol\u00f3gicas, enfermedades neoplasticas, otras enfermedades como ciertos trastornos inflamatorios y qu\u00edsticos del pie.<\/span><\/h4>\n","protected":false},"featured_media":6162,"comment_status":"closed","ping_status":"closed","template":"","meta":[],"product_cat":[364,444,341,441,1111],"product_tag":[1219,1310,1306,833,1311,1312,1313],"class_list":{"0":"post-5068","1":"product","2":"type-product","3":"status-publish","4":"has-post-thumbnail","6":"product_cat-alergias","7":"product_cat-ampolla-intramuscular","8":"product_cat-artritis-artrosis-reuma","9":"product_cat-inyectables","10":"product_cat-laboratorios-piersan","11":"product_tag-accion-antiinflamatoria","12":"product_tag-anti-reumatico","13":"product_tag-antialergico","14":"product_tag-antiinflamatorio","15":"product_tag-beta-2-pan","16":"product_tag-beta2pan","17":"product_tag-inyeccion-beta2pan","19":"first","20":"instock","21":"shipping-taxable","22":"purchasable","23":"product-type-simple","24":"col-xs-6 col-sm-4","25":"col-md-3 col-lg-3","26":"un-4-cols"},"_links":{"self":[{"href":"https:\/\/myvitaminss.com\/index.php\/wp-json\/wp\/v2\/product\/5068","targetHints":{"allow":["GET"]}}],"collection":[{"href":"https:\/\/myvitaminss.com\/index.php\/wp-json\/wp\/v2\/product"}],"about":[{"href":"https:\/\/myvitaminss.com\/index.php\/wp-json\/wp\/v2\/types\/product"}],"replies":[{"embeddable":true,"href":"https:\/\/myvitaminss.com\/index.php\/wp-json\/wp\/v2\/comments?post=5068"}],"wp:featuredmedia":[{"embeddable":true,"href":"https:\/\/myvitaminss.com\/index.php\/wp-json\/wp\/v2\/media\/6162"}],"wp:attachment":[{"href":"https:\/\/myvitaminss.com\/index.php\/wp-json\/wp\/v2\/media?parent=5068"}],"wp:term":[{"taxonomy":"product_cat","embeddable":true,"href":"https:\/\/myvitaminss.com\/index.php\/wp-json\/wp\/v2\/product_cat?post=5068"},{"taxonomy":"product_tag","embeddable":true,"href":"https:\/\/myvitaminss.com\/index.php\/wp-json\/wp\/v2\/product_tag?post=5068"}],"curies":[{"name":"wp","href":"https:\/\/api.w.org\/{rel}","templated":true}]}}