{"id":5066,"date":"2021-04-20T21:23:35","date_gmt":"2021-04-21T03:23:35","guid":{"rendered":"https:\/\/myvitaminss.com\/?post_type=product&#038;p=5066"},"modified":"2022-03-22T18:26:31","modified_gmt":"2022-03-23T00:26:31","slug":"cerebrofos-nf-50-capsulas","status":"publish","type":"product","link":"https:\/\/myvitaminss.com\/index.php\/producto\/cerebrofos-nf-50-capsulas\/","title":{"rendered":"Cerebrofos NF 50 C\u00e1psulas"},"content":{"rendered":"<p style=\"text-align: center;\"><span style=\"color: #3366ff;\"><strong><em>Caja de 50 C\u00e1psulas<\/em><\/strong><\/span><\/p>\n<address style=\"text-align: center;\">\n<h4 style=\"text-align: center;\"><span style=\"color: #3366ff;\"><strong><em>DOSIS:<\/em><\/strong><\/span><\/h4>\n<h4 style=\"text-align: center;\"><span style=\"color: #000000;\">1 \u00f3 2 c\u00e1psulas al d\u00eda<\/span><\/h4>\n<h4 style=\"text-align: center;\"><span style=\"color: #3366ff;\"><em><strong>CONTRAINDICACIONES:<\/strong><\/em><\/span><\/h4>\n<h4 style=\"text-align: center;\"><span style=\"color: #000000;\">Hipersensibilidad a los componentes de la f\u00f3rmula<\/span><\/h4>\n<\/address>\n","protected":false},"excerpt":{"rendered":"<h4 style=\"text-align: center;\"><span style=\"color: #3366ff;\"><em><strong>INDICACIONES<\/strong><\/em><\/span><\/h4>\n<h4 style=\"text-align: center;\"><span style=\"color: #000000;\">Reconstituyente y desfatigante nervioso, fortalece la capacidad intelectual, memoria, aprendizaje y concentraci\u00f3n de adultos y estudiantes para un mejor desempe\u00f1o en la vida diaria.<\/span><\/h4>\n","protected":false},"featured_media":5622,"comment_status":"closed","ping_status":"closed","template":"","meta":{"_kad_post_transparent":"","_kad_post_title":"","_kad_post_layout":"","_kad_post_sidebar_id":"","_kad_post_content_style":"","_kad_post_vertical_padding":"","_kad_post_feature":"","_kad_post_feature_position":"","_kad_post_header":false,"_kad_post_footer":false,"_kad_post_classname":""},"product_brand":[],"product_cat":[208,231,206],"product_tag":[524,525,166,316,257],"class_list":{"0":"post-5066","1":"product","2":"type-product","3":"status-publish","4":"has-post-thumbnail","6":"product_cat-capsulas","7":"product_cat-laboratorios-lopez","8":"product_cat-todo-dolor-y-vitaminas","9":"product_tag-cerebrofos","10":"product_tag-cerebrofos-pastillas","11":"product_tag-energizantes","12":"product_tag-pastillas-vitaminadas-para-el-dolor","13":"product_tag-vitaminas-en-el-salvador","15":"first","16":"instock","17":"purchasable","18":"product-type-simple","19":"entry","20":"content-bg","21":"loop-entry"},"_links":{"self":[{"href":"https:\/\/myvitaminss.com\/index.php\/wp-json\/wp\/v2\/product\/5066","targetHints":{"allow":["GET"]}}],"collection":[{"href":"https:\/\/myvitaminss.com\/index.php\/wp-json\/wp\/v2\/product"}],"about":[{"href":"https:\/\/myvitaminss.com\/index.php\/wp-json\/wp\/v2\/types\/product"}],"replies":[{"embeddable":true,"href":"https:\/\/myvitaminss.com\/index.php\/wp-json\/wp\/v2\/comments?post=5066"}],"wp:featuredmedia":[{"embeddable":true,"href":"https:\/\/myvitaminss.com\/index.php\/wp-json\/wp\/v2\/media\/5622"}],"wp:attachment":[{"href":"https:\/\/myvitaminss.com\/index.php\/wp-json\/wp\/v2\/media?parent=5066"}],"wp:term":[{"taxonomy":"product_brand","embeddable":true,"href":"https:\/\/myvitaminss.com\/index.php\/wp-json\/wp\/v2\/product_brand?post=5066"},{"taxonomy":"product_cat","embeddable":true,"href":"https:\/\/myvitaminss.com\/index.php\/wp-json\/wp\/v2\/product_cat?post=5066"},{"taxonomy":"product_tag","embeddable":true,"href":"https:\/\/myvitaminss.com\/index.php\/wp-json\/wp\/v2\/product_tag?post=5066"}],"curies":[{"name":"wp","href":"https:\/\/api.w.org\/{rel}","templated":true}]}}