{"id":5063,"date":"2021-04-20T21:23:35","date_gmt":"2021-04-21T03:23:35","guid":{"rendered":"https:\/\/myvitaminss.com\/?post_type=product&#038;p=5063"},"modified":"2025-08-08T16:02:08","modified_gmt":"2025-08-08T22:02:08","slug":"artriking-vitaminado-80-tabletas","status":"publish","type":"product","link":"https:\/\/myvitaminss.com\/index.php\/producto\/artriking-vitaminado-80-tabletas\/","title":{"rendered":"ARTRIKING VITAMINADO 80 Tabletas \ud83e\udd1e\ud83d\ude06"},"content":{"rendered":"<h4 style=\"text-align: center;\"><span style=\"color: #3366ff;\"><strong><em>20 Sobres de 4 Tabletas<\/em><\/strong><\/span><\/h4>\n<h4 style=\"text-align: center;\"><span style=\"color: #3366ff;\"><strong><em>INDICACIONES:<\/em><\/strong><\/span><\/h4>\n<h4 style=\"text-align: center;\"><strong><em><span style=\"color: #000000;\"><span style=\"color: #3366ff;\">ARTRIKING VITAMINADO<\/span>,<\/span><\/em><\/strong><span style=\"color: #000000;\"> est\u00e1 indicado en el tratamiento de las formas inflamatorias y degenerativas del reumatismo: <\/span><\/h4>\n<h4 style=\"text-align: center;\"><span style=\"color: #000000;\">POLI ARTRITIS CRONICA, <\/span><\/h4>\n<h4 style=\"text-align: center;\"><span style=\"color: #000000;\">ESPONDILITIS ANQUILOSANTE, <\/span><\/h4>\n<h4 style=\"text-align: center;\"><span style=\"color: #000000;\">ARTROSIS, <\/span><\/h4>\n<h4 style=\"text-align: center;\"><span style=\"color: #000000;\">PATOLOGIA DISCO-VERTEBRAL (NEURITIS Y NEURALGIAS,\u00a0LUMBAGO,\u00a0CIATICA)<\/span><\/h4>\n<h4 style=\"text-align: center;\"><span style=\"color: #3366ff;\"><strong><em>ADVERTENCIA:<\/em><\/strong><\/span><\/h4>\n<h4 style=\"text-align: center;\"><span style=\"color: #ff0000;\">Debe administrarse con precauci\u00f3n a pacientes con \u00falcera p\u00e9ptica, colitis ulcerativa. <\/span><\/h4>\n<h4 style=\"text-align: center;\"><span style=\"color: #ff0000;\">Administrarse con las comidas<\/span><\/h4>\n","protected":false},"excerpt":{"rendered":"<h4 style=\"text-align: center;\"><span style=\"color: #3366ff;\"><em><strong>ARTRIKING VITAMINADO<\/strong><\/em><\/span><\/h4>\n<h4 style=\"text-align: center;\"><span style=\"color: #000000;\">Es un agente anti-inflamatorio, antirreum\u00e1tico, analg\u00e9sico y antipir\u00e9tico no\u00a0estereoidal.<\/span><\/h4>\n<h4 style=\"text-align: center;\"><span style=\"color: #000000;\">Es muy efectivo administrado por v\u00eda oral, mejorando el movimiento de la coyuntura. <\/span><\/h4>\n<h4 style=\"text-align: center;\"><span style=\"color: #000000;\"><span style=\"color: #000000;\">Generalmente es bien tolerado, se presenta <\/span><\/span><em><span style=\"color: #000000;\"><strong><span style=\"color: #3366ff;\">ocasionalmente<\/span><span style=\"color: #000000;\"> i<\/span><\/strong><\/span><\/em><span style=\"color: #000000;\"><span style=\"color: #000000;\">ntolerancia gastro intestinal.<\/span><\/span><\/h4>\n","protected":false},"featured_media":5620,"comment_status":"closed","ping_status":"closed","template":"","meta":{"_kad_post_transparent":"","_kad_post_title":"","_kad_post_layout":"","_kad_post_sidebar_id":"","_kad_post_content_style":"","_kad_post_vertical_padding":"","_kad_post_feature":"","_kad_post_feature_position":"","_kad_post_header":false,"_kad_post_footer":false,"_kad_post_classname":""},"product_brand":[],"product_cat":[341,650,282,206],"product_tag":[1303,233,1288,1292,1293,236,1304,374,375,376,377,733,463,1278,381,465,257],"class_list":{"0":"post-5063","1":"product","2":"type-product","3":"status-publish","4":"has-post-thumbnail","6":"product_cat-artritis-artrosis-reuma","7":"product_cat-laboratorios-polyfarma","8":"product_cat-tabletas","9":"product_cat-todo-dolor-y-vitaminas","10":"product_tag-artri-king","11":"product_tag-artrifin","12":"product_tag-artrifin-componentes","13":"product_tag-artrifin-formula","14":"product_tag-artrifin-forte-efectos-secundarios","15":"product_tag-artrifin-vitaminado","16":"product_tag-artriking-vitaminado","17":"product_tag-artritis-gotosa","18":"product_tag-artritis-reumatoide","19":"product_tag-artritis-reumatoidea","20":"product_tag-artritis-septica","21":"product_tag-fin-a-la-artritis","22":"product_tag-lumbago","23":"product_tag-pastillas-para-la-artritis","24":"product_tag-reumatismo","25":"product_tag-torticolis","26":"product_tag-vitaminas-en-el-salvador","28":"first","29":"outofstock","30":"featured","31":"purchasable","32":"product-type-simple","33":"entry","34":"content-bg","35":"loop-entry"},"_links":{"self":[{"href":"https:\/\/myvitaminss.com\/index.php\/wp-json\/wp\/v2\/product\/5063","targetHints":{"allow":["GET"]}}],"collection":[{"href":"https:\/\/myvitaminss.com\/index.php\/wp-json\/wp\/v2\/product"}],"about":[{"href":"https:\/\/myvitaminss.com\/index.php\/wp-json\/wp\/v2\/types\/product"}],"replies":[{"embeddable":true,"href":"https:\/\/myvitaminss.com\/index.php\/wp-json\/wp\/v2\/comments?post=5063"}],"wp:featuredmedia":[{"embeddable":true,"href":"https:\/\/myvitaminss.com\/index.php\/wp-json\/wp\/v2\/media\/5620"}],"wp:attachment":[{"href":"https:\/\/myvitaminss.com\/index.php\/wp-json\/wp\/v2\/media?parent=5063"}],"wp:term":[{"taxonomy":"product_brand","embeddable":true,"href":"https:\/\/myvitaminss.com\/index.php\/wp-json\/wp\/v2\/product_brand?post=5063"},{"taxonomy":"product_cat","embeddable":true,"href":"https:\/\/myvitaminss.com\/index.php\/wp-json\/wp\/v2\/product_cat?post=5063"},{"taxonomy":"product_tag","embeddable":true,"href":"https:\/\/myvitaminss.com\/index.php\/wp-json\/wp\/v2\/product_tag?post=5063"}],"curies":[{"name":"wp","href":"https:\/\/api.w.org\/{rel}","templated":true}]}}