{"id":5061,"date":"2021-04-20T21:23:34","date_gmt":"2021-04-21T03:23:34","guid":{"rendered":"https:\/\/myvitaminss.com\/?post_type=product&#038;p=5061"},"modified":"2022-03-23T16:37:58","modified_gmt":"2022-03-23T22:37:58","slug":"palagrip-alivio-rapido-a-todos-los-sintomas-de-la-gripe-2","status":"publish","type":"product","link":"https:\/\/myvitaminss.com\/index.php\/producto\/palagrip-alivio-rapido-a-todos-los-sintomas-de-la-gripe-2\/","title":{"rendered":"Palagrip ALIVIO RAPIDO A TODOS LOS SINTOMAS DE LA GRIPE"},"content":{"rendered":"<h4 style=\"text-align: center;\"><strong><em>\u00a0<span style=\"color: #3366ff;\">DOSIS : <\/span><\/em><\/strong><\/h4>\n<h4 style=\"text-align: center;\"><strong><em><span style=\"color: #3366ff;\">Adultos y ni\u00f1os mayores de 12 a\u00f1os:<\/span><br \/>\n<\/em><\/strong><\/h4>\n<h4 style=\"text-align: center;\"><span style=\"color: #000000;\">2 tablecaps cada 6 horas. <\/span><\/h4>\n<h4 style=\"text-align: center;\"><span style=\"color: #000000;\">M\u00e1ximo 8 tablecaps en 24 horas, por no m\u00e1s de 5 d\u00edas.<\/span><strong><em><span style=\"color: #99cc00;\"><br \/>\n<\/span><\/em><\/strong><\/h4>\n<h4 style=\"text-align: center;\"><span style=\"color: #3366ff;\"><strong><em>Contraindicaciones: <\/em><\/strong><\/span><\/h4>\n<h4 style=\"text-align: center;\"><span style=\"color: #000000;\">En caso de embarazo, lactancia, pacientes con problemas cardiacos, presi\u00f3n alta, arritmias, glaucoma, retenci\u00f3n urinaria debido a hipertrofia prost\u00e1tica benigna, consultar a su m\u00e9dico. <\/span><\/h4>\n<h4 style=\"text-align: center;\"><span style=\"color: #000000;\">No exceder la dosis recomendada. <\/span><\/h4>\n<h4 style=\"text-align: center;\"><span style=\"color: #000000;\">No use en menores de 12 a\u00f1os. <\/span><\/h4>\n<h4 style=\"text-align: center;\"><span style=\"color: #000000;\">Si est\u00e1 tomando otro medicamento consulte a su m\u00e9dico.<\/span><\/h4>\n","protected":false},"excerpt":{"rendered":"<h4 style=\"text-align: center;\"><span style=\"color: #3366ff;\"><em><strong>Contiene 50 sobres de 2 tablecaps<\/strong><\/em><\/span><\/h4>\n<h4 style=\"text-align: center;\"><span style=\"color: #3366ff;\"><em><strong>Indicaciones:<\/strong><\/em><\/span><\/h4>\n<h4 style=\"text-align: center;\"><span style=\"color: #000000;\">Alivio de todos los s\u00edntomas de la gripe, tales como: Tos, congesti\u00f3n nasal, dolor de cabeza y cuerpo, secreci\u00f3n nasal, fiebre, estornudos, dolor de garganta y malestar en general.<\/span><\/h4>\n","protected":false},"featured_media":5644,"comment_status":"closed","ping_status":"closed","template":"","meta":[],"product_cat":[364,566,799,308],"product_tag":[515,1302,257],"class_list":{"0":"post-5061","1":"product","2":"type-product","3":"status-publish","4":"has-post-thumbnail","6":"product_cat-alergias","7":"product_cat-gripe","8":"product_cat-laboratorios-pharmedic","9":"product_cat-tablecaps","10":"product_tag-alivio-rapido-a-los-sintomas-de-la-gripe","11":"product_tag-palagrip","12":"product_tag-vitaminas-en-el-salvador","14":"first","15":"instock","16":"purchasable","17":"product-type-simple","18":"col-xs-6 col-sm-4","19":"col-md-3 col-lg-3","20":"un-4-cols"},"_links":{"self":[{"href":"https:\/\/myvitaminss.com\/index.php\/wp-json\/wp\/v2\/product\/5061","targetHints":{"allow":["GET"]}}],"collection":[{"href":"https:\/\/myvitaminss.com\/index.php\/wp-json\/wp\/v2\/product"}],"about":[{"href":"https:\/\/myvitaminss.com\/index.php\/wp-json\/wp\/v2\/types\/product"}],"replies":[{"embeddable":true,"href":"https:\/\/myvitaminss.com\/index.php\/wp-json\/wp\/v2\/comments?post=5061"}],"wp:featuredmedia":[{"embeddable":true,"href":"https:\/\/myvitaminss.com\/index.php\/wp-json\/wp\/v2\/media\/5644"}],"wp:attachment":[{"href":"https:\/\/myvitaminss.com\/index.php\/wp-json\/wp\/v2\/media?parent=5061"}],"wp:term":[{"taxonomy":"product_cat","embeddable":true,"href":"https:\/\/myvitaminss.com\/index.php\/wp-json\/wp\/v2\/product_cat?post=5061"},{"taxonomy":"product_tag","embeddable":true,"href":"https:\/\/myvitaminss.com\/index.php\/wp-json\/wp\/v2\/product_tag?post=5061"}],"curies":[{"name":"wp","href":"https:\/\/api.w.org\/{rel}","templated":true}]}}