{"id":5052,"date":"2021-04-20T21:23:34","date_gmt":"2021-04-21T03:23:34","guid":{"rendered":"https:\/\/myvitaminss.com\/?post_type=product&#038;p=5052"},"modified":"2022-03-02T17:09:06","modified_gmt":"2022-03-02T23:09:06","slug":"viro-grip-gel-caps-am-2","status":"publish","type":"product","link":"https:\/\/myvitaminss.com\/index.php\/producto\/viro-grip-gel-caps-am-2\/","title":{"rendered":"Viro Grip GEL CAPS AM \ud83e\udd12\ud83e\udd27"},"content":{"rendered":"<h4 style=\"text-align: center;\"><span style=\"color: #3366ff;\"><em>Contenido:\u00a0<\/em><span style=\"color: #000000;\">24 Sobres de 2 GEL CAPS<\/span><em><br \/>\n<\/em><\/span><\/h4>\n<h4 style=\"text-align: center;\"><span style=\"color: #3366ff;\"><em>DOSIS:<\/em><\/span><\/h4>\n<h4 style=\"text-align: center;\"><span style=\"color: #000000;\">Tome 2 GEL CAPS cada 6 horas. <\/span><\/h4>\n<h4 style=\"text-align: center;\"><span style=\"color: #000000;\">M\u00e1ximo 8 GEL CAPS en 24 horas o seg\u00fan prescripci\u00f3n m\u00e9dica<\/span><\/h4>\n<h4 style=\"text-align: center;\"><span style=\"color: #000000;\">Se recomienda <em><strong><span style=\"color: #3366ff;\">Viro-Grip GEL CAPS A.M. <\/span><\/strong><\/em>por el d\u00eda ya que no produce sue\u00f1o. <\/span><\/h4>\n","protected":false},"excerpt":{"rendered":"<h4 style=\"text-align: center;\"><span style=\"color: #3366ff;\"><em><strong>Viro-Grip<\/strong><\/em><\/span><\/h4>\n<h4 style=\"text-align: center;\"><span style=\"color: #3366ff;\"><em><strong>GEL CAPS AM<br \/>\n<\/strong><\/em><\/span><\/h4>\n<h4 style=\"text-align: center;\"><span style=\"color: #3366ff;\"><em><strong>Tratamiento Extra Fuerte para los malestares de:<\/strong><\/em><\/span><\/h4>\n<h4 style=\"text-align: center;\"><span style=\"color: #000000;\">Resfriado<\/span><\/h4>\n<h4 style=\"text-align: center;\"><span style=\"color: #000000;\">Catarro<\/span><\/h4>\n<h4 style=\"text-align: center;\"><span style=\"color: #000000;\">Gripe<\/span><\/h4>\n<h4 style=\"text-align: center;\"><span style=\"color: #000000;\">Dolor de Cabeza y Cuerpo<\/span><\/h4>\n<h4 style=\"text-align: center;\"><span style=\"color: #000000;\">Flujo y Congesti\u00f3n Nasal<\/span><\/h4>\n<h4 style=\"text-align: center;\"><span style=\"color: #000000;\">Ardor de Garganta<\/span><\/h4>\n<h4 style=\"text-align: center;\"><span style=\"color: #000000;\">Fiebre<\/span><\/h4>\n<h4 style=\"text-align: center;\"><span style=\"color: #000000;\">Tos<\/span><\/h4>\n","protected":false},"featured_media":5623,"comment_status":"closed","ping_status":"closed","template":"","meta":{"_kad_post_transparent":"","_kad_post_title":"","_kad_post_layout":"","_kad_post_sidebar_id":"","_kad_post_content_style":"","_kad_post_vertical_padding":"","_kad_post_feature":"","_kad_post_feature_position":"","_kad_post_header":false,"_kad_post_footer":false,"_kad_post_classname":""},"product_brand":[],"product_cat":[566,135,281],"product_tag":[701,702,769,770,704,706,707,257],"class_list":{"0":"post-5052","1":"product","2":"type-product","3":"status-publish","4":"has-post-thumbnail","6":"product_cat-gripe","7":"product_cat-laboratorios-vijosa","8":"product_cat-para-el-dolor-y-fiebre","9":"product_tag-viro-grip-gel-caps","10":"product_tag-viro-grip-te","11":"product_tag-virogrip-am","12":"product_tag-virogrip-dia","13":"product_tag-virogrip-limon","14":"product_tag-virogrip-para-la-gripa","15":"product_tag-virogrip-polvo-para-la-gripe","16":"product_tag-vitaminas-en-el-salvador","18":"first","19":"instock","20":"shipping-taxable","21":"purchasable","22":"product-type-simple","23":"entry","24":"content-bg","25":"loop-entry"},"_links":{"self":[{"href":"https:\/\/myvitaminss.com\/index.php\/wp-json\/wp\/v2\/product\/5052","targetHints":{"allow":["GET"]}}],"collection":[{"href":"https:\/\/myvitaminss.com\/index.php\/wp-json\/wp\/v2\/product"}],"about":[{"href":"https:\/\/myvitaminss.com\/index.php\/wp-json\/wp\/v2\/types\/product"}],"replies":[{"embeddable":true,"href":"https:\/\/myvitaminss.com\/index.php\/wp-json\/wp\/v2\/comments?post=5052"}],"wp:featuredmedia":[{"embeddable":true,"href":"https:\/\/myvitaminss.com\/index.php\/wp-json\/wp\/v2\/media\/5623"}],"wp:attachment":[{"href":"https:\/\/myvitaminss.com\/index.php\/wp-json\/wp\/v2\/media?parent=5052"}],"wp:term":[{"taxonomy":"product_brand","embeddable":true,"href":"https:\/\/myvitaminss.com\/index.php\/wp-json\/wp\/v2\/product_brand?post=5052"},{"taxonomy":"product_cat","embeddable":true,"href":"https:\/\/myvitaminss.com\/index.php\/wp-json\/wp\/v2\/product_cat?post=5052"},{"taxonomy":"product_tag","embeddable":true,"href":"https:\/\/myvitaminss.com\/index.php\/wp-json\/wp\/v2\/product_tag?post=5052"}],"curies":[{"name":"wp","href":"https:\/\/api.w.org\/{rel}","templated":true}]}}