{"id":5047,"date":"2021-04-20T21:23:33","date_gmt":"2021-04-21T03:23:33","guid":{"rendered":"https:\/\/myvitaminss.com\/?post_type=product&#038;p=5047"},"modified":"2022-03-23T17:03:04","modified_gmt":"2022-03-23T23:03:04","slug":"cloten-una","status":"publish","type":"product","link":"https:\/\/myvitaminss.com\/index.php\/producto\/cloten-una\/","title":{"rendered":"Clot\u00e9n u\u00f1a"},"content":{"rendered":"<h4 style=\"text-align: center;\"><span style=\"color: #3366ff;\"><strong><em>Contenido: <\/em><\/strong><span style=\"color: #000000;\">1 C\u00e1psula<\/span><\/span><\/h4>\n<h4 style=\"text-align: center;\"><span style=\"color: #3366ff;\"><strong><em>DOSIS:<\/em><\/strong><\/span><\/h4>\n<h4 style=\"text-align: center;\"><strong><em>\u00a0<\/em><\/strong><span style=\"color: #000000;\">1 C\u00e1psula en dosis \u00fanica de Clot\u00e9n u\u00f1a semanalmente (con intervalo de 8 d\u00edas), <\/span><\/h4>\n<h4 style=\"text-align: center;\"><span style=\"color: #000000;\">acompa\u00f1ada o no de las comidas.<\/span><\/h4>\n<h4 style=\"text-align: center;\"><span style=\"color: #000000;\">El tratamiento se recomienda por un per\u00edodo de 4 meses para hongo de u\u00f1a en las manos y de 6 a 12 meses para hongo de u\u00f1a en los pies o hasta que crezca completamente la u\u00f1a, clara y sana.<\/span><\/h4>\n","protected":false},"excerpt":{"rendered":"<h4 style=\"text-align: center;\"><span style=\"color: #3366ff;\"><strong><em>Clot\u00e9n u\u00f1a<\/em><\/strong><\/span><\/h4>\n<h4 style=\"text-align: center;\"><span style=\"color: #000000;\">Elimina los hongos de las u\u00f1as\u00a0efectivamente!<\/span><\/h4>\n<h4 style=\"text-align: center;\"><span style=\"color: #000000;\">Precio incluye tratamiento para un mes (4 C\u00e1psulas)<\/span><\/h4>\n<h4 style=\"text-align: center;\"><span style=\"color: #3366ff;\"><strong><em>INDICACIONES<\/em><\/strong><\/span><\/h4>\n<h4 style=\"text-align: center;\"><span style=\"color: #000000;\">Cura todas las infecciones causadas por hongos en las u\u00f1as de las manos y pies, alivia adem\u00e1s los s\u00edntomas asociados como: <\/span><\/h4>\n<h4 style=\"text-align: center;\"><span style=\"color: #000000;\">Cambios de coloraci\u00f3n, <\/span><\/h4>\n<h4 style=\"text-align: center;\"><span style=\"color: #000000;\">Deformidad,<\/span><\/h4>\n<h4 style=\"text-align: center;\"><span style=\"color: #000000;\">Mal olor y <\/span><\/h4>\n<h4 style=\"text-align: center;\"><span style=\"color: #000000;\">Dolor de las u\u00f1as afectadas.<\/span><\/h4>\n","protected":false},"featured_media":5646,"comment_status":"closed","ping_status":"closed","template":"","meta":{"_kad_post_transparent":"","_kad_post_title":"","_kad_post_layout":"","_kad_post_sidebar_id":"","_kad_post_content_style":"","_kad_post_vertical_padding":"","_kad_post_feature":"","_kad_post_feature_position":"","_kad_post_header":false,"_kad_post_footer":false,"_kad_post_classname":""},"product_brand":[],"product_cat":[208,231],"product_tag":[694,695,696,697,698,699,700,1287,257],"class_list":{"0":"post-5047","1":"product","2":"type-product","3":"status-publish","4":"has-post-thumbnail","6":"product_cat-capsulas","7":"product_cat-laboratorios-lopez","8":"product_tag-cloten-una","9":"product_tag-cloten-una-amazon","10":"product_tag-cloten-una-dosis","11":"product_tag-cloten-una-ebay","12":"product_tag-cloten-una-precios","13":"product_tag-hongo-de-una-del-pie","14":"product_tag-hongo-de-unas","15":"product_tag-tratamiento-para-hongos-en-las-unas","16":"product_tag-vitaminas-en-el-salvador","18":"first","19":"instock","20":"shipping-taxable","21":"purchasable","22":"product-type-simple","23":"entry","24":"content-bg","25":"loop-entry"},"_links":{"self":[{"href":"https:\/\/myvitaminss.com\/index.php\/wp-json\/wp\/v2\/product\/5047","targetHints":{"allow":["GET"]}}],"collection":[{"href":"https:\/\/myvitaminss.com\/index.php\/wp-json\/wp\/v2\/product"}],"about":[{"href":"https:\/\/myvitaminss.com\/index.php\/wp-json\/wp\/v2\/types\/product"}],"replies":[{"embeddable":true,"href":"https:\/\/myvitaminss.com\/index.php\/wp-json\/wp\/v2\/comments?post=5047"}],"wp:featuredmedia":[{"embeddable":true,"href":"https:\/\/myvitaminss.com\/index.php\/wp-json\/wp\/v2\/media\/5646"}],"wp:attachment":[{"href":"https:\/\/myvitaminss.com\/index.php\/wp-json\/wp\/v2\/media?parent=5047"}],"wp:term":[{"taxonomy":"product_brand","embeddable":true,"href":"https:\/\/myvitaminss.com\/index.php\/wp-json\/wp\/v2\/product_brand?post=5047"},{"taxonomy":"product_cat","embeddable":true,"href":"https:\/\/myvitaminss.com\/index.php\/wp-json\/wp\/v2\/product_cat?post=5047"},{"taxonomy":"product_tag","embeddable":true,"href":"https:\/\/myvitaminss.com\/index.php\/wp-json\/wp\/v2\/product_tag?post=5047"}],"curies":[{"name":"wp","href":"https:\/\/api.w.org\/{rel}","templated":true}]}}