{"id":5034,"date":"2021-04-20T21:23:18","date_gmt":"2021-04-21T03:23:18","guid":{"rendered":"https:\/\/myvitaminss.com\/?post_type=product&#038;p=5034"},"modified":"2022-03-23T17:16:17","modified_gmt":"2022-03-23T23:16:17","slug":"dermoxido-crema-para-acne-6pack","status":"publish","type":"product","link":"https:\/\/myvitaminss.com\/index.php\/producto\/dermoxido-crema-para-acne-6pack\/","title":{"rendered":"DERMOXIDO CREMA PARA ACNE 6PACK"},"content":{"rendered":"<p style=\"text-align: center;\"><em><span style=\"color: #000000;\"><strong><span style=\"color: #3366ff;\">6 Latas de 12grs<\/span><br \/>\n<\/strong><\/span><\/em><\/p>\n<address style=\"text-align: center;\">\n<h4 style=\"text-align: center;\"><span style=\"color: #3366ff;\"><em>\u00a0<\/em><em><strong>Modo de uso:<\/strong><\/em><\/span><\/h4>\n<h4 style=\"text-align: center;\"><span style=\"color: #000000;\">Aplicar Derm\u00f3xido Crema, por la ma\u00f1ana y por la noche sobre las \u00e1reas afectadas, durante 5 minutos y retirarlo.<\/span><\/h4>\n<h4 style=\"text-align: center;\"><span style=\"color: #000000;\">Lavar con agua al tiempo.<\/span><\/h4>\n<\/address>\n","protected":false},"excerpt":{"rendered":"<h4 style=\"text-align: center;\"><span style=\"color: #3366ff;\"><em><strong>INDICACIONES<\/strong><\/em><\/span><\/h4>\n<h4 style=\"text-align: center;\"><span style=\"color: #000000;\">Acn\u00e9 &#8211; Barros &#8211; Espinillas<\/span><\/h4>\n<h4 style=\"text-align: center;\"><span style=\"color: #000000;\">Eczema &#8211; Erupciones &#8211; Granos &#8211; Pa\u00f1os &#8211; Ti\u00f1a &#8211; Pie de Atleta<\/span><\/h4>\n<h4 style=\"text-align: center;\"><span style=\"color: #000000;\">Alivia la picaz\u00f3n y las ronchas &#8211; Disminuye las manchas<\/span><\/h4>\n","protected":false},"featured_media":5648,"comment_status":"closed","ping_status":"closed","template":"","meta":{"_kad_post_transparent":"","_kad_post_title":"","_kad_post_layout":"","_kad_post_sidebar_id":"","_kad_post_content_style":"","_kad_post_vertical_padding":"","_kad_post_feature":"","_kad_post_feature_position":"","_kad_post_header":false,"_kad_post_footer":false,"_kad_post_classname":""},"product_brand":[],"product_cat":[499,231],"product_tag":[500,150,503,504,509,257],"class_list":{"0":"post-5034","1":"product","2":"type-product","3":"status-publish","4":"has-post-thumbnail","6":"product_cat-cremas","7":"product_cat-laboratorios-lopez","8":"product_tag-acne","9":"product_tag-artribion","10":"product_tag-barros","11":"product_tag-dermoxido-crema","12":"product_tag-espinillas","13":"product_tag-vitaminas-en-el-salvador","15":"first","16":"instock","17":"sale","18":"purchasable","19":"product-type-simple","20":"entry","21":"content-bg","22":"loop-entry"},"_links":{"self":[{"href":"https:\/\/myvitaminss.com\/index.php\/wp-json\/wp\/v2\/product\/5034","targetHints":{"allow":["GET"]}}],"collection":[{"href":"https:\/\/myvitaminss.com\/index.php\/wp-json\/wp\/v2\/product"}],"about":[{"href":"https:\/\/myvitaminss.com\/index.php\/wp-json\/wp\/v2\/types\/product"}],"replies":[{"embeddable":true,"href":"https:\/\/myvitaminss.com\/index.php\/wp-json\/wp\/v2\/comments?post=5034"}],"wp:featuredmedia":[{"embeddable":true,"href":"https:\/\/myvitaminss.com\/index.php\/wp-json\/wp\/v2\/media\/5648"}],"wp:attachment":[{"href":"https:\/\/myvitaminss.com\/index.php\/wp-json\/wp\/v2\/media?parent=5034"}],"wp:term":[{"taxonomy":"product_brand","embeddable":true,"href":"https:\/\/myvitaminss.com\/index.php\/wp-json\/wp\/v2\/product_brand?post=5034"},{"taxonomy":"product_cat","embeddable":true,"href":"https:\/\/myvitaminss.com\/index.php\/wp-json\/wp\/v2\/product_cat?post=5034"},{"taxonomy":"product_tag","embeddable":true,"href":"https:\/\/myvitaminss.com\/index.php\/wp-json\/wp\/v2\/product_tag?post=5034"}],"curies":[{"name":"wp","href":"https:\/\/api.w.org\/{rel}","templated":true}]}}