{"id":5031,"date":"2021-04-20T21:23:18","date_gmt":"2021-04-21T03:23:18","guid":{"rendered":"https:\/\/myvitaminss.com\/?post_type=product&#038;p=5031"},"modified":"2022-03-22T18:48:08","modified_gmt":"2022-03-23T00:48:08","slug":"griin-skin-hair-nails-2pack-2","status":"publish","type":"product","link":"https:\/\/myvitaminss.com\/index.php\/producto\/griin-skin-hair-nails-2pack-2\/","title":{"rendered":"Griin Skin, Hair &#038; Nails (2PACK)"},"content":{"rendered":"<h4 style=\"text-align: center;\"><span style=\"color: #000000;\"><em><strong>Contenido 14 Sobres Bebibles<\/strong><\/em><\/span><\/h4>\n<h4 style=\"text-align: center;\"><em><span style=\"color: #000000;\"><strong><span style=\"color: #0000ff;\">INSTRUCCIONES<\/span>:<\/strong><\/span><\/em><\/h4>\n<h4 style=\"text-align: center;\"><span style=\"color: #000000;\">Un (1) sobre al d\u00eda.<\/span><\/h4>\n<h4 style=\"text-align: center;\"><span style=\"color: #000000;\">1. Vierta el contenido del sobre en un vaso vac\u00edo.<\/span><\/h4>\n<h4 style=\"text-align: center;\"><span style=\"color: #000000;\">2.Agregue 1\/2 taza (4 oz. fl.) de agua fr\u00eda y mezcle vigorosamente.<\/span><\/h4>\n<h4 style=\"text-align: center;\"><span style=\"color: #000000;\">3.Deje reposar por un minuto.<\/span><\/h4>\n<h4 style=\"text-align: center;\"><span style=\"color: #000000;\">PARA MEJORES RESULTADOS, use \u00e9ste producto al menos por 28 d\u00edas.<\/span><\/h4>\n<h4 style=\"text-align: center;\"><span style=\"color: #000000;\"><span style=\"color: #ff0000;\"><span style=\"color: #000000;\"><i>NOTA: Este<\/i><\/span><\/span><span style=\"color: #ff0000;\"> producto es libre de az\u00facar y puede ser tornado por diab\u00e9ticos.<\/span><\/span><\/h4>\n","protected":false},"excerpt":{"rendered":"<h4 style=\"text-align: center;\"><em><span style=\"color: #ff0000;\"><strong>OFERTA DUOPACK (2 TRATAMIENTOS)<\/strong><\/span><\/em><\/h4>\n<h4 style=\"text-align: center;\"><span style=\"color: #993300;\">La diferencia se nota!<\/span><br \/>\n<span style=\"color: #000000;\"> Griin Skin, Hair &amp; Nails<\/span><br \/>\n<span style=\"color: #000000;\"> Piel, Cabello y U\u00f1as<\/span><\/h4>\n<h4 style=\"text-align: center;\"><span style=\"color: #000000;\">Suplemento de Col\u00e1geno Hidrolizado, Biotina, Acido Pantot\u00e9nico<\/span><br \/>\n<span style=\"color: #000000;\"> Protecci\u00f3n Antiarrugas, Cabello Saludable y U\u00f1as Fuertes<\/span><\/h4>\n<h4 style=\"text-align: center;\"><span style=\"color: #3366ff;\"><em><strong>PIEL RADIANTE Y PROTECCION ANTIARRUGAS<\/strong><\/em><\/span><\/h4>\n<h4 style=\"text-align: center;\"><span style=\"color: #000000;\">El Col\u00e1geno ayuda a devolver la elasticidad de la piel, promueve su hidrataci\u00f3n y ayuda a reducir la aparici\u00f3n de l\u00edneas de expresi\u00f3n y arrugas.\u00a0<\/span><br \/>\n<span style=\"color: #000000;\"> El Col\u00e1geno representa el 75% de las prote\u00ednas que forman la piel.<\/span><\/h4>\n<h4 style=\"text-align: center;\"><em><strong><span style=\"color: #3366ff;\">U\u00d1AS FUERTES<\/span><\/strong><\/em><\/h4>\n<h4 style=\"text-align: center;\"><span style=\"color: #000000;\">La Biotina apoya el crecimiento de u\u00f1as fuertes y sanas.\u00a0<\/span><br \/>\n<span style=\"color: #000000;\"> El Col\u00e1geno aporta los elementos b\u00e1sicos para formar u\u00f1as fuertes.<\/span><\/h4>\n<h4 style=\"text-align: center;\"><em><span style=\"color: #3366ff;\">CABELLO BRILLANTE<\/span><\/em><\/h4>\n<h4 style=\"text-align: center;\"><span style=\"color: #000000;\">El Col\u00e1geno y Acido Pantot\u00e9nico ayuda a recuperar el brillo, la fuerza y la flexibilidad del cabello desde la ra\u00edz.<\/span><\/h4>\n","protected":false},"featured_media":5642,"comment_status":"closed","ping_status":"closed","template":"","meta":{"_kad_post_transparent":"","_kad_post_title":"","_kad_post_layout":"","_kad_post_sidebar_id":"","_kad_post_content_style":"","_kad_post_vertical_padding":"","_kad_post_feature":"","_kad_post_feature_position":"","_kad_post_header":false,"_kad_post_footer":false,"_kad_post_classname":""},"product_brand":[],"product_cat":[135,149,1272],"product_tag":[1273,1274,1275,260,261,1276,265,267,1277],"class_list":{"0":"post-5031","1":"product","2":"type-product","3":"status-publish","4":"has-post-thumbnail","6":"product_cat-laboratorios-vijosa","7":"product_cat-salud-y-belleza","8":"product_cat-vitamina-granulada","9":"product_tag-acido-pantotenico-proteccion-antiarrugas","10":"product_tag-biotina","11":"product_tag-cabello-brillante","12":"product_tag-cabello-saludable-y-unas-fuertes","13":"product_tag-cabello-y-unas","14":"product_tag-piel","15":"product_tag-piel-radiante","16":"product_tag-suplemento-de-colageno-hidrolizado","17":"product_tag-unas-fuertes","19":"first","20":"instock","21":"shipping-taxable","22":"purchasable","23":"product-type-simple","24":"entry","25":"content-bg","26":"loop-entry"},"_links":{"self":[{"href":"https:\/\/myvitaminss.com\/index.php\/wp-json\/wp\/v2\/product\/5031","targetHints":{"allow":["GET"]}}],"collection":[{"href":"https:\/\/myvitaminss.com\/index.php\/wp-json\/wp\/v2\/product"}],"about":[{"href":"https:\/\/myvitaminss.com\/index.php\/wp-json\/wp\/v2\/types\/product"}],"replies":[{"embeddable":true,"href":"https:\/\/myvitaminss.com\/index.php\/wp-json\/wp\/v2\/comments?post=5031"}],"wp:featuredmedia":[{"embeddable":true,"href":"https:\/\/myvitaminss.com\/index.php\/wp-json\/wp\/v2\/media\/5642"}],"wp:attachment":[{"href":"https:\/\/myvitaminss.com\/index.php\/wp-json\/wp\/v2\/media?parent=5031"}],"wp:term":[{"taxonomy":"product_brand","embeddable":true,"href":"https:\/\/myvitaminss.com\/index.php\/wp-json\/wp\/v2\/product_brand?post=5031"},{"taxonomy":"product_cat","embeddable":true,"href":"https:\/\/myvitaminss.com\/index.php\/wp-json\/wp\/v2\/product_cat?post=5031"},{"taxonomy":"product_tag","embeddable":true,"href":"https:\/\/myvitaminss.com\/index.php\/wp-json\/wp\/v2\/product_tag?post=5031"}],"curies":[{"name":"wp","href":"https:\/\/api.w.org\/{rel}","templated":true}]}}