{"id":5026,"date":"2021-04-20T21:23:17","date_gmt":"2021-04-21T03:23:17","guid":{"rendered":"https:\/\/myvitaminss.com\/?post_type=product&#038;p=5026"},"modified":"2024-06-18T14:50:49","modified_gmt":"2024-06-18T20:50:49","slug":"sin-dolor-con-artrikon-40-capsulas","status":"publish","type":"product","link":"https:\/\/myvitaminss.com\/index.php\/producto\/sin-dolor-con-artrikon-40-capsulas\/","title":{"rendered":"Sin Dolor con Artrikon 40 C\u00e1psulas \ud83d\ude47\u200d\u2640\ufe0f\ud83d\ude47"},"content":{"rendered":"<h4 style=\"text-align: center;\"><span style=\"color: #3366ff;\"><em><strong>Dosis:<\/strong><\/em><\/span><\/h4>\n<h4 style=\"text-align: center;\"><span style=\"color: #3366ff;\"><em><strong>Por lo general se recomienda:<\/strong><\/em><\/span><\/h4>\n<h4 style=\"text-align: center;\">Tomar 1 c\u00e1psula cada 8 horas por 2\u00a0d\u00edas\u00a0seguidos.<br \/>\nLuego 1 C\u00e1psula ma\u00f1ana y noche por 3\u00a0d\u00edas\u00a0m\u00e1s.<\/h4>\n<h4 style=\"text-align: center;\"><strong><span style=\"color: #3366ff;\"><i>V\u00eda<\/i><\/span><\/strong><em><strong><span style=\"color: #3366ff;\">\u00a0de Administraci\u00f3n:<\/span> <\/strong><\/em>ORAL<\/h4>\n<h4 style=\"text-align: center;\"><span style=\"color: #3366ff;\"><strong><em>10 Sobres de 4 C\u00e1psulas<\/em><\/strong><\/span><\/h4>\n<h4 style=\"text-align: center;\"><span style=\"color: #3366ff;\"><strong><em>CONTRA INDICACIONES Y ADVERTENCIAS:<\/em><\/strong><\/span><\/h4>\n<h4 style=\"text-align: center;\">Pacientes con trastornos gastrointestinales (gastritis, \u00falcera gastroduodenal), hipersensibilidad a alg\u00fan componente de la f\u00f3rmula.<\/h4>\n","protected":false},"excerpt":{"rendered":"<h4 style=\"text-align: center;\"><em><span style=\"color: #3366ff;\"><strong>Antirreum\u00e1tico\u00a0&#8211; Analg\u00e9sico\u00a0&#8211; Antiinflamatorio\u00a0<\/strong><\/span><\/em><\/h4>\n<h4 style=\"text-align: center;\"><em><strong>\u00a0<\/strong><\/em><\/h4>\n<h4><\/h4>\n","protected":false},"featured_media":5658,"comment_status":"closed","ping_status":"closed","template":"","meta":{"_kad_post_transparent":"","_kad_post_title":"","_kad_post_layout":"","_kad_post_sidebar_id":"","_kad_post_content_style":"","_kad_post_vertical_padding":"","_kad_post_feature":"","_kad_post_feature_position":"","_kad_post_header":false,"_kad_post_footer":false,"_kad_post_classname":""},"product_brand":[],"product_cat":[145,146,147,148,149,138],"product_tag":[383,384,385,386,387,388,389],"class_list":{"0":"post-5026","1":"product","2":"type-product","3":"status-publish","4":"has-post-thumbnail","6":"product_cat-artritis","7":"product_cat-capsulas-de-gelatina-blanda","8":"product_cat-laboratorios-biokemical","9":"product_cat-medicamento-para-el-dolor","10":"product_cat-salud-y-belleza","11":"product_cat-vitaminas-neurotropas","12":"product_tag-artrikon-capsulas","13":"product_tag-artrikon-para-que-sirve","14":"product_tag-artrikon-vitaminado","15":"product_tag-artrikon-vitaminado-amazon","16":"product_tag-artrikon-vitaminado-capsulas","17":"product_tag-artrikon-vitaminado-ebay","18":"product_tag-artrikon-vitaminado-original-de-el-salvador","20":"first","21":"outofstock","22":"sale","23":"shipping-taxable","24":"purchasable","25":"product-type-simple","26":"entry","27":"content-bg","28":"loop-entry"},"_links":{"self":[{"href":"https:\/\/myvitaminss.com\/index.php\/wp-json\/wp\/v2\/product\/5026","targetHints":{"allow":["GET"]}}],"collection":[{"href":"https:\/\/myvitaminss.com\/index.php\/wp-json\/wp\/v2\/product"}],"about":[{"href":"https:\/\/myvitaminss.com\/index.php\/wp-json\/wp\/v2\/types\/product"}],"replies":[{"embeddable":true,"href":"https:\/\/myvitaminss.com\/index.php\/wp-json\/wp\/v2\/comments?post=5026"}],"wp:featuredmedia":[{"embeddable":true,"href":"https:\/\/myvitaminss.com\/index.php\/wp-json\/wp\/v2\/media\/5658"}],"wp:attachment":[{"href":"https:\/\/myvitaminss.com\/index.php\/wp-json\/wp\/v2\/media?parent=5026"}],"wp:term":[{"taxonomy":"product_brand","embeddable":true,"href":"https:\/\/myvitaminss.com\/index.php\/wp-json\/wp\/v2\/product_brand?post=5026"},{"taxonomy":"product_cat","embeddable":true,"href":"https:\/\/myvitaminss.com\/index.php\/wp-json\/wp\/v2\/product_cat?post=5026"},{"taxonomy":"product_tag","embeddable":true,"href":"https:\/\/myvitaminss.com\/index.php\/wp-json\/wp\/v2\/product_tag?post=5026"}],"curies":[{"name":"wp","href":"https:\/\/api.w.org\/{rel}","templated":true}]}}