{"id":5025,"date":"2021-04-20T21:23:17","date_gmt":"2021-04-21T03:23:17","guid":{"rendered":"https:\/\/myvitaminss.com\/?post_type=product&#038;p=5025"},"modified":"2023-05-26T11:33:38","modified_gmt":"2023-05-26T17:33:38","slug":"artribion-vitaminado-original-60-capsulas","status":"publish","type":"product","link":"https:\/\/myvitaminss.com\/index.php\/producto\/artribion-vitaminado-original-60-capsulas\/","title":{"rendered":"Artribi\u00f3n Vitaminado ORIGINAL 60 C\u00e1psulas \ud83d\udc8a\ud83d\ude0e"},"content":{"rendered":"<p style=\"text-align: center;\"><span style=\"color: #3366ff;\"><em><strong>Dosis:<\/strong><\/em><\/span><\/p>\n<p style=\"text-align: center;\"><span style=\"color: #3366ff;\"><em><strong>Se recomienda por lo general:<\/strong><\/em><\/span><\/p>\n<p style=\"text-align: center;\"><span style=\"color: #000000;\"><span style=\"color: #3366ff;\"><strong><em>J\u00f3venes y Adultos:<\/em><\/strong><\/span> Tomar 1 c\u00e1psula cada 8 horas por 2 d\u00edas seguidos.<\/span><br \/>\n<span style=\"color: #000000;\"> Luego 1 C\u00e1psula ma\u00f1ana y noche por 3 d\u00edas m\u00e1s.<\/span><\/p>\n<p style=\"text-align: center;\"><span style=\"color: #000000;\"><span style=\"color: #3366ff;\"><em><strong>V\u00eda de Administraci\u00f3n:<\/strong><\/em><\/span> ORAL<\/span><\/p>\n<p style=\"text-align: center;\"><span style=\"color: #000000;\">\u00a0<\/span><\/p>\n<p style=\"text-align: center;\"><span style=\"color: #000000;\"><strong style=\"color: #3366ff;\">CONTRAINDICACIONES Y ADVERTENCIAS:<\/strong><\/span><\/p>\n<p style=\"text-align: center;\"><span style=\"color: #000000;\"><strong>Hipersensibilidad a los componentes de la f\u00f3rmula, personas con trastornos Gastrointestinales (\u00falcera gastroduodenal).<\/strong><\/span><br \/>\n<span style=\"color: #000000;\"> <strong>No usar durante el embarazo y lactancia<\/strong><\/span><\/p>\n","protected":false},"excerpt":{"rendered":"<h2 style=\"text-align: center;\"><span style=\"color: #3366ff;\"><em><strong>ARTRITIS &#8211; REUMATISMO &#8211; INFLAMACION &#8211; DOLOR<\/strong><\/em><\/span><\/h2>\n<p style=\"text-align: center;\"><span style=\"color: #000000;\">Artribion Vitaminado Son C\u00e1psulas de Gelatina Blanda, que est\u00e1 indicado para el REUMATISMO-ARTRITIS-INFLAMACION-CIATICA-NEURALGIAS-DOLOR DE ESPALDA-DESGARRES-TORCEDURAS-DOLOR DE COLUMNA VERTEBRAL-DOLOR MUSCULAR-DOLOR EN LAS ARTICULACIONES-DOLOR DE NUCA.<\/span><\/p>\n","protected":false},"featured_media":5584,"comment_status":"closed","ping_status":"closed","template":"","meta":[],"product_cat":[145,146,147,149],"product_tag":[150,151,152,153,154,155,156,157,158,159,160,161,162],"class_list":{"0":"post-5025","1":"product","2":"type-product","3":"status-publish","4":"has-post-thumbnail","6":"product_cat-artritis","7":"product_cat-capsulas-de-gelatina-blanda","8":"product_cat-laboratorios-biokemical","9":"product_cat-salud-y-belleza","10":"product_tag-artribion","11":"product_tag-artribion-amazon","12":"product_tag-artribion-ebay","13":"product_tag-artribion-el-salvador","14":"product_tag-artribion-formula","15":"product_tag-artribion-forte-efectos-secundarios","16":"product_tag-artribion-forte-para-que-sirve","17":"product_tag-artribion-fuerte","18":"product_tag-artribion-gel","19":"product_tag-artribion-original-de-el-salvador","20":"product_tag-artribion-para-que-sirve","21":"product_tag-artribion-pomada","22":"product_tag-artribion-vitaminado-el-salvador","24":"first","25":"outofstock","26":"shipping-taxable","27":"purchasable","28":"product-type-simple","29":"col-xs-6 col-sm-4","30":"col-md-3 col-lg-3","31":"un-4-cols"},"_links":{"self":[{"href":"https:\/\/myvitaminss.com\/index.php\/wp-json\/wp\/v2\/product\/5025","targetHints":{"allow":["GET"]}}],"collection":[{"href":"https:\/\/myvitaminss.com\/index.php\/wp-json\/wp\/v2\/product"}],"about":[{"href":"https:\/\/myvitaminss.com\/index.php\/wp-json\/wp\/v2\/types\/product"}],"replies":[{"embeddable":true,"href":"https:\/\/myvitaminss.com\/index.php\/wp-json\/wp\/v2\/comments?post=5025"}],"wp:featuredmedia":[{"embeddable":true,"href":"https:\/\/myvitaminss.com\/index.php\/wp-json\/wp\/v2\/media\/5584"}],"wp:attachment":[{"href":"https:\/\/myvitaminss.com\/index.php\/wp-json\/wp\/v2\/media?parent=5025"}],"wp:term":[{"taxonomy":"product_cat","embeddable":true,"href":"https:\/\/myvitaminss.com\/index.php\/wp-json\/wp\/v2\/product_cat?post=5025"},{"taxonomy":"product_tag","embeddable":true,"href":"https:\/\/myvitaminss.com\/index.php\/wp-json\/wp\/v2\/product_tag?post=5025"}],"curies":[{"name":"wp","href":"https:\/\/api.w.org\/{rel}","templated":true}]}}