{"id":5022,"date":"2021-04-20T21:23:17","date_gmt":"2021-04-21T03:23:17","guid":{"rendered":"https:\/\/myvitaminss.com\/?post_type=product&#038;p=5022"},"modified":"2026-02-10T17:40:49","modified_gmt":"2026-02-10T23:40:49","slug":"paracitel-500","status":"publish","type":"product","link":"https:\/\/myvitaminss.com\/index.php\/producto\/paracitel-500\/","title":{"rendered":"ParaciteL &#8211; 500 \ud83e\udda0\ud83e\uddeb"},"content":{"rendered":"<address style=\"text-align: center;\"><img loading=\"lazy\" decoding=\"async\" class=\"aligncenter wp-image-269671\" src=\"http:\/\/vitaminas.comprarenelsalvador.com\/wp-content\/uploads\/2020\/03\/ParaciteL-500-300x221.jpg\" alt=\"\" width=\"152\" height=\"112\" \/><\/address>\n<address style=\"text-align: center;\">\u00a0<\/address>\n<address style=\"text-align: center;\"><strong><span style=\"color: #000000;\">Caja\u00a0 6 Tabletas<\/span><\/strong><\/address>\n<address style=\"text-align: center;\">\u00a0<\/address>\n<h4 style=\"text-align: center;\"><span style=\"color: #3366ff;\"><em><strong>Dosis y administraci\u00f3n:<\/strong><\/em><\/span><br \/>\n<span style=\"color: #000000;\">La dosis recomendada en <span style=\"color: #0000ff;\">ni\u00f1os mayores de 12 a\u00f1os y adultos<\/span> es de <span style=\"color: #0000ff;\">una tableta <\/span><\/span><br \/>\n<span style=\"color: #000000;\">(500 mg) <span style=\"color: #0000ff;\">cada 12 horas durante 3 d\u00edas<\/span>.<\/span><\/h4>\n<h4 style=\"text-align: center;\"><span style=\"color: #000000;\">En casos de fascioliasis, la dosis recomendada es de una tableta (500 mg) cada 12 <\/span><br \/>\n<span style=\"color: #000000;\">horas durante 7 d\u00edas.<\/span><\/h4>\n<h4 style=\"text-align: center;\"><span style=\"color: #000000;\">Consulte a su m\u00e9dico si los s\u00edntomas persisten despu\u00e9s de finalizar con el <\/span><br \/>\n<span style=\"color: #000000;\">tratamiento.<\/span><\/h4>\n<h4 style=\"text-align: center;\"><span style=\"color: #3366ff;\"><strong><em>Contraindicaciones:<\/em><\/strong><\/span><br \/>\n<span style=\"color: #000000;\">Hipersensibilidad al principio activo o a alguno de los componentes de la <\/span><br \/>\n<span style=\"color: #000000;\">formulaci\u00f3n.<\/span><\/h4>\n<h4 style=\"text-align: center;\"><span style=\"color: #3366ff;\"><em>Composici\u00f3n:<\/em><\/span><br \/>\n<span style=\"color: #3366ff;\"><em>Cada tableta recubierta contiene:<\/em><\/span><br \/>\n<span style=\"color: #000000;\">Nitazoxanida. . 500 mg<\/span><br \/>\n<span style=\"color: #000000;\">Excipientes c.s.p 1 tableta<\/span><\/h4>\n<h4 style=\"text-align: center;\"><em><span style=\"color: #000000;\"><strong><span style=\"color: #3366ff;\">V\u00eda de administraci\u00f3n: <\/span><\/strong><\/span><\/em><span style=\"color: #000000;\">Oral<\/span><span style=\"color: #000000;\">.<\/span><\/h4>\n<h4 style=\"text-align: center;\"><em><span style=\"color: #000000;\">\u00a0<\/span><\/em><\/h4>\n<h4><\/h4>\n","protected":false},"excerpt":{"rendered":"<h2 style=\"text-align: center;\"><span style=\"color: #000000;\"><span style=\"color: #008000;\">Para<span style=\"color: #800080;\">citeL<\/span> &#8211; <span style=\"color: #800080;\">500<\/span><\/span><\/span><\/h2>\n<h4 style=\"text-align: center;\"><strong><span style=\"color: #3366ff;\"><em>Acci\u00f3n farmacol\u00f3gica:<\/em><\/span><\/strong><br \/>\n<span style=\"color: #000000;\">La nitazoxanida es un agente antiparasitario con actividad contra una amplia gama <\/span><br \/>\n<span style=\"color: #000000;\">de par\u00e1sitos y bacterias incluyendo protozoos, nematodos, cestodos y trematodos.<\/span><\/h4>\n<h4 style=\"text-align: center;\"><span style=\"color: #3366ff;\"><strong><em>Farmacocin\u00e9tica:<\/em><\/strong><\/span><br \/>\n<span style=\"color: #000000;\">Seguido a su administraci\u00f3n por v\u00eda oral, la nitazoxanida es absorbida r\u00e1pidamente <\/span><br \/>\n<span style=\"color: #000000;\">en el tracto gastrointestinal y es biotransformada en el h\u00edgado dando lugar a <\/span><br \/>\n<span style=\"color: #000000;\">diferentes metabolitos. Sus concentraciones plasm\u00e1ticas m\u00e1ximas se alcanzan de 2 <\/span><br \/>\n<span style=\"color: #000000;\">a 6 horas despu\u00e9s de su administraci\u00f3n y es excretada por v\u00eda biliar y renal.<\/span><\/h4>\n<h4 style=\"text-align: center;\"><span style=\"color: #3366ff;\"><strong><em>Indicaciones y usos:<\/em><\/strong><\/span><br \/>\n<span style=\"color: #000000;\">Nitazoxanida est\u00e1 indicada para el tratamiento de infecciones amebianas <\/span><br \/>\n<span style=\"color: #000000;\">intestinales agudas o disenter\u00eda amebiana causada por Entamoeba histolytica. <\/span><br \/>\n<span style=\"color: #000000;\">Tambi\u00e9n est\u00e1 indicada para el tratamiento de infecciones causadas por Giardia <\/span><br \/>\n<span style=\"color: #000000;\">lamblia, helmintiasis por nematodos (Enterobius yermicularis, Ascaris lumbricoides, <\/span><br \/>\n<span style=\"color: #000000;\">Strongyloides stercoralis, Ancylostoma duodenalis, Necator americanus, Trichuris <\/span><br \/>\n<span style=\"color: #000000;\">trichiura), helmintiasis por cestodos (Taenia saginata, Taenia solium, Hymenolepis <\/span><br \/>\n<span style=\"color: #000000;\">nana) y helmintiasis por trematodos (Fasciola hep\u00e1tica).<\/span><\/h4>\n<h4><\/h4>\n<h4 style=\"text-align: center;\"><\/h4>\n","protected":false},"featured_media":5657,"comment_status":"closed","ping_status":"closed","template":"","meta":{"_kad_post_transparent":"","_kad_post_title":"","_kad_post_layout":"","_kad_post_sidebar_id":"","_kad_post_content_style":"","_kad_post_vertical_padding":"","_kad_post_feature":"","_kad_post_feature_position":"","_kad_post_header":false,"_kad_post_footer":false,"_kad_post_classname":""},"product_brand":[],"product_cat":[583,402,282],"product_tag":[1262,1263,1264],"class_list":{"0":"post-5022","1":"product","2":"type-product","3":"status-publish","4":"has-post-thumbnail","6":"product_cat-desparasitantes","7":"product_cat-laboratorios-saimed","8":"product_cat-tabletas","9":"product_tag-desparasitante-de-amplio-espectro","10":"product_tag-desparasitante-el-salvador","11":"product_tag-desparasitante-para-amibas","13":"first","14":"outofstock","15":"purchasable","16":"product-type-simple","17":"entry","18":"content-bg","19":"loop-entry"},"_links":{"self":[{"href":"https:\/\/myvitaminss.com\/index.php\/wp-json\/wp\/v2\/product\/5022","targetHints":{"allow":["GET"]}}],"collection":[{"href":"https:\/\/myvitaminss.com\/index.php\/wp-json\/wp\/v2\/product"}],"about":[{"href":"https:\/\/myvitaminss.com\/index.php\/wp-json\/wp\/v2\/types\/product"}],"replies":[{"embeddable":true,"href":"https:\/\/myvitaminss.com\/index.php\/wp-json\/wp\/v2\/comments?post=5022"}],"wp:featuredmedia":[{"embeddable":true,"href":"https:\/\/myvitaminss.com\/index.php\/wp-json\/wp\/v2\/media\/5657"}],"wp:attachment":[{"href":"https:\/\/myvitaminss.com\/index.php\/wp-json\/wp\/v2\/media?parent=5022"}],"wp:term":[{"taxonomy":"product_brand","embeddable":true,"href":"https:\/\/myvitaminss.com\/index.php\/wp-json\/wp\/v2\/product_brand?post=5022"},{"taxonomy":"product_cat","embeddable":true,"href":"https:\/\/myvitaminss.com\/index.php\/wp-json\/wp\/v2\/product_cat?post=5022"},{"taxonomy":"product_tag","embeddable":true,"href":"https:\/\/myvitaminss.com\/index.php\/wp-json\/wp\/v2\/product_tag?post=5022"}],"curies":[{"name":"wp","href":"https:\/\/api.w.org\/{rel}","templated":true}]}}