{"id":5017,"date":"2021-04-20T21:23:17","date_gmt":"2021-04-21T03:23:17","guid":{"rendered":"https:\/\/myvitaminss.com\/?post_type=product&#038;p=5017"},"modified":"2022-03-02T17:35:36","modified_gmt":"2022-03-02T23:35:36","slug":"geriatrik-biokemical-con-ginseng","status":"publish","type":"product","link":"https:\/\/myvitaminss.com\/index.php\/producto\/geriatrik-biokemical-con-ginseng\/","title":{"rendered":"GERIATRIK Biokemical con Ginseng \ud83e\udd17\ud83e\udd2a"},"content":{"rendered":"<h4 style=\"text-align: center;\"><span style=\"color: #3366ff;\"><em><strong>Display contiene 100 C\u00e1psulas de gelatina blanda<\/strong><\/em><\/span><\/h4>\n<h4 style=\"text-align: center;\"><span style=\"color: #3366ff;\"><em><strong>DOSIS:<\/strong><\/em><\/span><br \/>\n<span style=\"color: #3366ff;\"><em><strong>Por lo general se recomienda: <\/strong><\/em><\/span><span style=\"color: #000000;\">Tomar una c\u00e1psula despu\u00e9s del desayuno.<\/span><\/h4>\n<h4 style=\"text-align: center;\">\n<em><span style=\"color: #000000;\"><strong><span style=\"color: #3366ff;\">VIA DE ADMINISTRACI\u00d3N: <\/span><\/strong><\/span><\/em><span style=\"color: #000000;\"><span style=\"color: #000000;\">Oral.<\/span><\/span><\/h4>\n<h4 style=\"text-align: center;\">\n<span style=\"color: #000000;\">Pueden consumirlo los diab\u00e9ticos y tambi\u00e9n se recomienda para los vegetarianos.<\/span><\/h4>\n<h4 style=\"text-align: center;\">\n<span style=\"color: #3366ff;\"><em><strong>CONTRAINDICACIONES Y ADVERTENCIAS:<\/strong><\/em><\/span><br \/>\n<span style=\"color: #000000;\">Hipersensibilidad a alg\u00fan componente de la f\u00f3rmula.<\/span><\/h4>\n<h5 style=\"text-align: center;\"><\/h5>\n<h5 style=\"text-align: center;\"><\/h5>\n<h5 style=\"text-align: center;\"><\/h5>\n","protected":false},"excerpt":{"rendered":"<h5 style=\"text-align: center;\"><span style=\"color: #3366ff;\"><strong><em>GERIATRIK BIOKEMICAL<\/em><\/strong><\/span><br \/>\n<span style=\"color: #3366ff;\"><strong><em>con Ginseng<\/em><\/strong><\/span><br \/>\n<span style=\"color: #3366ff;\"><strong><em>100 C\u00e1psulas<\/em><\/strong><\/span><br \/>\n<span style=\"color: #3366ff;\"><strong><em>Indicado como suplemento vitam\u00ednico en personas con deficiencia nutricional.<\/em><\/strong><\/span><br \/>\n<span style=\"color: #3366ff;\"><strong><em>INDICACIONES:<\/em><\/strong><\/span><\/h5>\n<h5 style=\"text-align: center;\">\n<span style=\"color: #000000;\">Indicado como suplemento vitam\u00ednico en personas con deficiencia nutricional, por tener una mala alimentaci\u00f3n. GERIATRIK BIOKEMICAL<\/span> <span style=\"color: #ff0000;\">CON GINSENG,<\/span> <span style=\"color: #000000;\">contribuye a la prevenci\u00f3n y eliminaci\u00f3n de los estados carenciales de vitaminas y minerales que contiene la f\u00f3rmula, que son importantes para el buen funcionamiento del organismo.<\/span><\/h5>\n<h5 style=\"text-align: center;\"><span style=\"color: #ff0000;\">Contiene Vitamina A, Vitamina D3, Vitamina E, Vitamina B1, Vitamina B2,\u00a0Vitamina B6,\u00a0Vitamina B12,\u00a0Vitamina C, Ginseng y muchas m\u00e1s, favor consultar empaque para detalles.<\/span><\/h5>\n<h5 style=\"text-align: center;\"><\/h5>\n","protected":false},"featured_media":5626,"comment_status":"closed","ping_status":"closed","template":"","meta":[],"product_cat":[146,134,147,136,149,139],"product_tag":[622,623,624,625,626,627,628,629,630,250,230,415,417,631,632,633],"class_list":{"0":"post-5017","1":"product","2":"type-product","3":"status-publish","4":"has-post-thumbnail","6":"product_cat-capsulas-de-gelatina-blanda","7":"product_cat-control-de-estres","8":"product_cat-laboratorios-biokemical","9":"product_cat-multivitaminas","10":"product_cat-salud-y-belleza","11":"product_cat-vitaminas-y-suplementos","12":"product_tag-cubrir-deficiencia-nutricional","13":"product_tag-geriatrik","14":"product_tag-geriatrik-biokemical","15":"product_tag-geriatrik-biokemical-amazon","16":"product_tag-geriatrik-biokemical-con-ginseng","17":"product_tag-geriatrik-biokemical-ebay","18":"product_tag-geriatrik-biokemical-original-de-el-salvador","19":"product_tag-ginseng","20":"product_tag-vitamina-a","21":"product_tag-vitamina-b1","22":"product_tag-vitamina-b12","23":"product_tag-vitamina-b2","24":"product_tag-vitamina-b6","25":"product_tag-vitamina-c","26":"product_tag-vitamina-d3","27":"product_tag-vitamina-e","29":"first","30":"instock","31":"shipping-taxable","32":"purchasable","33":"product-type-simple","34":"col-xs-6 col-sm-4","35":"col-md-3 col-lg-3","36":"un-4-cols"},"_links":{"self":[{"href":"https:\/\/myvitaminss.com\/index.php\/wp-json\/wp\/v2\/product\/5017","targetHints":{"allow":["GET"]}}],"collection":[{"href":"https:\/\/myvitaminss.com\/index.php\/wp-json\/wp\/v2\/product"}],"about":[{"href":"https:\/\/myvitaminss.com\/index.php\/wp-json\/wp\/v2\/types\/product"}],"replies":[{"embeddable":true,"href":"https:\/\/myvitaminss.com\/index.php\/wp-json\/wp\/v2\/comments?post=5017"}],"wp:featuredmedia":[{"embeddable":true,"href":"https:\/\/myvitaminss.com\/index.php\/wp-json\/wp\/v2\/media\/5626"}],"wp:attachment":[{"href":"https:\/\/myvitaminss.com\/index.php\/wp-json\/wp\/v2\/media?parent=5017"}],"wp:term":[{"taxonomy":"product_cat","embeddable":true,"href":"https:\/\/myvitaminss.com\/index.php\/wp-json\/wp\/v2\/product_cat?post=5017"},{"taxonomy":"product_tag","embeddable":true,"href":"https:\/\/myvitaminss.com\/index.php\/wp-json\/wp\/v2\/product_tag?post=5017"}],"curies":[{"name":"wp","href":"https:\/\/api.w.org\/{rel}","templated":true}]}}