{"id":5011,"date":"2021-04-20T21:23:17","date_gmt":"2021-04-21T03:23:17","guid":{"rendered":"https:\/\/myvitaminss.com\/?post_type=product&#038;p=5011"},"modified":"2022-03-30T14:51:56","modified_gmt":"2022-03-30T20:51:56","slug":"nivea-creme-100-ml","status":"publish","type":"product","link":"https:\/\/myvitaminss.com\/index.php\/producto\/nivea-creme-100-ml\/","title":{"rendered":"NIVEA CREME 100 ml \ud83d\udc69\u200d\u2695\ufe0f\ud83e\udd5b"},"content":{"rendered":"<p><img fetchpriority=\"high\" decoding=\"async\" class=\"aligncenter size-full wp-image-152762\" src=\"http:\/\/vitaminas.comprarenelsalvador.com\/wp-content\/uploads\/2019\/10\/Nivea-creme-POMO.png\" alt=\"\" width=\"284\" height=\"250\" \/><\/p>\n<h6 style=\"text-align: center;\">Presentacion: 100 ml<\/h6>\n<h3 style=\"text-align: center;\"><span style=\"color: #0000ff;\">NIVEA Creme:<\/span><\/h3>\n<h4 style=\"text-align: center;\"><span style=\"color: #000000;\">La crema hidratante universal para el cuidado de todo tipo de piel, para toda la familia. <\/span><\/h4>\n<h4 style=\"text-align: center;\"><span style=\"color: #000000;\">Este ic\u00f3nico producto, que revolucion\u00f3 el mundo del cuidado de la piel hace m\u00e1s 100 a\u00f1os, cuenta con una f\u00f3rmula \u00ab\u00fanica\u00bb libre de conservantes: emulsi\u00f3n de agua en aceite con ingredientes de conocida eficacia tales como Pantenol, Eucerit o Glicerina entre otros que proporcionan a la piel toda la hidrataci\u00f3n que necesita para mantenerse suave y flexible. <\/span><\/h4>\n<h4 style=\"text-align: center;\"><span style=\"color: #000000;\">Ideal para el uso diario de cualquier parte del cuerpo, para cualquier edad, en cualquier \u00e9poca del a\u00f1o. <\/span><\/h4>\n<h4 style=\"text-align: center;\"><span style=\"color: #000000;\">Hidrataci\u00f3n intensiva y duradera: NIVEA Creme<\/span><\/h4>\n","protected":false},"excerpt":{"rendered":"<h4 style=\"text-align: center;\">La crema hidratante multiuso para todo tipo de piel, ideal para el cuidado de toda la familia en su pr\u00e1ctico formato 100 ml, muy indicado para llevar en el bolso:<\/h4>\n<h4 style=\"text-align: center;\"><span style=\"color: #0000ff;\">NIVEA Creme<\/span><\/h4>\n<h4 style=\"text-align: center;\">Hidrata y nutre profundamente tu piel con la ic\u00f3nica <span style=\"color: #0000ff;\">NIVEA Creme<\/span>.<\/h4>\n<h4 style=\"text-align: center;\">Ideal para uso diario, proporciona a tu piel todo el cuidado y protecci\u00f3n que necesita.<\/h4>\n<h4 style=\"text-align: center;\">Hidrataci\u00f3n y nutrici\u00f3n intensivas para cara, cuerpo y manos<br \/>\nIdeal para el cuidado de todo tipo de piel<br \/>\nCompatibilidad con la piel dermatol\u00f3gicamente comprobada<br \/>\nFormato de viaje para cuidar tu piel est\u00e9s donde est\u00e9s<\/h4>\n","protected":false},"featured_media":5656,"comment_status":"closed","ping_status":"closed","template":"","meta":[],"product_cat":[535,149],"product_tag":[1255,1256,1257,1258,1259,1260,1261],"class_list":{"0":"post-5011","1":"product","2":"type-product","3":"status-publish","4":"has-post-thumbnail","6":"product_cat-crema-para-la-piel","7":"product_cat-salud-y-belleza","8":"product_tag-crema-hidratante","9":"product_tag-crema-para-piel","10":"product_tag-glicerina","11":"product_tag-nivea","12":"product_tag-nivea-creme-amazon","13":"product_tag-nivea-creme-ebay","14":"product_tag-nivea-creme-el-salvador","16":"first","17":"instock","18":"purchasable","19":"product-type-variable","20":"has-default-attributes","21":"col-xs-6 col-sm-4","22":"col-md-3 col-lg-3","23":"un-4-cols"},"_links":{"self":[{"href":"https:\/\/myvitaminss.com\/index.php\/wp-json\/wp\/v2\/product\/5011","targetHints":{"allow":["GET"]}}],"collection":[{"href":"https:\/\/myvitaminss.com\/index.php\/wp-json\/wp\/v2\/product"}],"about":[{"href":"https:\/\/myvitaminss.com\/index.php\/wp-json\/wp\/v2\/types\/product"}],"replies":[{"embeddable":true,"href":"https:\/\/myvitaminss.com\/index.php\/wp-json\/wp\/v2\/comments?post=5011"}],"wp:featuredmedia":[{"embeddable":true,"href":"https:\/\/myvitaminss.com\/index.php\/wp-json\/wp\/v2\/media\/5656"}],"wp:attachment":[{"href":"https:\/\/myvitaminss.com\/index.php\/wp-json\/wp\/v2\/media?parent=5011"}],"wp:term":[{"taxonomy":"product_cat","embeddable":true,"href":"https:\/\/myvitaminss.com\/index.php\/wp-json\/wp\/v2\/product_cat?post=5011"},{"taxonomy":"product_tag","embeddable":true,"href":"https:\/\/myvitaminss.com\/index.php\/wp-json\/wp\/v2\/product_tag?post=5011"}],"curies":[{"name":"wp","href":"https:\/\/api.w.org\/{rel}","templated":true}]}}