{"id":4990,"date":"2021-04-20T21:23:00","date_gmt":"2021-04-21T03:23:00","guid":{"rendered":"https:\/\/myvitaminss.com\/?post_type=product&#038;p=4990"},"modified":"2022-03-31T15:19:02","modified_gmt":"2022-03-31T21:19:02","slug":"dolfix-gelcaps","status":"publish","type":"product","link":"https:\/\/myvitaminss.com\/index.php\/producto\/dolfix-gelcaps\/","title":{"rendered":"DOLFIX GELCAPS \ud83d\ude01\ud83d\ude0e"},"content":{"rendered":"<p><img decoding=\"async\" class=\"size-medium wp-image-10491 aligncenter\" src=\"http:\/\/vitaminas.comprarenelsalvador.com\/wp-content\/uploads\/2019\/06\/DOLFIX-VES-116x300.jpg\" alt=\"\" width=\"116\" height=\"300\" \/><\/p>\n<h5 style=\"text-align: center;\"><span style=\"color: #000000;\">Dispensador de 25 sobres x 4 Gelcaps Total 100 Gelcaps<\/span><\/h5>\n<h4 style=\"text-align: center;\"><span style=\"color: #3366ff;\"><strong><em>DOSIS Y ADMINISTRACI\u00d3N:<\/em><\/strong><\/span><\/h4>\n<h4 style=\"text-align: center;\">Adultos y ni\u00f1os mayores de 12 a\u00f1os:<\/h4>\n<h4 style=\"text-align: center;\">La dosis usual recomendada es de 50mg a 150mg al d\u00eda, divididos en dos o tres dosis.<\/h4>\n<h4 style=\"text-align: center;\">No administrar m\u00e1s de 200mg al d\u00eda.<\/h4>\n<h4 style=\"text-align: center;\"><span style=\"color: #ff0000;\"><strong><em>No se recomienda la administraci\u00f3n de \u00e9ste producto en ni\u00f1os menores de 12 a\u00f1os.<\/em><\/strong><\/span><\/h4>\n<p>&nbsp;<\/p>\n","protected":false},"excerpt":{"rendered":"<p style=\"text-align: center;\"><span style=\"color: #3366ff;\"><em><strong>DOLFIX GELCAPS<\/strong><br \/>\n<\/em><\/span><\/p>\n<p style=\"text-align: center;\"><span style=\"color: #3366ff;\"><strong><em>Diclofenaco Pot\u00e1sico 100mg<\/em><\/strong><\/span><\/p>\n<p style=\"text-align: center;\"><span style=\"color: #3366ff;\"><strong><em>Indicaciones y uso:<\/em><\/strong><\/span><\/p>\n<p style=\"text-align: center;\">El diclofenaco pot\u00e1sico est\u00e1 indicado para el tratamiento de los s\u00edntomas inflamatorios en pacientes con osteoartritis y enfermedades reum\u00e1ticas y para el alivio del dolor y las molestias asociadas a traumas, odontalgias, intervenciones quir\u00fargicas y dismenorrea.<\/p>\n","protected":false},"featured_media":5661,"comment_status":"closed","ping_status":"closed","template":"","meta":[],"product_cat":[145,341,146,402,148],"product_tag":[374,731,375,1250,1251,376,377,1252,732,1253,1254],"class_list":{"0":"post-4990","1":"product","2":"type-product","3":"status-publish","4":"has-post-thumbnail","6":"product_cat-artritis","7":"product_cat-artritis-artrosis-reuma","8":"product_cat-capsulas-de-gelatina-blanda","9":"product_cat-laboratorios-saimed","10":"product_cat-medicamento-para-el-dolor","11":"product_tag-artritis-gotosa","12":"product_tag-artritis-reactiva","13":"product_tag-artritis-reumatoide","14":"product_tag-artritis-reumatoide-juvenil","15":"product_tag-artritis-reumatoide-pdf","16":"product_tag-artritis-reumatoidea","17":"product_tag-artritis-septica","18":"product_tag-artritis-sintomas","19":"product_tag-artritis-tratamiento","20":"product_tag-dolfix","21":"product_tag-gelcaps","23":"first","24":"instock","25":"sale","26":"purchasable","27":"product-type-simple","28":"col-xs-6 col-sm-4","29":"col-md-3 col-lg-3","30":"un-4-cols"},"_links":{"self":[{"href":"https:\/\/myvitaminss.com\/index.php\/wp-json\/wp\/v2\/product\/4990","targetHints":{"allow":["GET"]}}],"collection":[{"href":"https:\/\/myvitaminss.com\/index.php\/wp-json\/wp\/v2\/product"}],"about":[{"href":"https:\/\/myvitaminss.com\/index.php\/wp-json\/wp\/v2\/types\/product"}],"replies":[{"embeddable":true,"href":"https:\/\/myvitaminss.com\/index.php\/wp-json\/wp\/v2\/comments?post=4990"}],"wp:featuredmedia":[{"embeddable":true,"href":"https:\/\/myvitaminss.com\/index.php\/wp-json\/wp\/v2\/media\/5661"}],"wp:attachment":[{"href":"https:\/\/myvitaminss.com\/index.php\/wp-json\/wp\/v2\/media?parent=4990"}],"wp:term":[{"taxonomy":"product_cat","embeddable":true,"href":"https:\/\/myvitaminss.com\/index.php\/wp-json\/wp\/v2\/product_cat?post=4990"},{"taxonomy":"product_tag","embeddable":true,"href":"https:\/\/myvitaminss.com\/index.php\/wp-json\/wp\/v2\/product_tag?post=4990"}],"curies":[{"name":"wp","href":"https:\/\/api.w.org\/{rel}","templated":true}]}}