{"id":4988,"date":"2021-04-20T21:23:00","date_gmt":"2021-04-21T03:23:00","guid":{"rendered":"https:\/\/myvitaminss.com\/?post_type=product&#038;p=4988"},"modified":"2022-03-31T15:03:25","modified_gmt":"2022-03-31T21:03:25","slug":"bk-micyn-cicatrizante-duo-pack","status":"publish","type":"product","link":"https:\/\/myvitaminss.com\/index.php\/producto\/bk-micyn-cicatrizante-duo-pack\/","title":{"rendered":"BK- MICYN CICATRIZANTE Duo Pack \u2728\ud83e\udd70"},"content":{"rendered":"<p>&nbsp;<\/p>\n<address style=\"text-align: center;\"><img fetchpriority=\"high\" decoding=\"async\" class=\"aligncenter size-medium wp-image-9338\" src=\"http:\/\/vitaminas.comprarenelsalvador.com\/wp-content\/uploads\/2019\/04\/BK-MICYN-ves-300x300.jpg\" alt=\"\" width=\"300\" height=\"300\" \/><\/address>\n<address style=\"text-align: center;\">\u00a0<\/address>\n<address style=\"text-align: center;\"><em><span style=\"color: #3366ff;\"><strong>Tubo con 20 gramos<\/strong><\/span><\/em><\/address>\n<address style=\"text-align: center;\">\u00a0<\/address>\n<address style=\"text-align: center;\"><em><span style=\"color: #3366ff;\"><strong>Dosis:<\/strong><\/span><\/em><\/address>\n<address style=\"text-align: center;\"><span style=\"color: #000000;\">Aplicar en zonas afectadas 2 \u00f3 3 veces al d\u00eda, durante 7 a 10 d\u00edas consecutivos.<\/span><\/address>\n<address style=\"text-align: center;\">\u00a0<\/address>\n<address style=\"text-align: center;\"><span style=\"color: #3366ff;\"><em><strong>CONTRAINDICACIONES:<\/strong><\/em><\/span><\/address>\n<address style=\"text-align: center;\"><span style=\"color: #000000;\"><span style=\"color: #000000;\">Hipersensibilidad a cualquiera de sus componentes. No usar cerca de los ojos.<\/span><strong><br \/>\n<\/strong><\/span><\/address>\n","protected":false},"excerpt":{"rendered":"<h1 style=\"text-align: center;\"><em><span style=\"color: #3366ff;\"><strong>PRECIO DUOPACK (2 TUBOS)<\/strong><\/span><\/em><\/h1>\n<h2 style=\"text-align: center;\"><em><span style=\"color: #3366ff;\">BK- MICYN CICATRIZANTE<\/span><\/em><\/h2>\n<address style=\"text-align: center;\"><em><span style=\"color: #3366ff;\"><b>INDICACIONES:<\/b><\/span><\/em><\/address>\n<address style=\"text-align: center;\">Ulceras infectadas<span style=\"color: #000000;\">, <span style=\"color: #0000ff;\">eczema al\u00e9rgico<\/span>, <span style=\"color: #ff0000;\">quemaduras<\/span>, prurito anal y vulvar (hormigueo o irritaci\u00f3n de la piel que provoca el deseo de rascarse en el \u00e1rea afectada. El prurito o picaz\u00f3n puede ocurrir en todo el cuerpo o solamente en un lugar), <span style=\"color: #0000ff;\">grietas del pez\u00f3n<\/span>, <span style=\"color: #ff0000;\">hemorroides<\/span>.\u00a0\u00a0<\/span><\/address>\n","protected":false},"featured_media":5660,"comment_status":"closed","ping_status":"closed","template":"","meta":[],"product_cat":[498,535,258,147,149,347],"product_tag":[1240,536,537,538,1241,528,541],"class_list":{"0":"post-4988","1":"product","2":"type-product","3":"status-publish","4":"has-post-thumbnail","6":"product_cat-antibioticos","7":"product_cat-crema-para-la-piel","8":"product_cat-cuidado-de-la-piel-y-unas","9":"product_cat-laboratorios-biokemical","10":"product_cat-salud-y-belleza","11":"product_cat-unguento","12":"product_tag-bk-micyn","13":"product_tag-eczema-alergico","14":"product_tag-grietas-del-pezon","15":"product_tag-hemorroides","16":"product_tag-prurito-anal-y-vulvar","17":"product_tag-quemaduras","18":"product_tag-ulceras-infectadas","20":"first","21":"instock","22":"purchasable","23":"product-type-simple","24":"col-xs-6 col-sm-4","25":"col-md-3 col-lg-3","26":"un-4-cols"},"_links":{"self":[{"href":"https:\/\/myvitaminss.com\/index.php\/wp-json\/wp\/v2\/product\/4988","targetHints":{"allow":["GET"]}}],"collection":[{"href":"https:\/\/myvitaminss.com\/index.php\/wp-json\/wp\/v2\/product"}],"about":[{"href":"https:\/\/myvitaminss.com\/index.php\/wp-json\/wp\/v2\/types\/product"}],"replies":[{"embeddable":true,"href":"https:\/\/myvitaminss.com\/index.php\/wp-json\/wp\/v2\/comments?post=4988"}],"wp:featuredmedia":[{"embeddable":true,"href":"https:\/\/myvitaminss.com\/index.php\/wp-json\/wp\/v2\/media\/5660"}],"wp:attachment":[{"href":"https:\/\/myvitaminss.com\/index.php\/wp-json\/wp\/v2\/media?parent=4988"}],"wp:term":[{"taxonomy":"product_cat","embeddable":true,"href":"https:\/\/myvitaminss.com\/index.php\/wp-json\/wp\/v2\/product_cat?post=4988"},{"taxonomy":"product_tag","embeddable":true,"href":"https:\/\/myvitaminss.com\/index.php\/wp-json\/wp\/v2\/product_tag?post=4988"}],"curies":[{"name":"wp","href":"https:\/\/api.w.org\/{rel}","templated":true}]}}