{"id":4984,"date":"2021-04-20T21:22:59","date_gmt":"2021-04-21T03:22:59","guid":{"rendered":"https:\/\/myvitaminss.com\/?post_type=product&#038;p=4984"},"modified":"2022-03-31T15:43:25","modified_gmt":"2022-03-31T21:43:25","slug":"oidol-gotas-para-el-oido-tripack","status":"publish","type":"product","link":"https:\/\/myvitaminss.com\/index.php\/producto\/oidol-gotas-para-el-oido-tripack\/","title":{"rendered":"OIDOL GOTAS PARA EL OIDO TRIPACK"},"content":{"rendered":"<p style=\"text-align: center;\"><span style=\"color: #3366ff;\"><strong><em>DOSIS:<\/em><\/strong><\/span><\/p>\n<p style=\"text-align: center;\"><span style=\"color: #000000;\">Instilar en el canal auditivo de 2 a 3 gotas cada 4 horas o seg\u00fan el caso<\/span><\/p>\n<p style=\"text-align: center;\"><span style=\"color: #3366ff;\"><strong><em>CONTRAINDICACIONES<\/em><\/strong><\/span><\/p>\n<p style=\"text-align: center;\"><span style=\"color: #000000;\">No utilizar en caso de ruptura de la membrana timp\u00e1nica.<\/span><\/p>\n<p style=\"text-align: center;\"><span style=\"color: #000000;\">Hipersensibilidad a cualquiera de los componentes de la f\u00f3rmula.<\/span><\/p>\n","protected":false},"excerpt":{"rendered":"<address style=\"text-align: center;\"><code><\/code><span style=\"color: #3366ff;\"><em><strong>PRECIO TRIPACK (3 BOTES\u00a0 DE 15 ml)<\/strong><\/em><\/span><\/address>\n<address style=\"text-align: center;\">\u00a0<\/address>\n<p style=\"text-align: center;\"><span style=\"color: #000000;\"><strong><em><span style=\"color: #3366ff;\">Oidol N.F. Gotas \u00d3ticas<\/span>, <\/em><\/strong>por su acci\u00f3n analg\u00e9sica y antiinflamatoria, est\u00e1 indicado en otitis externa y media, ayudando a su vez a expulsar el cerumen compactado.<\/span><\/p>\n","protected":false},"featured_media":5665,"comment_status":"closed","ping_status":"closed","template":"","meta":{"_kad_post_transparent":"","_kad_post_title":"","_kad_post_layout":"","_kad_post_sidebar_id":"","_kad_post_content_style":"","_kad_post_vertical_padding":"","_kad_post_feature":"","_kad_post_feature_position":"","_kad_post_header":false,"_kad_post_footer":false,"_kad_post_classname":""},"product_brand":[],"product_cat":[1217,677,328],"product_tag":[1218,1219,1220,1221,1222,1223,1224,1225,1226,1227],"class_list":{"0":"post-4984","1":"product","2":"type-product","3":"status-publish","4":"has-post-thumbnail","6":"product_cat-gotas","7":"product_cat-laboratorios-ancalmo","8":"product_cat-oidos","9":"product_tag-accion-analgesica","10":"product_tag-accion-antiinflamatoria","11":"product_tag-como-expulsar-cera-de-los-oidos","12":"product_tag-expulsa-el-cerumen","13":"product_tag-expulsa-la-cera-del-oido","14":"product_tag-gotas-oticas","15":"product_tag-oidol","16":"product_tag-oidol-gotas","17":"product_tag-otitis-externa","18":"product_tag-otitis-media","20":"first","21":"instock","22":"purchasable","23":"product-type-simple","24":"entry","25":"content-bg","26":"loop-entry"},"_links":{"self":[{"href":"https:\/\/myvitaminss.com\/index.php\/wp-json\/wp\/v2\/product\/4984","targetHints":{"allow":["GET"]}}],"collection":[{"href":"https:\/\/myvitaminss.com\/index.php\/wp-json\/wp\/v2\/product"}],"about":[{"href":"https:\/\/myvitaminss.com\/index.php\/wp-json\/wp\/v2\/types\/product"}],"replies":[{"embeddable":true,"href":"https:\/\/myvitaminss.com\/index.php\/wp-json\/wp\/v2\/comments?post=4984"}],"wp:featuredmedia":[{"embeddable":true,"href":"https:\/\/myvitaminss.com\/index.php\/wp-json\/wp\/v2\/media\/5665"}],"wp:attachment":[{"href":"https:\/\/myvitaminss.com\/index.php\/wp-json\/wp\/v2\/media?parent=4984"}],"wp:term":[{"taxonomy":"product_brand","embeddable":true,"href":"https:\/\/myvitaminss.com\/index.php\/wp-json\/wp\/v2\/product_brand?post=4984"},{"taxonomy":"product_cat","embeddable":true,"href":"https:\/\/myvitaminss.com\/index.php\/wp-json\/wp\/v2\/product_cat?post=4984"},{"taxonomy":"product_tag","embeddable":true,"href":"https:\/\/myvitaminss.com\/index.php\/wp-json\/wp\/v2\/product_tag?post=4984"}],"curies":[{"name":"wp","href":"https:\/\/api.w.org\/{rel}","templated":true}]}}