{"id":4980,"date":"2021-04-20T21:22:59","date_gmt":"2021-04-21T03:22:59","guid":{"rendered":"https:\/\/myvitaminss.com\/?post_type=product&#038;p=4980"},"modified":"2022-03-31T16:03:04","modified_gmt":"2022-03-31T22:03:04","slug":"alerfin-crema","status":"publish","type":"product","link":"https:\/\/myvitaminss.com\/index.php\/producto\/alerfin-crema\/","title":{"rendered":"ALERF\u00cdN CREMA \ud83e\udd7a\ud83e\udd27"},"content":{"rendered":"<p style=\"text-align: center;\"><span style=\"color: #3366ff;\"><strong><em>DOSIS:<\/em><\/strong><\/span><\/p>\n<p style=\"text-align: center;\"><span style=\"color: #000000;\"><strong><em><span style=\"color: #3366ff;\">Ni\u00f1os de 1 a\u00f1o y adultos: <\/span><\/em><\/strong><span style=\"color: #3366ff;\"><span style=\"color: #000000;\">A<\/span><\/span>pl\u00edquese en zona afectada 4 veces al d\u00eda.<\/span><\/p>\n<p style=\"text-align: center;\"><span style=\"color: #3366ff;\"><strong><em>CONTRAINDICACIONES<\/em><\/strong><\/span><\/p>\n<p style=\"text-align: center;\"><span style=\"color: #000000;\">Hipersensibilidad a cualquiera de sus componentes. <\/span><\/p>\n","protected":false},"excerpt":{"rendered":"<address style=\"text-align: center;\"><span style=\"color: #3366ff;\"><em><strong>INDICACIONES<\/strong><\/em><\/span><\/address>\n<p style=\"text-align: center;\"><span style=\"color: #000000;\">Alivia la picaz\u00f3n y ronchas del cuerpo causadas por picaduras de insectos, sarpullido, varicela, sarampi\u00f3n y todo tipo de alergias. (por cosm\u00e9ticos, joyas, etc).<\/span><\/p>\n<p><img fetchpriority=\"high\" decoding=\"async\" class=\"aligncenter size-medium wp-image-9282\" src=\"http:\/\/vitaminas.comprarenelsalvador.com\/wp-content\/uploads\/2019\/03\/Alerfin-Lata-300x226.jpg\" alt=\"\" width=\"300\" height=\"226\" \/><\/p>\n<p style=\"text-align: center;\"><strong><em><span style=\"color: #000000;\">Crema Lata x 12 grs<\/span><\/em><\/strong><\/p>\n<p>&nbsp;<\/p>\n<p>&nbsp;<\/p>\n<p>&nbsp;<\/p>\n<address style=\"text-align: center;\">\u00a0<\/address>\n","protected":false},"featured_media":5666,"comment_status":"closed","ping_status":"closed","template":"","meta":[],"product_cat":[364,231,347],"product_tag":[365,1216,366,367,368,369,257],"class_list":{"0":"post-4980","1":"product","2":"type-product","3":"status-publish","4":"has-post-thumbnail","6":"product_cat-alergias","7":"product_cat-laboratorios-lopez","8":"product_cat-unguento","9":"product_tag-alerfin","10":"product_tag-alerfin-crema","11":"product_tag-alerfin-tabletas","12":"product_tag-alergias-de-la-piel","13":"product_tag-alergias-de-las-vias-respiratorias","14":"product_tag-eczemas","15":"product_tag-vitaminas-en-el-salvador","17":"first","18":"instock","19":"sale","20":"purchasable","21":"product-type-variable","22":"has-default-attributes","23":"col-xs-6 col-sm-4","24":"col-md-3 col-lg-3","25":"un-4-cols"},"_links":{"self":[{"href":"https:\/\/myvitaminss.com\/index.php\/wp-json\/wp\/v2\/product\/4980","targetHints":{"allow":["GET"]}}],"collection":[{"href":"https:\/\/myvitaminss.com\/index.php\/wp-json\/wp\/v2\/product"}],"about":[{"href":"https:\/\/myvitaminss.com\/index.php\/wp-json\/wp\/v2\/types\/product"}],"replies":[{"embeddable":true,"href":"https:\/\/myvitaminss.com\/index.php\/wp-json\/wp\/v2\/comments?post=4980"}],"wp:featuredmedia":[{"embeddable":true,"href":"https:\/\/myvitaminss.com\/index.php\/wp-json\/wp\/v2\/media\/5666"}],"wp:attachment":[{"href":"https:\/\/myvitaminss.com\/index.php\/wp-json\/wp\/v2\/media?parent=4980"}],"wp:term":[{"taxonomy":"product_cat","embeddable":true,"href":"https:\/\/myvitaminss.com\/index.php\/wp-json\/wp\/v2\/product_cat?post=4980"},{"taxonomy":"product_tag","embeddable":true,"href":"https:\/\/myvitaminss.com\/index.php\/wp-json\/wp\/v2\/product_tag?post=4980"}],"curies":[{"name":"wp","href":"https:\/\/api.w.org\/{rel}","templated":true}]}}