{"id":4978,"date":"2021-04-20T21:22:59","date_gmt":"2021-04-21T03:22:59","guid":{"rendered":"https:\/\/myvitaminss.com\/?post_type=product&#038;p=4978"},"modified":"2022-03-31T15:38:07","modified_gmt":"2022-03-31T21:38:07","slug":"vermex-total-suspensiontri-pack","status":"publish","type":"product","link":"https:\/\/myvitaminss.com\/index.php\/producto\/vermex-total-suspensiontri-pack\/","title":{"rendered":"VERMEX Total SuspensionTri-Pack \ud83e\uddeb\ud83d\udd2c"},"content":{"rendered":"<address style=\"text-align: center;\">\u00a0<\/address>\n<p style=\"text-align: center;\"><em><span style=\"color: #3366ff;\"><strong>DOSIS:<\/strong><\/span><\/em><\/p>\n<p style=\"text-align: center;\"><span style=\"color: #000000;\">Ni\u00f1os menores de 2 a\u00f1os: consulte a su medico. <\/span><\/p>\n<p style=\"text-align: center;\"><span style=\"color: #000000;\">Ni\u00f1os de 2 a 12 a\u00f1os: 1 cucharadita (5mL) ma\u00f1ana y noche por 3 d\u00edas consecutivos.<\/span><\/p>\n","protected":false},"excerpt":{"rendered":"<h1 style=\"text-align: center;\"><em><span style=\"color: #3366ff;\"><strong>PRECIO TRIPACK (3 BOTES)<\/strong><\/span><\/em><\/h1>\n<h2 style=\"text-align: center;\"><span style=\"color: #000000;\"><em><span style=\"color: #3366ff;\">VERMEX TOTAL PEDIATRICO<\/span><\/em><br \/>\n<\/span><\/h2>\n<p style=\"text-align: center;\"><span style=\"color: #000000;\">Tratamiento para eliminar oxiuros, \u00c1scaris lumbricoides (lombrices), Tricoc\u00e9falos, uncinarias y taenias (solitaria)<\/span><\/p>\n<p>&nbsp;<\/p>\n","protected":false},"featured_media":5663,"comment_status":"closed","ping_status":"closed","template":"","meta":[],"product_cat":[583,231,1210],"product_tag":[585,586,588,589,1211,1212,595,257],"class_list":{"0":"post-4978","1":"product","2":"type-product","3":"status-publish","4":"has-post-thumbnail","6":"product_cat-desparasitantes","7":"product_cat-laboratorios-lopez","8":"product_cat-suspension","9":"product_tag-anti-parasitos","10":"product_tag-antiparasitario","11":"product_tag-como-eliminar-la-solitaria","12":"product_tag-elimina-27-tipos-de-parasitos","13":"product_tag-vermex-para-ninos","14":"product_tag-vermex-pediatrico","15":"product_tag-vermex-total","16":"product_tag-vitaminas-en-el-salvador","18":"first","19":"instock","20":"purchasable","21":"product-type-simple","22":"col-xs-6 col-sm-4","23":"col-md-3 col-lg-3","24":"un-4-cols"},"_links":{"self":[{"href":"https:\/\/myvitaminss.com\/index.php\/wp-json\/wp\/v2\/product\/4978","targetHints":{"allow":["GET"]}}],"collection":[{"href":"https:\/\/myvitaminss.com\/index.php\/wp-json\/wp\/v2\/product"}],"about":[{"href":"https:\/\/myvitaminss.com\/index.php\/wp-json\/wp\/v2\/types\/product"}],"replies":[{"embeddable":true,"href":"https:\/\/myvitaminss.com\/index.php\/wp-json\/wp\/v2\/comments?post=4978"}],"wp:featuredmedia":[{"embeddable":true,"href":"https:\/\/myvitaminss.com\/index.php\/wp-json\/wp\/v2\/media\/5663"}],"wp:attachment":[{"href":"https:\/\/myvitaminss.com\/index.php\/wp-json\/wp\/v2\/media?parent=4978"}],"wp:term":[{"taxonomy":"product_cat","embeddable":true,"href":"https:\/\/myvitaminss.com\/index.php\/wp-json\/wp\/v2\/product_cat?post=4978"},{"taxonomy":"product_tag","embeddable":true,"href":"https:\/\/myvitaminss.com\/index.php\/wp-json\/wp\/v2\/product_tag?post=4978"}],"curies":[{"name":"wp","href":"https:\/\/api.w.org\/{rel}","templated":true}]}}