{"id":4942,"date":"2021-04-20T21:22:45","date_gmt":"2021-04-21T03:22:45","guid":{"rendered":"https:\/\/myvitaminss.com\/?post_type=product&#038;p=4942"},"modified":"2022-04-26T11:27:06","modified_gmt":"2022-04-26T17:27:06","slug":"rosa-mosqueta-mas-vitamina-e","status":"publish","type":"product","link":"https:\/\/myvitaminss.com\/index.php\/producto\/rosa-mosqueta-mas-vitamina-e\/","title":{"rendered":"ROSA MOSQUETA MAS VITAMINA E \ud83c\udf38\ud83e\udd73"},"content":{"rendered":"<div class=\"fieldset-wrapper\">\n<div class=\"field field--name-field-activos field--type-text-long field--label-hidden\">\n<div class=\"field__items\">\n<div class=\"field__item even\">\n<p style=\"text-align: center;\"><span style=\"color: #3366ff;\"><em><strong>Uso Externo. <\/strong><\/em><\/span><br \/>\n<span style=\"color: #3366ff;\"><em><strong>Para piel madura y seca.<\/strong><\/em><\/span><\/p>\n<p style=\"text-align: center;\"><span style=\"color: #000000;\"><em><strong><span style=\"color: #3366ff;\">Paso 1:<\/span> <\/strong><\/em><strong>Sujete la c\u00e1psula. <\/strong><\/span><br \/>\n<span style=\"color: #000000;\"><em><strong><span style=\"color: #3366ff;\">Paso 2:<\/span> <\/strong><\/em><strong>Corte con una tijera la punta de la c\u00e1psula. <\/strong><\/span><br \/>\n<span style=\"color: #000000;\"><em><strong><span style=\"color: #3366ff;\">Paso 3:<\/span> <\/strong><\/em><strong>Dosifique gota a gota en la yema de los dedos <\/strong><\/span><br \/>\n<span style=\"color: #000000;\"><em><strong><span style=\"color: #3366ff;\">Paso 4:<\/span> <\/strong><\/em><strong>Aplique directamente en las l\u00edneas de expresi\u00f3n, cicatrices o manchas a desvanecer.<\/strong><\/span><\/p>\n<\/div>\n<p style=\"text-align: center;\"><span style=\"color: #3366ff;\"><em><b style=\"color: #3366ff;\">Son perlas <\/b><span style=\"color: #3366ff;\"><b>dermatol\u00f3gicas<\/b><\/span><b style=\"color: #3366ff;\">, <\/b><\/em><strong style=\"color: #3366ff;\"><span style=\"color: #000000;\">no bebibles<\/span><\/strong><em style=\"color: #3366ff;\"><strong>, sirven para aplicar en la piel.<\/strong><\/em><\/span><\/p>\n<div class=\"field__item even\">\n<p style=\"text-align: center;\">\n<\/div>\n<\/div>\n<\/div>\n<\/div>\n","protected":false},"excerpt":{"rendered":"<h4 style=\"text-align: center;\"><span style=\"color: #3366ff;\"><strong style=\"color: #3366ff;\"><em>Contiene 30 perlas\u00a0<\/em><\/strong><span style=\"color: #3366ff;\"><i>dermatol\u00f3gicas<\/i><\/span><strong style=\"color: #3366ff;\"><em><br \/>\n<\/em><\/strong><\/span><\/h4>\n<h4 style=\"text-align: center;\"><span style=\"color: #3366ff;\"><strong><em>Rosa Mosqueta:<\/em><\/strong><\/span><\/h4>\n<h4 style=\"text-align: center;\"><span style=\"color: #000000;\"><strong>Contiene \u00e1cidos grasos insaturados, vitamina c y d que son potentes antioxidantes, vitamina a y mol\u00e9culas que combaten el envejecimiento.<\/strong><\/span><\/h4>\n<h4 style=\"text-align: center;\"><span style=\"color: #3366ff;\"><strong><em>Vitamina E:<\/em><\/strong><\/span><br \/>\n<span style=\"color: #000000;\"><strong>Difumina las cicatrices, elimina los peque\u00f1os granitos e imperfecciones y crea una barrera natural para proteger tu piel de los rayos solares. Esta vitamina, tambi\u00e9n es un antioxidante que protege las c\u00e9lulas.<\/strong><\/span><\/h4>\n<h4 style=\"text-align: center;\"><span style=\"color: #3366ff;\"><strong><em>Reparador de la piel<\/em><\/strong><\/span><br \/>\n<span style=\"color: #000000;\"><strong>Antiarrugas<\/strong><\/span><br \/>\n<span style=\"color: #3366ff;\"><strong><em>Hidratante<\/em><\/strong><\/span><br \/>\n<span style=\"color: #000000;\"><strong>Antioxidante<\/strong><\/span><br \/>\n<span style=\"color: #3366ff;\"><strong><em>Fotoprotector<\/em><\/strong><\/span><br \/>\n<span style=\"color: #000000;\"><strong>Regenerador Capilar<\/strong><\/span><br \/>\n<span style=\"color: #3366ff;\"><strong><em>Cicatrizante<\/em><\/strong><\/span><br \/>\n<span style=\"color: #000000;\"><strong>Protector de los rayos del sol<\/strong><\/span><\/h4>\n<h4 style=\"text-align: center;\"><span style=\"color: #3366ff;\"><strong><em>Beneficios Caracter\u00edsticas:<\/em><\/strong><\/span><\/h4>\n<h4 style=\"text-align: center;\"><span style=\"color: #000000;\"><strong>Disminuye cicatrices.<\/strong><\/span><br \/>\n<span style=\"color: #000000;\"><strong>Desvanece manchas.<\/strong><\/span><br \/>\n<span style=\"color: #000000;\"><strong>Desvanece l\u00edneas de expresi\u00f3n.<\/strong><\/span><\/h4>\n","protected":false},"featured_media":5717,"comment_status":"closed","ping_status":"closed","template":"","meta":{"_kad_post_transparent":"","_kad_post_title":"","_kad_post_layout":"","_kad_post_sidebar_id":"","_kad_post_content_style":"","_kad_post_vertical_padding":"","_kad_post_feature":"","_kad_post_feature_position":"","_kad_post_header":false,"_kad_post_footer":false,"_kad_post_classname":""},"product_brand":[],"product_cat":[258,1129,149],"product_tag":[1152,1153,390,1154,1155,1156,1157,1158,1159,1160,1161,1162,1163,630,631,1164],"class_list":{"0":"post-4942","1":"product","2":"type-product","3":"status-publish","4":"has-post-thumbnail","6":"product_cat-cuidado-de-la-piel-y-unas","7":"product_cat-laboratorios-farquisal","8":"product_cat-salud-y-belleza","9":"product_tag-acidos-grasos-insaturados","10":"product_tag-antiarrugas","11":"product_tag-antioxidante","12":"product_tag-cicatrizante","13":"product_tag-crea-una-barrera-natural-para-proteger-tu-piel-de-los-rayos-solares","14":"product_tag-difumina-las-cicatrices","15":"product_tag-elimina-los-pequenos-granitos-e-imperfecciones","16":"product_tag-fotoprotector","17":"product_tag-hidratante","18":"product_tag-protector-de-los-rayos-del-sol","19":"product_tag-regenerador-capilar","20":"product_tag-reparador-de-la-piel","21":"product_tag-rosa-mosqueta","22":"product_tag-vitamina-a","23":"product_tag-vitamina-c","24":"product_tag-vitamina-d","26":"first","27":"instock","28":"shipping-taxable","29":"purchasable","30":"product-type-simple","31":"entry","32":"content-bg","33":"loop-entry"},"_links":{"self":[{"href":"https:\/\/myvitaminss.com\/index.php\/wp-json\/wp\/v2\/product\/4942","targetHints":{"allow":["GET"]}}],"collection":[{"href":"https:\/\/myvitaminss.com\/index.php\/wp-json\/wp\/v2\/product"}],"about":[{"href":"https:\/\/myvitaminss.com\/index.php\/wp-json\/wp\/v2\/types\/product"}],"replies":[{"embeddable":true,"href":"https:\/\/myvitaminss.com\/index.php\/wp-json\/wp\/v2\/comments?post=4942"}],"wp:featuredmedia":[{"embeddable":true,"href":"https:\/\/myvitaminss.com\/index.php\/wp-json\/wp\/v2\/media\/5717"}],"wp:attachment":[{"href":"https:\/\/myvitaminss.com\/index.php\/wp-json\/wp\/v2\/media?parent=4942"}],"wp:term":[{"taxonomy":"product_brand","embeddable":true,"href":"https:\/\/myvitaminss.com\/index.php\/wp-json\/wp\/v2\/product_brand?post=4942"},{"taxonomy":"product_cat","embeddable":true,"href":"https:\/\/myvitaminss.com\/index.php\/wp-json\/wp\/v2\/product_cat?post=4942"},{"taxonomy":"product_tag","embeddable":true,"href":"https:\/\/myvitaminss.com\/index.php\/wp-json\/wp\/v2\/product_tag?post=4942"}],"curies":[{"name":"wp","href":"https:\/\/api.w.org\/{rel}","templated":true}]}}