{"id":4929,"date":"2021-04-20T21:22:44","date_gmt":"2021-04-21T03:22:44","guid":{"rendered":"https:\/\/myvitaminss.com\/?post_type=product&#038;p=4929"},"modified":"2022-04-26T11:37:47","modified_gmt":"2022-04-26T17:37:47","slug":"sildenafil-50mg-potenciador-sexual","status":"publish","type":"product","link":"https:\/\/myvitaminss.com\/index.php\/producto\/sildenafil-50mg-potenciador-sexual\/","title":{"rendered":"SILDENAFIL 50mg  \ud83d\ude0f\ud83e\udd2b"},"content":{"rendered":"<h3 style=\"text-align: center;\"><span style=\"color: #3366ff;\"><em><strong>Dosis<\/strong><\/em><\/span><br \/>\n<span style=\"color: #000000;\"><strong> Como tratamiento de la disfunci\u00f3n er\u00e9ctil, la dosis usualmente recomendada es de 100mg, no debiendo superar los citados 100mg, desaconsej\u00e1ndose la toma de m\u00e1s de una dosis diaria.<\/strong><\/span><br \/>\n<span style=\"color: #000000;\"><strong> Lo m\u00e1s habitual es el consumo de 50mg \u00f3 100mg &#8211; 30 minutos antes de las relaciones sexuales<\/strong><\/span><\/h3>\n","protected":false},"excerpt":{"rendered":"<h4 style=\"text-align: center;\"><span style=\"color: #3366ff;\"><em><strong>PRECIO DE 10 TABLETAS DE 50mg.<\/strong><\/em><\/span><\/h4>\n<h4 style=\"text-align: center;\"><strong><span style=\"color: #000000;\">El descubrimiento del Sildenafil para el tratamiento de los problemas de erecci\u00f3n marc\u00f3 el inicio de la 3a revoluci\u00f3n sexual cambiando para siempre, el abordaje de los problemas sexuales.<\/span><\/strong><\/h4>\n<h4 style=\"text-align: center;\">\n<span style=\"color: #3366ff;\"><em><strong> COMO SE TOMA?<\/strong><\/em><\/span><br \/>\n<strong> <span style=\"color: #000000;\">Se toma aproximadamente veinticinco a sesenta minutos antes de la relaci\u00f3n sexual.<\/span><\/strong><br \/>\n<strong> <span style=\"color: #000000;\"> Los estudios demuestran que es eficaz tom\u00e1ndola incluso con cinco o seis horas de anticipaci\u00f3n.<\/span><\/strong><\/h4>\n<h4 style=\"text-align: center;\">\n<span style=\"color: #3366ff;\"><em><strong> Se puede tomar en cualquier momento del d\u00eda?<\/strong><\/em><\/span><br \/>\n<strong> <span style=\"color: #000000;\">Es recomendable tomarla dos horas despu\u00e9s de comer, es decir, con el estomago vac\u00edo.<\/span><\/strong><br \/>\n<strong> <span style=\"color: #000000;\"> Nunca se debe tomar m\u00e1s de una pastilla por d\u00eda.<\/span><\/strong><br \/>\n<strong> <span style=\"color: #000000;\"> Es importante destacar que este medicamento funciona en el tanto exista un est\u00edmulo sexual, sea una caricia, un pensamiento, un beso o un encuentro sexual propiamente dicho.<\/span><\/strong><br \/>\n<strong> <span style=\"color: #000000;\"> No provoca erecciones espont\u00e1neas.<\/span><\/strong><\/h4>\n<h4 style=\"text-align: center;\">\n<span style=\"color: #3366ff;\"><em><strong> Cu\u00e1nto tarda en hacer efecto?<\/strong><\/em><\/span><br \/>\n<strong> <span style=\"color: #000000;\">Usualmente se presenta entre los treinta y sesenta minutos, o incluso antes.<\/span><\/strong><\/h4>\n<h4 style=\"text-align: center;\">\n<span style=\"color: #3366ff;\"><em><strong> Cu\u00e1nto dura el efecto?<\/strong><\/em><\/span><br \/>\n<strong> <span style=\"color: #000000;\">El efecto se mantiene por un per\u00edodo de cinco a seis horas.<\/span><\/strong><\/h4>\n<h4 style=\"text-align: center;\">\n<span style=\"color: #3366ff;\"><em><strong> Provoca erecciones por seis horas?<\/strong><\/em><\/span><br \/>\n<strong> <span style=\"color: #000000;\">De ninguna manera.<\/span><\/strong><br \/>\n<strong> <span style=\"color: #000000;\"> Este medicamento permite que durante seis horas se pueda desencadenar la erecci\u00f3n ante un est\u00edmulo sexual, pero no provoca erecciones por varias horas.<\/span><\/strong><\/h4>\n","protected":false},"featured_media":5719,"comment_status":"closed","ping_status":"closed","template":"","meta":[],"product_cat":[398,429],"product_tag":[927,644,928,437,930,1128,931],"class_list":{"0":"post-4929","1":"product","2":"type-product","3":"status-publish","4":"has-post-thumbnail","6":"product_cat-laboratorios-medikem","7":"product_cat-potenciador-sexual","8":"product_tag-encuentro-sexual","9":"product_tag-ereccion","10":"product_tag-estimulo-sexual","11":"product_tag-problemas-de-ereccion","12":"product_tag-relacion-sexual","13":"product_tag-sildenafil-medikem","14":"product_tag-viagra","16":"first","17":"instock","18":"shipping-taxable","19":"purchasable","20":"product-type-simple","21":"col-xs-6 col-sm-4","22":"col-md-3 col-lg-3","23":"un-4-cols"},"_links":{"self":[{"href":"https:\/\/myvitaminss.com\/index.php\/wp-json\/wp\/v2\/product\/4929","targetHints":{"allow":["GET"]}}],"collection":[{"href":"https:\/\/myvitaminss.com\/index.php\/wp-json\/wp\/v2\/product"}],"about":[{"href":"https:\/\/myvitaminss.com\/index.php\/wp-json\/wp\/v2\/types\/product"}],"replies":[{"embeddable":true,"href":"https:\/\/myvitaminss.com\/index.php\/wp-json\/wp\/v2\/comments?post=4929"}],"wp:featuredmedia":[{"embeddable":true,"href":"https:\/\/myvitaminss.com\/index.php\/wp-json\/wp\/v2\/media\/5719"}],"wp:attachment":[{"href":"https:\/\/myvitaminss.com\/index.php\/wp-json\/wp\/v2\/media?parent=4929"}],"wp:term":[{"taxonomy":"product_cat","embeddable":true,"href":"https:\/\/myvitaminss.com\/index.php\/wp-json\/wp\/v2\/product_cat?post=4929"},{"taxonomy":"product_tag","embeddable":true,"href":"https:\/\/myvitaminss.com\/index.php\/wp-json\/wp\/v2\/product_tag?post=4929"}],"curies":[{"name":"wp","href":"https:\/\/api.w.org\/{rel}","templated":true}]}}