{"id":4928,"date":"2021-04-20T21:22:44","date_gmt":"2021-04-21T03:22:44","guid":{"rendered":"https:\/\/myvitaminss.com\/?post_type=product&#038;p=4928"},"modified":"2022-04-26T11:30:04","modified_gmt":"2022-04-26T17:30:04","slug":"lecitina-de-soya-2pack","status":"publish","type":"product","link":"https:\/\/myvitaminss.com\/index.php\/producto\/lecitina-de-soya-2pack\/","title":{"rendered":"LECITINA DE SOYA 2PACK \ud83d\ude1d\u263a"},"content":{"rendered":"<h3 style=\"text-align: center;\"><span style=\"color: #3366ff;\"><em><strong>Dosis:<\/strong><\/em><\/span><\/h3>\n<h4 style=\"text-align: center;\"><strong><span style=\"color: #000000;\">1 a 3 c\u00e1psulas al d\u00eda, en adultos y ni\u00f1os mayores de 12 a\u00f1os. <\/span><\/strong><\/h4>\n","protected":false},"excerpt":{"rendered":"<address>\n<h4 style=\"text-align: center;\"><code><\/code><span style=\"color: #000000;\"><strong><em><span style=\"color: #3366ff;\">Contenido: <\/span><\/em><span style=\"color: #3366ff;\">2Pack<\/span> incluye dos cajitas de 30 C\u00e1psulas cada una<\/strong><\/span><\/h4>\n<\/address>\n<h4 style=\"text-align: center;\"><span style=\"color: #3366ff;\"><strong><em>PROPIEDADES:<\/em><\/strong><\/span><\/h4>\n<h4 style=\"text-align: center;\"><span style=\"color: #000000;\"><strong>La lecitina de soya es un complemento diet\u00e9tico que ayuda a reducir los niveles de colesterol, aporta F\u00f3sforo, por lo que ayuda a fortalecer el cerebro contra fallos de la memoria y en casos de falta de concentraci\u00f3n. <\/strong><\/span><\/h4>\n<h4 style=\"text-align: center;\"><span style=\"color: #000000;\"><span style=\"color: #000000;\">Est\u00e1 indicado en reg\u00edmenes de adelgazamiento, ya que quema las grasas del tejido adiposo.<\/span><\/span><\/h4>\n","protected":false},"featured_media":5718,"comment_status":"closed","ping_status":"closed","template":"","meta":[],"product_cat":[208,868,398],"product_tag":[1123,1124,191,1125,1126,1127],"class_list":{"0":"post-4928","1":"product","2":"type-product","3":"status-publish","4":"has-post-thumbnail","6":"product_cat-capsulas","7":"product_cat-control-de-peso","8":"product_cat-laboratorios-medikem","9":"product_tag-aporta-fosforo","10":"product_tag-contra-fallos-de-la-memoria","11":"product_tag-falta-de-concentracion","12":"product_tag-fortalece-el-cerebro","13":"product_tag-lecitina-de-soya","14":"product_tag-reduce-los-niveles-de-colesterol","16":"first","17":"instock","18":"shipping-taxable","19":"purchasable","20":"product-type-simple","21":"col-xs-6 col-sm-4","22":"col-md-3 col-lg-3","23":"un-4-cols"},"_links":{"self":[{"href":"https:\/\/myvitaminss.com\/index.php\/wp-json\/wp\/v2\/product\/4928","targetHints":{"allow":["GET"]}}],"collection":[{"href":"https:\/\/myvitaminss.com\/index.php\/wp-json\/wp\/v2\/product"}],"about":[{"href":"https:\/\/myvitaminss.com\/index.php\/wp-json\/wp\/v2\/types\/product"}],"replies":[{"embeddable":true,"href":"https:\/\/myvitaminss.com\/index.php\/wp-json\/wp\/v2\/comments?post=4928"}],"wp:featuredmedia":[{"embeddable":true,"href":"https:\/\/myvitaminss.com\/index.php\/wp-json\/wp\/v2\/media\/5718"}],"wp:attachment":[{"href":"https:\/\/myvitaminss.com\/index.php\/wp-json\/wp\/v2\/media?parent=4928"}],"wp:term":[{"taxonomy":"product_cat","embeddable":true,"href":"https:\/\/myvitaminss.com\/index.php\/wp-json\/wp\/v2\/product_cat?post=4928"},{"taxonomy":"product_tag","embeddable":true,"href":"https:\/\/myvitaminss.com\/index.php\/wp-json\/wp\/v2\/product_tag?post=4928"}],"curies":[{"name":"wp","href":"https:\/\/api.w.org\/{rel}","templated":true}]}}