{"id":4924,"date":"2021-04-20T21:22:43","date_gmt":"2021-04-21T03:22:43","guid":{"rendered":"https:\/\/myvitaminss.com\/?post_type=product&#038;p=4924"},"modified":"2022-04-26T12:22:59","modified_gmt":"2022-04-26T18:22:59","slug":"saw-palmetto-cuida-tu-prostata-2pack","status":"publish","type":"product","link":"https:\/\/myvitaminss.com\/index.php\/producto\/saw-palmetto-cuida-tu-prostata-2pack\/","title":{"rendered":"SAW PALMETTO CUIDA TU PROSTATA 2PACK"},"content":{"rendered":"<address style=\"text-align: center;\">\n<h5 class=\"margin\"><span style=\"color: #3366ff;\"><strong><em>DOSIS:<\/em> <\/strong><\/span><\/h5>\n<h5><span style=\"color: #000000;\"><span style=\"color: #000000;\">Tomar 2 c\u00e1psulas al <span style=\"font-size: 13.28px;\">d\u00eda<\/span>. <\/span><\/span><\/h5>\n<h5><span style=\"color: #000000;\"><strong>1 en la ma\u00f1ana y 1 en la noche durante las comidas.<\/strong><\/span><\/h5>\n<p><strong>Antes de comenzar la suplementaci\u00f3n con Saw Palmetto es recomendable contactar con el m\u00e9dico si se est\u00e1n utilizando ciertos f\u00e1rmacos.<\/strong><\/p>\n<p><span style=\"color: #3366ff;\"><strong>PRECAUCIONES: <\/strong><\/span><strong>Por ser un medicamento indicado en la hipertrofia prost\u00e1tica benigna no\u00a0debe administrarse en mujeres.<\/strong><\/p>\n<\/address>\n","protected":false},"excerpt":{"rendered":"<h4 style=\"text-align: center;\"><span style=\"color: #3366ff;\"><em><strong style=\"font-size: 13px;\">Precio 2Pack incluye dos paquetes de 30 c\u00e1psulas 160mg. cada uno, total 60 c\u00e1psulas<\/strong><\/em><\/span><\/h4>\n<h5 style=\"text-align: center;\"><span style=\"color: #000000;\"><span style=\"color: #3366ff;\">SAW PALMETTO<\/span> (Serenoa Repens), est\u00e1 recomendado para el tratamiento de los s\u00edntomas asociados a las siguientes patolog\u00edas: prostatitis (Inflamaci\u00f3n de la pr\u00f3stata), adenoma benigno de pr\u00f3stata en estado I y II, manifestaciones urinaria asociadas como nocturia (Necesidad de orinar por las noches) y reducci\u00f3n de la urgencia miccional (Alta frecuencia de deseos de orinar), mejor\u00eda del flujo urinario. <\/span><br \/>\n<span style=\"color: #000000;\">Tratamiento de los s\u00edntomas funcionales de la hiperplasia prost\u00e1tica benigna (HPB).<\/span><\/h5>\n<h4 style=\"text-align: center;\"><span style=\"color: #3366ff;\"><em><strong>Qu\u00e9 es el Saw Palmetto?<\/strong><\/em><\/span><\/h4>\n<h5 style=\"text-align: center;\"><em><strong><span style=\"color: #3366ff;\">Saw Palmetto<\/span> <\/strong><\/em><strong>se trata de un tipo de planta, denominada tambi\u00e9n como \u201cplanta enana americana\u201d, caracter\u00edstico de la zona sudeste de Am\u00e9rica. Sus bayas o frutos han sido utilizados debido a la variedad de prop\u00f3sitos medicinales que aporta. La palma enana americana recibe sus propiedades medicinales de los \u00e1cidos grasos que contiene. Entre los usos que tradicionalmente, los nativos americanos han obtenido a partir de sus bayas, las cuales las preparaban y las com\u00edan directamente, se encuentran tratar problemas urinarios y reproductivos, tratar la tos, indigesti\u00f3n g\u00e1strica, problemas para dormir y problemas de infertilidad.<\/strong><\/h5>\n<h5 style=\"text-align: center;\"><span style=\"color: #ff0000;\"><strong>Para qu\u00e9 sirve Saw Palmetto?<\/strong><\/span><\/h5>\n<h5 style=\"text-align: center;\"><strong>Saw Palmetto es empleado para el tratamiento de las siguientes afecciones:<\/strong><\/h5>\n<h5 style=\"text-align: center;\"><strong>Aumentar la cantidad y calidad del esperma<\/strong><br \/>\n<strong> Incremento del deseo sexual<\/strong><br \/>\n<strong> Fortalecimiento y evitar la p\u00e9rdida del cabello<\/strong><br \/>\n<strong> Bronquitis<\/strong><br \/>\n<strong> Diabetes<\/strong><br \/>\n<strong> Procesos inflamatorios<\/strong><br \/>\n<strong> Casos de migra\u00f1a<\/strong><br \/>\n<strong> C\u00e1ncer de pr\u00f3stata<\/strong><br \/>\n<strong> Dolor de garganta,<\/strong><br \/>\n<strong> Tos y s\u00edntomas de resfriado<\/strong><br \/>\n<strong> Asma,<\/strong><br \/>\n<strong> Dolor p\u00e9lvico cr\u00f3nico<\/strong><\/h5>\n<h5 style=\"text-align: center;\"><span style=\"color: #3366ff;\"><em><strong>Cu\u00e1les son los beneficios del Saw Palmetto?<\/strong><\/em><\/span><\/h5>\n<h5 style=\"text-align: center;\"><strong>Salud de la pr\u00f3stata<\/strong><br \/>\n<strong>Reducci\u00f3n del Riesgo de C\u00e1ncer de Pr\u00f3stata<\/strong><br \/>\n<strong>Impotencia<\/strong><br \/>\n<strong>Afrodis\u00edaco<\/strong><br \/>\n<strong>Problemas de ri\u00f1\u00f3n<\/strong><br \/>\n<strong>Fortalecimiento del cabello<\/strong><br \/>\n<strong>Sistema inmune<\/strong><\/h5>\n<h5 style=\"text-align: center;\"><em><span style=\"color: #3366ff;\"><strong>C\u00f3mo tomar Saw Palmetto?<\/strong><\/span><\/em><\/h5>\n<h5 style=\"text-align: center;\"><strong>Como tratamiento natural en la reducci\u00f3n de la hiperplasia de pr\u00f3stata, y adem\u00e1s para obtener los anteriores beneficios, se recomienda ingerir diariamente una dosis comprendida entre 160-320mg.<\/strong><\/h5>\n<h5 style=\"text-align: center;\"><em><span style=\"color: #3366ff;\"><strong>Ha sido empleada durante siglos como un estimulador de la testosterona y un t\u00f3nico sexual, aumentando la fuerza, la vitalidad y el deseo sexual hasta niveles antes inimaginables.<\/strong><\/span><\/em><\/h5>\n","protected":false},"featured_media":5726,"comment_status":"closed","ping_status":"closed","template":"","meta":[],"product_cat":[208,398,429],"product_tag":[1085,1086,1087,1088,1089,1090,1091,1092,1093,1094,1095,1096,1097,1098],"class_list":{"0":"post-4924","1":"product","2":"type-product","3":"status-publish","4":"has-post-thumbnail","6":"product_cat-capsulas","7":"product_cat-laboratorios-medikem","8":"product_cat-potenciador-sexual","9":"product_tag-adenoma-benigno-de-prostata","10":"product_tag-hiperplasia-prostatica-benigna-hpb","11":"product_tag-indigestion-gastrica","12":"product_tag-manifestaciones-urinaria-asociadas-como-nocturia","13":"product_tag-mejoria-del-flujo-urinario","14":"product_tag-palma-enana-americana","15":"product_tag-planta-enana-americana","16":"product_tag-problemas-de-infertilidad","17":"product_tag-problemas-para-dormir","18":"product_tag-problemas-urinarios-y-reproductivos","19":"product_tag-prostatitis","20":"product_tag-reduccion-de-la-urgencia-miccional","21":"product_tag-saw-palmetto","22":"product_tag-tratar-la-tos","24":"first","25":"instock","26":"purchasable","27":"product-type-simple","28":"col-xs-6 col-sm-4","29":"col-md-3 col-lg-3","30":"un-4-cols"},"_links":{"self":[{"href":"https:\/\/myvitaminss.com\/index.php\/wp-json\/wp\/v2\/product\/4924","targetHints":{"allow":["GET"]}}],"collection":[{"href":"https:\/\/myvitaminss.com\/index.php\/wp-json\/wp\/v2\/product"}],"about":[{"href":"https:\/\/myvitaminss.com\/index.php\/wp-json\/wp\/v2\/types\/product"}],"replies":[{"embeddable":true,"href":"https:\/\/myvitaminss.com\/index.php\/wp-json\/wp\/v2\/comments?post=4924"}],"wp:featuredmedia":[{"embeddable":true,"href":"https:\/\/myvitaminss.com\/index.php\/wp-json\/wp\/v2\/media\/5726"}],"wp:attachment":[{"href":"https:\/\/myvitaminss.com\/index.php\/wp-json\/wp\/v2\/media?parent=4924"}],"wp:term":[{"taxonomy":"product_cat","embeddable":true,"href":"https:\/\/myvitaminss.com\/index.php\/wp-json\/wp\/v2\/product_cat?post=4924"},{"taxonomy":"product_tag","embeddable":true,"href":"https:\/\/myvitaminss.com\/index.php\/wp-json\/wp\/v2\/product_tag?post=4924"}],"curies":[{"name":"wp","href":"https:\/\/api.w.org\/{rel}","templated":true}]}}