{"id":4921,"date":"2021-04-20T21:22:43","date_gmt":"2021-04-21T03:22:43","guid":{"rendered":"https:\/\/myvitaminss.com\/?post_type=product&#038;p=4921"},"modified":"2022-04-26T12:14:13","modified_gmt":"2022-04-26T18:14:13","slug":"nordifenac-anti-reumatico-inyectable-3pack","status":"publish","type":"product","link":"https:\/\/myvitaminss.com\/index.php\/producto\/nordifenac-anti-reumatico-inyectable-3pack\/","title":{"rendered":"Nordifenac Anti Reumatico Inyectable 3Pack \ud83d\udc89\ud83e\udd74"},"content":{"rendered":"<address style=\"text-align: center;\">\u00a0<\/address>\n<address style=\"text-align: center;\"><em><strong><span style=\"color: #3366ff;\">Dosis y V\u00eda de Administraci\u00f3n:<\/span><\/strong><\/em><\/address>\n<address>\u00a0<\/address>\n<address style=\"text-align: center;\"><strong><span style=\"color: #000000;\"><em><strong><span style=\"color: #3366ff;\">Salvo prescripci\u00f3n\u00a0 m\u00e9dica se recomienda:<\/span><\/strong><\/em><\/span><\/strong><\/address>\n<address style=\"text-align: center;\"><strong><span style=\"color: #000000;\"><br \/>\n<\/span><\/strong><span style=\"color: #000000;\">Administrar una ampolla de <\/span><span style=\"color: #000000;\"><span style=\"color: #008080;\">Nordifenac<\/span> diaria.<\/span><\/address>\n<address style=\"text-align: center;\"><span style=\"color: #000000;\"> En casos <\/span><span style=\"color: #000000;\">severos administrar una ampolla de <span style=\"color: #008080;\">Nordifenac<\/span> cada<br \/>\n12 horas por no m\u00e1s de tres d\u00edas.<\/span><\/address>\n<address>\u00a0<\/address>\n<address style=\"text-align: center;\"><span style=\"color: #3366ff;\"><strong>RECOMENDACIONES:<\/strong><\/span><\/address>\n<address>\u00a0<\/address>\n<address style=\"text-align: center;\"><span style=\"color: #000000;\">Consulte a su m\u00e9dico antes de utilizar este producto en caso de embarazo, lactancia, pacientes que padecen de asma. No utilice este producto en caso de hipersensibilidad a alg\u00fan componente de la f\u00f3rmula u otro anti-inflamatorio no esteroideo.<\/span><\/address>\n","protected":false},"excerpt":{"rendered":"<h2 style=\"text-align: center;\"><strong><span style=\"color: #0000ff;\"><span style=\"color: #3366ff;\"><em>P<\/em><\/span><em><span style=\"color: #3366ff;\">RECIO TRIPACK (3 Inyecciones)<\/span><\/em><\/span><\/strong><\/h2>\n<address style=\"text-align: center;\"><em><span style=\"color: #3366ff;\"><strong>Indicaciones:<\/strong><\/span><\/em><\/address>\n<address>\u00a0<\/address>\n<address style=\"text-align: center;\"><span style=\"color: #000000;\"><strong>Todo tipo de inflamaci\u00f3n, reumatismo y dolor.<\/strong><\/span><\/address>\n<address style=\"text-align: center;\"><span style=\"color: #000000;\"><strong>Inflamaci\u00f3n de tendones, ligamentos y\/o articulaciones. <\/strong><\/span><\/address>\n<address style=\"text-align: center;\"><span style=\"color: #000000;\"><strong>Artritis.<\/strong><\/span><\/address>\n<address style=\"text-align: center;\"><span style=\"color: #000000;\"><strong>Cefaleas, migra\u00f1as. <\/strong><\/span><\/address>\n<address style=\"text-align: center;\"><span style=\"color: #000000;\"><strong>Dolores de columna vertebral.<\/strong><\/span><\/address>\n<address style=\"text-align: center;\"><span style=\"color: #000000;\"><strong>Inflamaci\u00f3n y dolor post-operatorio y traum\u00e1tico, cirug\u00eda dental u ortop\u00e9dica.<\/strong><\/span><\/address>\n<address style=\"text-align: center;\"><span style=\"color: #000000;\"><strong>Dismenorrea (dolor y\/o inflamaci\u00f3n del vientre \/ \u00fatero).<\/strong><\/span><\/address>\n<address style=\"text-align: center;\"><span style=\"color: #000000;\"><b style=\"color: #000000;\">Anexitis (<\/b><span style=\"color: #000000;\"><b>inflamaci\u00f3n<\/b><\/span><b style=\"color: #000000;\"> de los ovarios).<\/b><\/span><\/address>\n<address style=\"text-align: center;\"><span style=\"color: #000000;\"><b style=\"color: #000000;\">Tratamiento del dolor e inflamaci\u00f3n del tracto respiratorio en infecciones graves del o\u00eddo, <\/b><span style=\"color: #000000;\"><b>nariz<\/b><\/span><b style=\"color: #000000;\"> y garganta.<\/b><\/span><\/address>\n<address style=\"text-align: center;\"><span style=\"color: #000000;\"><b style=\"color: #000000;\">Cuadros e inflamaci\u00f3n de <\/b><span style=\"color: #000000;\"><b>origen<\/b><\/span><b style=\"color: #000000;\"> gotoso (ataque de gota).<\/b><\/span><\/address>\n","protected":false},"featured_media":5724,"comment_status":"closed","ping_status":"closed","template":"","meta":[],"product_cat":[444,145,341,441,135],"product_tag":[1065,458,1066,1067,1068,1069,1070,1071,1072,1073,1074,1075,1076],"class_list":{"0":"post-4921","1":"product","2":"type-product","3":"status-publish","4":"has-post-thumbnail","6":"product_cat-ampolla-intramuscular","7":"product_cat-artritis","8":"product_cat-artritis-artrosis-reuma","9":"product_cat-inyectables","10":"product_cat-laboratorios-vijosa","11":"product_tag-anexitis-lnflamacion-de-los-ovarios","12":"product_tag-cefaleas","13":"product_tag-cirugia-dental-u-ortopedica","14":"product_tag-dismenorrea-dolor-y-o-inflamacion-del-vientre-utero","15":"product_tag-dolor-e-inflamacion-del-tracto-respiratorio","16":"product_tag-dolores-de-columna-vertebral","17":"product_tag-inflamacion","18":"product_tag-inflamacion-de-ligamentos-y-o-articulaciones","19":"product_tag-inflamacion-de-origen-gotoso-ataque-de-gota","20":"product_tag-inflamacion-de-tendones","21":"product_tag-inflamacion-y-dolor-post-operatorio-y-traumatico","22":"product_tag-migranas","23":"product_tag-reumatismo-y-dolor","25":"first","26":"instock","27":"purchasable","28":"product-type-simple","29":"col-xs-6 col-sm-4","30":"col-md-3 col-lg-3","31":"un-4-cols"},"_links":{"self":[{"href":"https:\/\/myvitaminss.com\/index.php\/wp-json\/wp\/v2\/product\/4921","targetHints":{"allow":["GET"]}}],"collection":[{"href":"https:\/\/myvitaminss.com\/index.php\/wp-json\/wp\/v2\/product"}],"about":[{"href":"https:\/\/myvitaminss.com\/index.php\/wp-json\/wp\/v2\/types\/product"}],"replies":[{"embeddable":true,"href":"https:\/\/myvitaminss.com\/index.php\/wp-json\/wp\/v2\/comments?post=4921"}],"wp:featuredmedia":[{"embeddable":true,"href":"https:\/\/myvitaminss.com\/index.php\/wp-json\/wp\/v2\/media\/5724"}],"wp:attachment":[{"href":"https:\/\/myvitaminss.com\/index.php\/wp-json\/wp\/v2\/media?parent=4921"}],"wp:term":[{"taxonomy":"product_cat","embeddable":true,"href":"https:\/\/myvitaminss.com\/index.php\/wp-json\/wp\/v2\/product_cat?post=4921"},{"taxonomy":"product_tag","embeddable":true,"href":"https:\/\/myvitaminss.com\/index.php\/wp-json\/wp\/v2\/product_tag?post=4921"}],"curies":[{"name":"wp","href":"https:\/\/api.w.org\/{rel}","templated":true}]}}