{"id":4860,"date":"2021-04-20T21:22:11","date_gmt":"2021-04-21T03:22:11","guid":{"rendered":"https:\/\/myvitaminss.com\/?post_type=product&#038;p=4860"},"modified":"2022-03-01T13:53:15","modified_gmt":"2022-03-01T19:53:15","slug":"sin-dolor-con-vitaminas-neurotropasdiclofenac-bote","status":"publish","type":"product","link":"https:\/\/myvitaminss.com\/index.php\/producto\/sin-dolor-con-vitaminas-neurotropasdiclofenac-bote\/","title":{"rendered":"VITAMINAS NEUROTROPAS+DICLOFENAC BOTE"},"content":{"rendered":"<h3 style=\"text-align: center;\"><span style=\"color: #3366ff;\"><em><strong>DOSIS: <\/strong><\/em><\/span><\/h3>\n<h4 style=\"text-align: center;\"><span style=\"color: #000000;\">1 a 3 C\u00e1psulas al d\u00eda o seg\u00fan prescripci\u00f3n m\u00e9dica<\/span><em><br \/>\n<\/em><\/h4>\n","protected":false},"excerpt":{"rendered":"<div class=\"margin\" style=\"text-align: center;\"><span style=\"color: #3366ff;\"><strong><em>Bote contiene 100 C\u00e1psulas Blandas<\/em><br \/>\n<\/strong><\/span><\/div>\n<p style=\"text-align: center;\"><span style=\"color: #3366ff;\"><strong><em>VITAMINAS NEUROTROPAS + DICLOFENAC<br \/>\n<\/em><\/strong><\/span><\/p>\n<h4 style=\"text-align: center;\"><span style=\"color: #3366ff;\"><strong><em>Indicaciones:<\/em><\/strong><\/span><\/h4>\n<h4 style=\"text-align: center;\"><span style=\"color: #000000;\">Antiinflamatorio con acci\u00f3n analg\u00e9sica y anti neur\u00edtica. <\/span><\/h4>\n<h4 style=\"text-align: center;\"><span style=\"color: #000000;\">Lumbagos, cervialgias, branquialgias, neuropat\u00edas perif\u00e9ricas de diversas cito-patogenia; Neuralgias intercostales, Neuralgia herp\u00e9tica, Neuralgia alcoh\u00f3lica, neuropat\u00eda diab\u00e9tica. <\/span><\/h4>\n<h4 style=\"text-align: center;\"><span style=\"color: #000000;\">Procesos inflamatorios dolorosos, como degenerativos activados por inflamaci\u00f3n por ejemplo: artrosis, esp\u00f3ndilo artrosis, poliartritis anquilosante, ataque agudo de gota, reumatismo de los tejidos blandos y afecciones inflamatorias dolorosas no reum\u00e1ticas.<\/span><\/h4>\n<h4 style=\"text-align: center;\"><\/h4>\n","protected":false},"featured_media":5600,"comment_status":"closed","ping_status":"closed","template":"","meta":[],"product_cat":[145,146,148,138],"product_tag":[201,482,1034,1035,1036,1037,1038,380],"class_list":{"0":"post-4860","1":"product","2":"type-product","3":"status-publish","4":"has-post-thumbnail","6":"product_cat-artritis","7":"product_cat-capsulas-de-gelatina-blanda","8":"product_cat-medicamento-para-el-dolor","9":"product_cat-vitaminas-neurotropas","10":"product_tag-dolor-de-cabeza","11":"product_tag-dolor-por-reuma","12":"product_tag-neurotropas-con-vitaminas-amazon","13":"product_tag-neurotropas-con-vitaminas-bote","14":"product_tag-neurotropas-con-vitaminas-ebay","15":"product_tag-neurotropas-con-vitaminas-original-de-el-salvador","16":"product_tag-neurotropas-con-vitaminas-pomo","17":"product_tag-reuma","19":"first","20":"instock","21":"shipping-taxable","22":"purchasable","23":"product-type-simple","24":"col-xs-6 col-sm-4","25":"col-md-3 col-lg-3","26":"un-4-cols"},"_links":{"self":[{"href":"https:\/\/myvitaminss.com\/index.php\/wp-json\/wp\/v2\/product\/4860","targetHints":{"allow":["GET"]}}],"collection":[{"href":"https:\/\/myvitaminss.com\/index.php\/wp-json\/wp\/v2\/product"}],"about":[{"href":"https:\/\/myvitaminss.com\/index.php\/wp-json\/wp\/v2\/types\/product"}],"replies":[{"embeddable":true,"href":"https:\/\/myvitaminss.com\/index.php\/wp-json\/wp\/v2\/comments?post=4860"}],"wp:featuredmedia":[{"embeddable":true,"href":"https:\/\/myvitaminss.com\/index.php\/wp-json\/wp\/v2\/media\/5600"}],"wp:attachment":[{"href":"https:\/\/myvitaminss.com\/index.php\/wp-json\/wp\/v2\/media?parent=4860"}],"wp:term":[{"taxonomy":"product_cat","embeddable":true,"href":"https:\/\/myvitaminss.com\/index.php\/wp-json\/wp\/v2\/product_cat?post=4860"},{"taxonomy":"product_tag","embeddable":true,"href":"https:\/\/myvitaminss.com\/index.php\/wp-json\/wp\/v2\/product_tag?post=4860"}],"curies":[{"name":"wp","href":"https:\/\/api.w.org\/{rel}","templated":true}]}}