{"id":4858,"date":"2021-04-20T21:22:11","date_gmt":"2021-04-21T03:22:11","guid":{"rendered":"https:\/\/myvitaminss.com\/?post_type=product&#038;p=4858"},"modified":"2022-04-26T18:21:13","modified_gmt":"2022-04-27T00:21:13","slug":"ginkgo-biloba-80mg-capsulas-3pack","status":"publish","type":"product","link":"https:\/\/myvitaminss.com\/index.php\/producto\/ginkgo-biloba-80mg-capsulas-3pack\/","title":{"rendered":"Ginkgo Biloba 80mg C\u00e1psulas 3Pack"},"content":{"rendered":"<h3 style=\"text-align: center;\"><span style=\"color: #3366ff;\"><em><strong>DOSIS: <\/strong><\/em><\/span><\/h3>\n<h4 class=\"margin\" style=\"text-align: center;\"><span style=\"color: #000000;\"><strong>1 c\u00e1psula 2-3 veces al d\u00eda. <\/strong><\/span><\/h4>\n<h4 class=\"margin\" style=\"text-align: center;\"><span style=\"color: #000000;\"><strong>Si los s\u00edntomas persisten consulte a su m\u00e9dico.<\/strong><\/span><\/h4>\n<h4 style=\"text-align: center;\"><span style=\"color: #3366ff;\"><strong><em>CONTRAINDICACIONES:<\/em><\/strong><\/span><\/h4>\n<h4 style=\"text-align: center;\"><strong><span style=\"color: #000000;\">No debe utilizarse cuando las arterias presentan un alto grado de arterioesclerosis y\/o hayan perdido<\/span><\/strong><br \/>\n<strong><span style=\"color: #000000;\">su capacidad de respuesta. Debe usarse con precauci\u00f3n en pacientes con sangrado activo. No se<\/span><\/strong><br \/>\n<strong><span style=\"color: #000000;\">conoce ninguna interacci\u00f3n con otros medicamentos.<\/span><\/strong><\/h4>\n<h4 style=\"text-align: center;\"><em><span style=\"color: #000000;\"><strong><span style=\"color: #3366ff;\">ADVERTENCIAS Y PRECAUCIONES:<\/span> <\/strong><\/span><\/em><span style=\"color: #000000;\"><span style=\"color: #000000;\">El problema cl\u00ednico potencial m\u00e1s importante con el Ginkgo Biloba<\/span><\/span><br \/>\n<strong><span style=\"color: #000000;\">es causado por su inhibici\u00f3n del factor activador plaquetario; usar con precauci\u00f3n conjuntamente con<\/span><\/strong><br \/>\n<span style=\"color: #000000;\"><span style=\"color: #000000;\">Warfarina, \u00e1cido acetilsalic\u00edlico, u otros agentes anti plaquetarios\u00a0porque puede aumentar el riesgo de<\/span><\/span><br \/>\n<strong><span style=\"color: #000000;\">sangrado. <\/span><\/strong><\/h4>\n<h4 style=\"text-align: center;\"><span style=\"color: #3366ff;\"><em><span style=\"color: #3366ff;\">El Ginkgo Biloba debe ser descontinuado 36 horas antes de una cirug\u00eda.<\/span><\/em><\/span><\/h4>\n","protected":false},"excerpt":{"rendered":"<h4 class=\"margin\" style=\"text-align: center;\"><code><\/code><span style=\"color: #3366ff;\"><em><strong>Precio 3 Pack Incluye 3 cajas<\/strong><\/em><\/span><\/h4>\n<h4 class=\"margin\" style=\"text-align: center;\"><span style=\"color: #3366ff;\"><em><strong>Cada caja x 30 c\u00e1psulas<\/strong><\/em><\/span><\/h4>\n<h4 style=\"text-align: center;\"><span style=\"color: #3366ff;\"><em><strong>INDICACIONES:<\/strong><\/em><\/span><\/h4>\n<h4 style=\"text-align: center;\"><span style=\"color: #000000;\"><strong>GINKGO BILOBA 80 mg<\/strong><\/span><\/h4>\n<h4 style=\"text-align: center;\"><span style=\"color: #000000;\"><strong>PHARMA-NATURA<\/strong><\/span><\/h4>\n<h4 style=\"text-align: center;\"><span style=\"color: #3366ff;\"><strong><em>INDICACIONES: <\/em><\/strong><\/span><\/h4>\n<h4 style=\"text-align: center;\"><strong><span style=\"color: #000000;\">Indicado para pacientes con mala circulaci\u00f3n cerebral y perif\u00e9rica con manifestaciones<\/span><\/strong><br \/>\n<span style=\"color: #000000;\"><span style=\"color: #000000;\">de v\u00e9rtigos, tinn\u00edtus (zumbido de o\u00eddos) claudicaci\u00f3n Intermitente (calambres) mejora la concentraci\u00f3n<\/span><\/span><br \/>\n<strong><span style=\"color: #000000;\">cerebral. <\/span><\/strong><\/h4>\n<h4 style=\"text-align: center;\"><strong><span style=\"color: #000000;\">Tiene propiedades antioxidantes.<\/span><\/strong><\/h4>\n","protected":false},"featured_media":5738,"comment_status":"closed","ping_status":"closed","template":"","meta":{"_kad_post_transparent":"","_kad_post_title":"","_kad_post_layout":"","_kad_post_sidebar_id":"","_kad_post_content_style":"","_kad_post_vertical_padding":"","_kad_post_feature":"","_kad_post_feature_position":"","_kad_post_header":false,"_kad_post_footer":false,"_kad_post_classname":""},"product_brand":[],"product_cat":[208,398],"product_tag":[1018,1019,1020,1021,247,1022,1023,1024],"class_list":{"0":"post-4858","1":"product","2":"type-product","3":"status-publish","4":"has-post-thumbnail","6":"product_cat-capsulas","7":"product_cat-laboratorios-medikem","8":"product_tag-claudicacion-intermitente","9":"product_tag-concentracion-cerebral","10":"product_tag-ginkgo-biloba-80-mg","11":"product_tag-mala-circulacion-cerebral","12":"product_tag-mala-circulacion-periferica","13":"product_tag-propiedades-antioxidantes","14":"product_tag-tinnitus","15":"product_tag-vertigos","17":"first","18":"instock","19":"shipping-taxable","20":"purchasable","21":"product-type-simple","22":"entry","23":"content-bg","24":"loop-entry"},"_links":{"self":[{"href":"https:\/\/myvitaminss.com\/index.php\/wp-json\/wp\/v2\/product\/4858","targetHints":{"allow":["GET"]}}],"collection":[{"href":"https:\/\/myvitaminss.com\/index.php\/wp-json\/wp\/v2\/product"}],"about":[{"href":"https:\/\/myvitaminss.com\/index.php\/wp-json\/wp\/v2\/types\/product"}],"replies":[{"embeddable":true,"href":"https:\/\/myvitaminss.com\/index.php\/wp-json\/wp\/v2\/comments?post=4858"}],"wp:featuredmedia":[{"embeddable":true,"href":"https:\/\/myvitaminss.com\/index.php\/wp-json\/wp\/v2\/media\/5738"}],"wp:attachment":[{"href":"https:\/\/myvitaminss.com\/index.php\/wp-json\/wp\/v2\/media?parent=4858"}],"wp:term":[{"taxonomy":"product_brand","embeddable":true,"href":"https:\/\/myvitaminss.com\/index.php\/wp-json\/wp\/v2\/product_brand?post=4858"},{"taxonomy":"product_cat","embeddable":true,"href":"https:\/\/myvitaminss.com\/index.php\/wp-json\/wp\/v2\/product_cat?post=4858"},{"taxonomy":"product_tag","embeddable":true,"href":"https:\/\/myvitaminss.com\/index.php\/wp-json\/wp\/v2\/product_tag?post=4858"}],"curies":[{"name":"wp","href":"https:\/\/api.w.org\/{rel}","templated":true}]}}