{"id":4855,"date":"2021-04-20T21:22:10","date_gmt":"2021-04-21T03:22:10","guid":{"rendered":"https:\/\/myvitaminss.com\/?post_type=product&#038;p=4855"},"modified":"2022-04-26T18:42:05","modified_gmt":"2022-04-27T00:42:05","slug":"combate-el-dolor-con-dolo-nervi-doce-d-inyeccion-tripack","status":"publish","type":"product","link":"https:\/\/myvitaminss.com\/index.php\/producto\/combate-el-dolor-con-dolo-nervi-doce-d-inyeccion-tripack\/","title":{"rendered":"Combate el dolor con DOLO Nervi Doce &#8211; D Inyecci\u00f3n TRIPACK"},"content":{"rendered":"<address style=\"text-align: center;\">\u00a0<\/address>\n<address style=\"text-align: center;\">\u00a0<\/address>\n<address style=\"text-align: center;\">\n<address><em><strong><span style=\"color: #3366ff;\">PRESENTACION:<\/span><\/strong><\/em><\/address>\n<address><em><strong><span style=\"color: #3366ff;\">Caja con estuche de seguridad que contiene:<\/span><\/strong><\/em><\/address>\n<address>\u00a0<\/address>\n<address><strong><em><span style=\"color: #000000;\">Soluci\u00f3n inyectable (ampolla 1 ml + 2 ml) + jeringa descartable + almohadilla con alcohol.<\/span><\/em><\/strong><\/address>\n<\/address>\n<address style=\"text-align: center;\">\u00a0<\/address>\n<address style=\"text-align: center;\"><em><span style=\"color: #3366ff;\"><strong>DOSIS Y VIA DE ADMINISTRACION:<\/strong><\/span><\/em><\/address>\n<address>\u00a0<\/address>\n<address style=\"text-align: center;\"><span style=\"color: #000000;\"><b style=\"color: #000000;\">1. En caso de que la ampolla de 2ml presentara <\/b><span style=\"color: #000000;\"><b>part\u00edculas<\/b><\/span><b style=\"color: #000000;\"> cristalinas, se debe frotar con las manos para la eliminaci\u00f3n de \u00e9stas.<\/b><\/span><\/address>\n<address><img loading=\"lazy\" decoding=\"async\" class=\"aligncenter size-full wp-image-6139\" src=\"http:\/\/vitaminas.comprarenelsalvador.com\/wp-content\/uploads\/2017\/10\/Scan_Pic0046-2-copia.jpg\" alt=\"\" width=\"179\" height=\"143\" \/><\/address>\n<address style=\"text-align: center;\"><span style=\"color: #000000;\"><b>2. Combinar el contenido de ambas ampollas antes de su uso en una sola\u00a0 jeringa antes de su uso, \u00e9sta presentar\u00e1 una coloraci\u00f3n lechosa, misma que desaparece inmediatamente agitando la jeringa\u00a0 y administrar por via intramuscular.<\/b><\/span><\/address>\n<address><img loading=\"lazy\" decoding=\"async\" class=\"size-full wp-image-6140 aligncenter\" src=\"http:\/\/vitaminas.comprarenelsalvador.com\/wp-content\/uploads\/2017\/10\/Scan_Pic0046-3-copia.jpg\" alt=\"\" width=\"159\" height=\"180\" \/><\/address>\n<address style=\"text-align: center;\"><em><span style=\"color: #3366ff;\"><strong>Salvo prescripci\u00f3n m\u00e9dica, se recomienda:<\/strong><\/span><\/em><\/address>\n<address>\u00a0<\/address>\n<address style=\"text-align: center;\"><span style=\"color: #000000;\"><strong><span style=\"color: #3366ff;\"><em>Administrar:<\/em><\/span> 1 ampolla de <em><span style=\"color: #3366ff;\">Dolo Nervi Doce -D\u00a0<\/span><\/em> 1 vez al d\u00eda por 5 d\u00edas. Recomendaciones:<br \/>\n<\/strong><\/span><\/address>\n<address style=\"text-align: center;\"><span style=\"color: #000000;\"><b style=\"color: #000000;\">Consulte a su m\u00e9dico antes de utilizar \u00e9ste <\/b><span style=\"color: #000000;\"><b>producto<\/b><\/span><b style=\"color: #000000;\"> en caso de embarazo, lactancia, pacientes con problemas cardiacos, presi\u00f3n alta, insuficiencia renal, hepatopat\u00edas, \u00falceras g\u00e1stricas, pacientes tomando glucorticoides, \u00e1cido <\/b><span style=\"color: #000000;\"><b>acetilsalic\u00edlico<\/b><\/span><b style=\"color: #000000;\">. <\/b><\/span><\/address>\n<address style=\"text-align: center;\"><span style=\"color: #000000;\"><strong>En caso de hipersensibilidad a algunos componentes, suspenda su uso.<br \/>\n<\/strong><\/span><\/address>\n<address style=\"text-align: center;\">\u00a0<\/address>\n<address style=\"text-align: center;\">\u00a0<\/address>\n","protected":false},"excerpt":{"rendered":"<h2 style=\"text-align: center;\"><em><span style=\"color: #3366ff;\"><strong>PRECIO TRIPACK (3 Inyecciones)<\/strong><\/span><\/em><\/h2>\n<h4 style=\"text-align: center;\"><span style=\"color: #3366ff;\"><em><strong>INDICACIONES:<\/strong><\/em><\/span><\/h4>\n<ul>\n<li>\n<h4 style=\"text-align: center;\"><span style=\"color: #000000;\"><strong>Inflamaci\u00f3n y dolor por alteraciones en el sistema nervioso<\/strong><\/span><\/h4>\n<\/li>\n<li style=\"text-align: center;\">\n<h4><span style=\"color: #000000;\"><strong>Dolores articulares, r<\/strong><strong>eum\u00e1ticos, musculo esquel\u00e9ticos y postraum\u00e1ticos acompa\u00f1ados de inflamaci\u00f3n.<br \/>\n<\/strong><\/span><\/h4>\n<\/li>\n<li style=\"text-align: center;\">\n<h4><span style=\"color: #000000;\"><strong>Neuritis <\/strong><\/span><\/h4>\n<\/li>\n<li style=\"text-align: center;\">\n<h4><span style=\"color: #000000;\"><strong>Neuralgias<\/strong><\/span><\/h4>\n<\/li>\n<li style=\"text-align: center;\">\n<h4><span style=\"color: #000000;\">S\u00edndrome Cervical, Lumbago, Ci\u00e1tica.<\/span><\/h4>\n<\/li>\n<li style=\"text-align: center;\">\n<h4><span style=\"color: #000000;\"><strong>Par\u00e1lisis facial<\/strong><\/span><\/h4>\n<\/li>\n<li style=\"text-align: center;\">\n<h4><span style=\"color: #000000;\"><strong>Herpes zoster<\/strong><\/span><\/h4>\n<\/li>\n<li style=\"text-align: center;\">\n<h4><span style=\"color: #000000;\"><strong>Traumatismos diversos<\/strong><\/span><\/h4>\n<\/li>\n<li style=\"text-align: center;\">\n<h4><span style=\"color: #000000;\"><strong>Lesiones dolorosas de la columna vertebral<\/strong><\/span><\/h4>\n<\/li>\n<li style=\"text-align: center;\">\n<h4><span style=\"color: #000000;\">Ataque agudo de gota.<\/span><\/h4>\n<\/li>\n<li style=\"text-align: center;\">\n<h4><span style=\"color: #000000;\"><strong>Luxaciones, fracturas y esguinces<\/strong><\/span><\/h4>\n<\/li>\n<li>\n<h4 style=\"text-align: center;\"><span style=\"color: #000000;\"><strong>Dolores m\u00fasculo-nerviosos en hombros y brazos.<\/strong><\/span><\/h4>\n<\/li>\n<\/ul>\n","protected":false},"featured_media":5742,"comment_status":"closed","ping_status":"closed","template":"","meta":[],"product_brand":[],"product_cat":[145,441,135,149,138],"product_tag":[996,997,998,999,668,1000,1001,1002,1003],"class_list":{"0":"post-4855","1":"product","2":"type-product","3":"status-publish","4":"has-post-thumbnail","6":"product_cat-artritis","7":"product_cat-inyectables","8":"product_cat-laboratorios-vijosa","9":"product_cat-salud-y-belleza","10":"product_cat-vitaminas-neurotropas","11":"product_tag-dolo-nervidoce","12":"product_tag-dolo-nervidoce-amazon","13":"product_tag-dolo-nervidoce-d","14":"product_tag-dolo-nervidoce-ebay","15":"product_tag-dolo-nervidoce-inyeccion","16":"product_tag-dolo-nervidoce-inyeccion-formula","17":"product_tag-dolo-nervidoce-inyectable","18":"product_tag-dolo-nervidoce-inyectable-para-que-sirve","19":"product_tag-dolo-nervidoce-original-el-salvador","21":"first","22":"instock","23":"purchasable","24":"product-type-simple","25":"col-xs-6 col-sm-4","26":"col-md-3 col-lg-3","27":"un-4-cols"},"_links":{"self":[{"href":"https:\/\/myvitaminss.com\/index.php\/wp-json\/wp\/v2\/product\/4855","targetHints":{"allow":["GET"]}}],"collection":[{"href":"https:\/\/myvitaminss.com\/index.php\/wp-json\/wp\/v2\/product"}],"about":[{"href":"https:\/\/myvitaminss.com\/index.php\/wp-json\/wp\/v2\/types\/product"}],"replies":[{"embeddable":true,"href":"https:\/\/myvitaminss.com\/index.php\/wp-json\/wp\/v2\/comments?post=4855"}],"wp:featuredmedia":[{"embeddable":true,"href":"https:\/\/myvitaminss.com\/index.php\/wp-json\/wp\/v2\/media\/5742"}],"wp:attachment":[{"href":"https:\/\/myvitaminss.com\/index.php\/wp-json\/wp\/v2\/media?parent=4855"}],"wp:term":[{"taxonomy":"product_brand","embeddable":true,"href":"https:\/\/myvitaminss.com\/index.php\/wp-json\/wp\/v2\/product_brand?post=4855"},{"taxonomy":"product_cat","embeddable":true,"href":"https:\/\/myvitaminss.com\/index.php\/wp-json\/wp\/v2\/product_cat?post=4855"},{"taxonomy":"product_tag","embeddable":true,"href":"https:\/\/myvitaminss.com\/index.php\/wp-json\/wp\/v2\/product_tag?post=4855"}],"curies":[{"name":"wp","href":"https:\/\/api.w.org\/{rel}","templated":true}]}}