{"id":4853,"date":"2021-04-20T21:22:10","date_gmt":"2021-04-21T03:22:10","guid":{"rendered":"https:\/\/myvitaminss.com\/?post_type=product&#038;p=4853"},"modified":"2022-04-28T10:35:44","modified_gmt":"2022-04-28T16:35:44","slug":"pulmo-grip-balsamico-inyectable-tripack","status":"publish","type":"product","link":"https:\/\/myvitaminss.com\/index.php\/producto\/pulmo-grip-balsamico-inyectable-tripack\/","title":{"rendered":"Pulmo Grip Bals\u00e1mico Inyectable TRIPACK"},"content":{"rendered":"<address>\u00a0<\/address>\n<address style=\"text-align: center;\">\u00a0<em><strong><span style=\"color: #3366ff;\">Caja con estuche de seguridad, que contiene: ampolla \u00e1mbar por 1 ml, ampolla por 2ml,\u00a0 jeringa descartable y algod\u00f3n con alcohol.<\/span><\/strong><\/em><\/address>\n<address style=\"text-align: center;\">\u00a0<\/address>\n<address style=\"text-align: center;\">\u00a0<\/address>\n<address style=\"text-align: center;\"><em><span style=\"color: #3366ff;\"><strong>DOSIS Y VIA DE ADMINISTRACION: <\/strong><\/span><\/em><\/address>\n<address style=\"text-align: center;\"><strong><span style=\"color: #000000;\">\u00a0<\/span><\/strong><\/address>\n<address style=\"text-align: center;\"><span style=\"color: #000000;\"><strong>Combinar el contenido de ambas ampollas antes de su uso en una sola jeringa. <\/strong><\/span><\/address>\n<address style=\"text-align: center;\"><span style=\"color: #000000;\"><strong>Salvo prescripci\u00f3n\u00a0 m\u00e9dica, se recomienda:<\/strong><\/span><\/address>\n<address style=\"text-align: center;\"><span style=\"color: #000000;\"><strong>Adultos y ni\u00f1os mayores de 12 a\u00f1os:<\/strong><\/span><\/address>\n<address style=\"text-align: center;\"><span style=\"color: #000000;\"><strong style=\"color: #000000;\">Una administraci\u00f3n diaria por <\/strong><b style=\"color: #000000;\">v\u00eda intramuscular cada 24 horas por un periodo de 3 \u00f3 4 d\u00edas consecutivos. En casos severos, una <\/b><span style=\"color: #000000;\"><b>administraci\u00f3n<\/b><\/span><b style=\"color: #000000;\"> cada 12 horas por 3 \u00f3 d d\u00edas.<\/b><br \/>\n<\/span><\/address>\n<address>\u00a0<\/address>\n<address style=\"text-align: center;\">\u00a0<\/address>\n<address style=\"text-align: center;\">\u00a0<\/address>\n","protected":false},"excerpt":{"rendered":"<address style=\"text-align: center;\"><span style=\"color: #3366ff;\"><em><strong style=\"font-size: 1.5em;\">PRECIO TRIPACK (3 Inyecciones)<\/strong><\/em><\/span><\/address>\n<address style=\"text-align: center;\"><span style=\"color: #3366ff;\"><em><strong>Pulmo Grip Bals\u00e1mico Inyectable <\/strong><\/em><\/span><\/address>\n<h4 style=\"text-align: center;\"><span style=\"color: #3366ff;\"><em><strong>Dolor de Cabeza y Fiebre &#8211; Congesti\u00f3n y Flujo Nasal &#8211; Estornudo &#8211; Flema e Irritaci\u00f3n de Garganta<\/strong><\/em><\/span><\/h4>\n<address style=\"text-align: center;\"><span style=\"color: #000000;\"><b style=\"color: #000000;\">Contra estados gripales y catarrales, Infecciones virales del <\/b><span style=\"color: #000000;\"><b>tracto<\/b><\/span><b style=\"color: #000000;\"> respiratorio superior, Faringitis, Laringitis, <\/b><span style=\"color: #000000;\"><b>Traqueo bronquitis<\/b><\/span><b style=\"color: #000000;\">, Parotiditis. <\/b><\/span><\/address>\n<address style=\"text-align: center;\"><span style=\"color: #000000;\"><strong>Administrado en etapa de proceso infeccioso tiene efecto curativo. <\/strong><\/span><\/address>\n<address style=\"text-align: center;\"><span style=\"color: #000000;\"><strong>Aplicado cuando el proceso infeccioso est\u00e1 ya declarado reduce la duraci\u00f3n e intensidad de la sintomatolog\u00eda.<br \/>\n<\/strong><\/span><\/address>\n<address><span style=\"color: #000000;\">\u00a0\u00a0<\/span><\/address>\n<h4 style=\"text-align: center;\"><span style=\"color: #3366ff;\"><em><strong>Cada ampolla de 2ml contiene:<\/strong><\/em><\/span><\/h4>\n<address style=\"text-align: center;\"><span style=\"color: #000000;\"><strong><span style=\"color: #3366ff;\">Antiv\u00edrico:<\/span> Impide la penetraci\u00f3n de los virus del resfriado y gripe a las c\u00e9lulas sanas de las mucosas<\/strong><\/span><\/address>\n<address style=\"text-align: center;\"><span style=\"color: #000000;\"><strong><span style=\"color: #3366ff;\">Antihistam\u00ednico:<\/span>\u00a0Disminuye el flujo y secreci\u00f3n nasal-prurito (picaz\u00f3n), eritema facial (enrojecimiento), <\/strong><\/span><\/address>\n<address style=\"text-align: center;\">\n<address><span style=\"color: #000000;\"><b style=\"color: #000000;\"><em><span style=\"color: #3366ff;\">Expectorante:<\/span><\/em> Reduce la viscosidad y adherencia de la flema en las <\/b><span style=\"color: #000000;\"><b>v\u00edas<\/b><\/span><b style=\"color: #000000;\"> respiratorias facilitando su\u00a0<\/b><span style=\"color: #000000;\"><b>evacuaci\u00f3n estornudos y ojos llorosos<\/b><\/span><\/span><\/address>\n<p><span style=\"color: #000000;\"><strong><em><span style=\"color: #3366ff;\">Descongestionante nasal:<\/span><\/em>\u00a0Elimina la dificultad respiratoria a nivel de fosas nasales<\/strong><\/span><\/p>\n<h4><span style=\"color: #3366ff;\"><em><strong>Cada ampolla de 1ml contiene:<\/strong><\/em><\/span><\/h4>\n<p><span><em><span style=\"color: #3366ff;\"><b>Analg\u00e9sico-<\/b><span style=\"color: #000000;\"><b>Antipir\u00e9tico<\/b><\/span><\/span><\/em><b style=\"color: #000000;\"><em><span style=\"color: #3366ff;\">:<\/span><\/em> Reduce el dolor de cabeza el dolor de cuerpo y baja la fiebre<\/b><\/span><\/p>\n<\/address>\n","protected":false},"featured_media":5746,"comment_status":"closed","ping_status":"closed","template":"","meta":[],"product_cat":[444,566,441,135,281],"product_tag":[978,332,979,980,981,982,983,984,985,986,987],"class_list":{"0":"post-4853","1":"product","2":"type-product","3":"status-publish","4":"has-post-thumbnail","6":"product_cat-ampolla-intramuscular","7":"product_cat-gripe","8":"product_cat-inyectables","9":"product_cat-laboratorios-vijosa","10":"product_cat-para-el-dolor-y-fiebre","11":"product_tag-congestion-y-flujo-nasal","12":"product_tag-dolor-de-cabeza-y-fiebre","13":"product_tag-estados-gripales-y-catarrales","14":"product_tag-estornudo","15":"product_tag-faringitis","16":"product_tag-flema-e-irritacion-de-garganta","17":"product_tag-infecciones-virales-del-tractro-respiratorio-superior","18":"product_tag-laringitis","19":"product_tag-parotiditis","20":"product_tag-pulmo-grip-balsamico-inyectable","21":"product_tag-traqueobronquitis","23":"first","24":"instock","25":"purchasable","26":"product-type-simple","27":"col-xs-6 col-sm-4","28":"col-md-3 col-lg-3","29":"un-4-cols"},"_links":{"self":[{"href":"https:\/\/myvitaminss.com\/index.php\/wp-json\/wp\/v2\/product\/4853","targetHints":{"allow":["GET"]}}],"collection":[{"href":"https:\/\/myvitaminss.com\/index.php\/wp-json\/wp\/v2\/product"}],"about":[{"href":"https:\/\/myvitaminss.com\/index.php\/wp-json\/wp\/v2\/types\/product"}],"replies":[{"embeddable":true,"href":"https:\/\/myvitaminss.com\/index.php\/wp-json\/wp\/v2\/comments?post=4853"}],"wp:featuredmedia":[{"embeddable":true,"href":"https:\/\/myvitaminss.com\/index.php\/wp-json\/wp\/v2\/media\/5746"}],"wp:attachment":[{"href":"https:\/\/myvitaminss.com\/index.php\/wp-json\/wp\/v2\/media?parent=4853"}],"wp:term":[{"taxonomy":"product_cat","embeddable":true,"href":"https:\/\/myvitaminss.com\/index.php\/wp-json\/wp\/v2\/product_cat?post=4853"},{"taxonomy":"product_tag","embeddable":true,"href":"https:\/\/myvitaminss.com\/index.php\/wp-json\/wp\/v2\/product_tag?post=4853"}],"curies":[{"name":"wp","href":"https:\/\/api.w.org\/{rel}","templated":true}]}}