{"id":4851,"date":"2021-04-20T21:22:10","date_gmt":"2021-04-21T03:22:10","guid":{"rendered":"https:\/\/myvitaminss.com\/?post_type=product&#038;p=4851"},"modified":"2021-04-20T21:22:21","modified_gmt":"2021-04-21T03:22:21","slug":"hemobex-extracto-de-higado-vitamina-b12-vial-10ml-3pack-inyecciones","status":"publish","type":"product","link":"https:\/\/myvitaminss.com\/index.php\/producto\/hemobex-extracto-de-higado-vitamina-b12-vial-10ml-3pack-inyecciones\/","title":{"rendered":"HEMOBEX Extracto de Higado + Vitamina B12 Vial 10ml 3Pack (Inyecciones)"},"content":{"rendered":"<h4 style=\"text-align: center;\"><span style=\"color: #000000;\"><em><strong>Composici\u00f3n:<\/strong><\/em><\/span><\/h4>\n<h4 style=\"text-align: center;\"><span style=\"color: #000000;\"><em><strong>Cada Vial de 10ml contiene:<\/strong><\/em><\/span><\/h4>\n<p style=\"text-align: center;\"><em><strong>Extracto de H\u00edgado<\/strong><\/em><\/p>\n<p style=\"text-align: center;\"><span style=\"color: #000000;\"><em><strong>Vitamina B12<\/strong><\/em><\/span><\/p>\n<p style=\"text-align: center;\"><em><strong>Vitamina B3<\/strong><\/em><\/p>\n<p style=\"text-align: center;\"><em><strong>Citrato de Hierro Amoniacal<\/strong><\/em><\/p>\n<p style=\"text-align: center;\"><span style=\"color: #ff0000;\"><strong><em>Dosis:<\/em><\/strong><\/span><\/p>\n<p style=\"text-align: center;\"><span style=\"color: #ff0000;\"><strong><em>Salvo prescripci\u00f3n m\u00e9dica, Adultos y Ni\u00f1os mayores de 12 a\u00f1os:<\/em><\/strong><\/span><\/p>\n<p style=\"text-align: center;\"><span style=\"color: #ff0000;\"><strong><em>Administrar 2ml por 5 d\u00edas<\/em><\/strong><\/span><\/p>\n<p style=\"text-align: center;\"><span style=\"color: #ff0000;\"><strong><em>Via de administraci\u00f3n: Intramuscular<\/em><\/strong><\/span><\/p>\n<p>&nbsp;<\/p>\n<p>&nbsp;<\/p>\n","protected":false},"excerpt":{"rendered":"<p style=\"text-align: center;\"><span style=\"color: #993300;\"><strong>HEMOBEX Vial Inyectable 10ml<\/strong><\/span><\/p>\n<p style=\"text-align: center;\"><em><strong><span style=\"color: #ff0000;\">Precio 3 Pack (Incluye 3 Viales de 10ml cada uno)<\/span><\/strong><\/em><\/p>\n<p style=\"text-align: center;\"><span style=\"color: #0000ff;\"><em><strong>INDICACION:<\/strong><\/em><\/span><\/p>\n<h4 style=\"text-align: center;\"><span style=\"color: #800000;\"><em><strong>Tratamiento para todo tipo de Anemia:<\/strong><\/em><\/span><\/h4>\n<h4 style=\"text-align: center;\"><em><strong>Con deficiencias de hierro y problemas asociados, como fat\u00edga, decaimiento. El hierro es parte esencial de la hemoglobina de la sangre.<\/strong><\/em><\/h4>\n<h4 style=\"text-align: center;\"><span style=\"color: #800000;\"><em><strong>Estimula las Funciones del Cerebro y Sistema Nervioso:<\/strong><\/em><\/span><\/h4>\n<h4 style=\"text-align: center;\"><em><strong>Irritabilidad, Insomnio. Aumenta la agilidad mental.<\/strong><\/em><\/h4>\n<h4 style=\"text-align: center;\"><span style=\"color: #800000;\"><strong><em>Eficaz Energizante:<\/em><\/strong><\/span><\/h4>\n<h4 style=\"text-align: center;\"><strong><em>Fortifica el organismo en casos de estr\u00e9s f\u00edsico y mental.<\/em><\/strong><\/h4>\n<h4 style=\"text-align: center;\"><span style=\"color: #800000;\"><em><strong>Mantiene un Sistema Inmunol\u00f3gico Saludable<\/strong><\/em><\/span><\/h4>\n","protected":false},"featured_media":4870,"comment_status":"closed","ping_status":"closed","template":"","meta":[],"product_cat":[134,441,135,136,149,138],"product_tag":[964,965,966,967],"class_list":{"0":"post-4851","1":"product","2":"type-product","3":"status-publish","4":"has-post-thumbnail","6":"product_cat-control-de-estres","7":"product_cat-inyectables","8":"product_cat-laboratorios-vijosa","9":"product_cat-multivitaminas","10":"product_cat-salud-y-belleza","11":"product_cat-vitaminas-neurotropas","12":"product_tag-hemobex","13":"product_tag-hemobex-b12","14":"product_tag-hemobex-extracto-de-higado-b12","15":"product_tag-hemobex-extracto-de-higado-b12-para-que-sirve","17":"first","18":"outofstock","19":"shipping-taxable","20":"purchasable","21":"product-type-simple","22":"col-xs-6 col-sm-4","23":"col-md-3 col-lg-3","24":"un-4-cols"},"_links":{"self":[{"href":"https:\/\/myvitaminss.com\/index.php\/wp-json\/wp\/v2\/product\/4851","targetHints":{"allow":["GET"]}}],"collection":[{"href":"https:\/\/myvitaminss.com\/index.php\/wp-json\/wp\/v2\/product"}],"about":[{"href":"https:\/\/myvitaminss.com\/index.php\/wp-json\/wp\/v2\/types\/product"}],"replies":[{"embeddable":true,"href":"https:\/\/myvitaminss.com\/index.php\/wp-json\/wp\/v2\/comments?post=4851"}],"wp:featuredmedia":[{"embeddable":true,"href":"https:\/\/myvitaminss.com\/index.php\/wp-json\/wp\/v2\/media\/4870"}],"wp:attachment":[{"href":"https:\/\/myvitaminss.com\/index.php\/wp-json\/wp\/v2\/media?parent=4851"}],"wp:term":[{"taxonomy":"product_cat","embeddable":true,"href":"https:\/\/myvitaminss.com\/index.php\/wp-json\/wp\/v2\/product_cat?post=4851"},{"taxonomy":"product_tag","embeddable":true,"href":"https:\/\/myvitaminss.com\/index.php\/wp-json\/wp\/v2\/product_tag?post=4851"}],"curies":[{"name":"wp","href":"https:\/\/api.w.org\/{rel}","templated":true}]}}